{"id":2919,"date":"2021-03-25T14:13:34","date_gmt":"2021-03-25T06:13:34","guid":{"rendered":"https:\/\/avecobaggie.com\/?page_id=2919"},"modified":"2022-01-26T09:31:51","modified_gmt":"2022-01-26T01:31:51","slug":"terms-of-service","status":"publish","type":"page","link":"https:\/\/avecobaggie.com\/da\/terms-of-service\/","title":{"rendered":"Terms of Service"},"content":{"rendered":"<div data-elementor-type=\"wp-page\" data-elementor-id=\"2919\" class=\"elementor elementor-2919\" data-elementor-post-type=\"page\">\n\t\t\t\t\t\t<section class=\"elementor-section elementor-top-section elementor-element elementor-element-dbb61f0 elementor-section-boxed elementor-section-height-default elementor-section-height-default\" data-id=\"dbb61f0\" data-element_type=\"section\">\n\t\t\t\t\t\t<div class=\"elementor-container elementor-column-gap-default\">\n\t\t\t\t\t<div class=\"elementor-column elementor-col-100 elementor-top-column elementor-element elementor-element-28acde3\" data-id=\"28acde3\" data-element_type=\"column\">\n\t\t\t<div class=\"elementor-widget-wrap elementor-element-populated\">\n\t\t\t\t\t\t<div class=\"elementor-element elementor-element-09b42ff elementor-widget elementor-widget-heading\" data-id=\"09b42ff\" data-element_type=\"widget\" data-widget_type=\"heading.default\">\n\t\t\t\t<div class=\"elementor-widget-container\">\n\t\t\t\t\t<h1 class=\"elementor-heading-title elementor-size-default\">Vilk\u00e5r for service<\/h1>\t\t\t\t<\/div>\n\t\t\t\t<\/div>\n\t\t\t\t\t<\/div>\n\t\t<\/div>\n\t\t\t\t\t<\/div>\n\t\t<\/section>\n\t\t\t\t<section class=\"elementor-section elementor-top-section elementor-element elementor-element-a493d90 elementor-section-boxed elementor-section-height-default elementor-section-height-default\" data-id=\"a493d90\" data-element_type=\"section\">\n\t\t\t\t\t\t<div class=\"elementor-container elementor-column-gap-default\">\n\t\t\t\t\t<div class=\"elementor-column elementor-col-100 elementor-top-column elementor-element elementor-element-0bdda54\" data-id=\"0bdda54\" data-element_type=\"column\">\n\t\t\t<div class=\"elementor-widget-wrap elementor-element-populated\">\n\t\t\t\t\t\t<div class=\"elementor-element elementor-element-c8579ac elementor-widget elementor-widget-text-editor\" data-id=\"c8579ac\" data-element_type=\"widget\" data-widget_type=\"text-editor.default\">\n\t\t\t\t<div class=\"elementor-widget-container\">\n\t\t\t\t\t\t\t\t\t<h3>1. Betingelser<\/h3><p>Ved at g\u00e5 ind p\u00e5 hjemmesiden p\u00e5\u00a0<a href=\"https:\/\/avecobaggie.com\/da\/\">https:\/\/avecobaggie.com\/<\/a>accepterer du at v\u00e6re bundet af disse servicevilk\u00e5r, alle g\u00e6ldende love og regler og accepterer, at du er ansvarlig for at overholde alle g\u00e6ldende lokale love. Hvis du ikke er enig i nogen af disse vilk\u00e5r, er det forbudt at bruge eller f\u00e5 adgang til dette websted. Materialerne p\u00e5 dette websted er beskyttet af g\u00e6ldende lov om ophavsret og varem\u00e6rker.<\/p><h3>2. Brug licens<\/h3><ol type=\"a\"><li>Der gives tilladelse til midlertidigt at downloade en kopi af materialerne (information eller software) p\u00e5 Avecobaggies websted til personlig, ikke-kommerciel, midlertidig visning. Dette er tildelingen af en licens, ikke en overf\u00f8rsel af titel, og under denne licens m\u00e5 du ikke:<ol type=\"i\"><li>\u00e6ndre eller kopiere materialet;<\/li><li>bruge materialet til kommercielle form\u00e5l eller til offentlig fremvisning (kommerciel eller ikke-kommerciel);<\/li><li>fors\u00f8ge at dekompilere eller foretage reverse engineering af software indeholdt p\u00e5 Avecobaggies hjemmeside;<\/li><li>fjerne enhver ophavsretlig eller anden ejendomsretlig anm\u00e6rkning fra materialet; eller<\/li><li>overf\u00f8re materialet til en anden person eller \"spejle\" materialet p\u00e5 en anden server.<\/li><\/ol><\/li><li>Denne licens oph\u00f8rer automatisk, hvis du overtr\u00e6der nogen af disse begr\u00e6nsninger og kan opsiges af Avecobaggie til enhver tid. N\u00e5r du oph\u00f8rer med at se disse materialer, eller n\u00e5r denne licens oph\u00f8rer, skal du destruere alt downloadet materiale i din besiddelse, uanset om det er i elektronisk eller trykt format.<\/li><\/ol><h3>3. Ansvarsfraskrivelse<\/h3><ol type=\"a\"><li>Materialet p\u00e5 Avecobaggies hjemmeside leveres, som det er og forefindes. Avecobaggie giver ingen garantier, hverken udtrykkelige eller underforst\u00e5ede, og fraskriver sig hermed alle andre garantier, herunder, uden begr\u00e6nsning, underforst\u00e5ede garantier eller betingelser for salgbarhed, egnethed til et bestemt form\u00e5l eller ikke-kr\u00e6nkelse af intellektuel ejendom eller andre kr\u00e6nkelser af rettigheder.<\/li><li>Endvidere garanterer Avecobaggie ikke eller frems\u00e6tter nogen erkl\u00e6ringer om n\u00f8jagtigheden, de sandsynlige resultater eller p\u00e5lideligheden af brugen af materialerne p\u00e5 sit websted eller p\u00e5 anden m\u00e5de i forbindelse med s\u00e5danne materialer eller p\u00e5 websteder, der er knyttet til dette websted.<\/li><\/ol><h3>4. Begr\u00e6nsninger<\/h3><p>Avecobaggie eller dets leverand\u00f8rer er under ingen omst\u00e6ndigheder ansvarlige for skader (herunder, uden begr\u00e6nsning, skader for tab af data eller fortjeneste eller p\u00e5 grund af forretningsafbrydelse), der opst\u00e5r som f\u00f8lge af brugen af eller manglende evne til at bruge materialerne p\u00e5 Avecobaggies websted, selv om Avecobaggie eller en autoriseret repr\u00e6sentant for Avecobaggie er blevet underrettet mundtligt eller skriftligt om muligheden for en s\u00e5dan skade. Da nogle jurisdiktioner ikke tillader begr\u00e6nsninger af underforst\u00e5ede garantier eller begr\u00e6nsninger af ansvar for f\u00f8lgeskader eller tilf\u00e6ldige skader, g\u00e6lder disse begr\u00e6nsninger muligvis ikke for dig.<\/p><h3>5. N\u00f8jagtighed af materialer<\/h3><p>Materialet p\u00e5 Avecobaggies hjemmeside kan indeholde tekniske, typografiske eller fotografiske fejl. Avecobaggie garanterer ikke, at noget af materialet p\u00e5 hjemmesiden er n\u00f8jagtigt, komplet eller aktuelt. Avecobaggie kan foretage \u00e6ndringer i materialet p\u00e5 sin hjemmeside til enhver tid uden varsel. Avecobaggie forpligter sig dog ikke til at opdatere materialet.<\/p><h3>6. Links<\/h3><p>Avecobaggie har ikke gennemg\u00e5et alle de websteder, der er knyttet til dets websted, og er ikke ansvarlig for indholdet af s\u00e5danne linkede websteder. Inkluderingen af et link betyder ikke, at Avecobaggie har godkendt siden. Brug af s\u00e5danne linkede hjemmesider sker p\u00e5 brugerens egen risiko.<\/p><h3>7. \u00c6ndringer<\/h3><p>Avecobaggie kan til enhver tid revidere disse servicevilk\u00e5r for sin hjemmeside uden varsel. Ved at bruge dette websted accepterer du at v\u00e6re bundet af den til enhver tid g\u00e6ldende version af disse servicevilk\u00e5r.<\/p><h3>8. G\u00e6ldende lov<\/h3><p>Disse vilk\u00e5r og betingelser er underlagt og fortolkes i overensstemmelse med lovgivningen i Kina, og du underkaster dig uigenkaldeligt den eksklusive jurisdiktion for domstolene i denne stat eller p\u00e5 dette sted.<\/p>\t\t\t\t\t\t\t\t<\/div>\n\t\t\t\t<\/div>\n\t\t\t\t\t<\/div>\n\t\t<\/div>\n\t\t\t\t\t<\/div>\n\t\t<\/section>\n\t\t\t\t<\/div>","protected":false},"excerpt":{"rendered":"<p>Terms Of Sevice 1. Terms By accessing the website at&nbsp;https:\/\/avecobaggie.com\/, you are agreeing to be bound by these terms of service, all applicable laws and regulations, and agree that you are responsible for compliance with any applicable local laws. If you do not agree with any of these terms, you are prohibited from using or [&hellip;]<\/p>","protected":false},"author":1,"featured_media":0,"parent":0,"menu_order":0,"comment_status":"closed","ping_status":"closed","template":"","meta":{"_seopress_robots_primary_cat":"","_seopress_titles_title":"Avecobaggie - Terms Of Service","_seopress_titles_desc":"Terms of Service listed all the service we can provide you by the law.To provide you with protection","_seopress_robots_index":"","footnotes":""},"class_list":["post-2919","page","type-page","status-publish","hentry"],"_links":{"self":[{"href":"https:\/\/avecobaggie.com\/da\/wp-json\/wp\/v2\/pages\/2919","targetHints":{"allow":["GET"]}}],"collection":[{"href":"https:\/\/avecobaggie.com\/da\/wp-json\/wp\/v2\/pages"}],"about":[{"href":"https:\/\/avecobaggie.com\/da\/wp-json\/wp\/v2\/types\/page"}],"author":[{"embeddable":true,"href":"https:\/\/avecobaggie.com\/da\/wp-json\/wp\/v2\/users\/1"}],"replies":[{"embeddable":true,"href":"https:\/\/avecobaggie.com\/da\/wp-json\/wp\/v2\/comments?post=2919"}],"version-history":[{"count":5,"href":"https:\/\/avecobaggie.com\/da\/wp-json\/wp\/v2\/pages\/2919\/revisions"}],"predecessor-version":[{"id":5518,"href":"https:\/\/avecobaggie.com\/da\/wp-json\/wp\/v2\/pages\/2919\/revisions\/5518"}],"wp:attachment":[{"href":"https:\/\/avecobaggie.com\/da\/wp-json\/wp\/v2\/media?parent=2919"}],"curies":[{"name":"wp","href":"https:\/\/api.w.org\/{rel}","templated":true}]}}