{"id":3,"date":"2021-01-21T02:27:21","date_gmt":"2021-01-20T18:27:21","guid":{"rendered":"https:\/\/avecobaggie.com\/?page_id=3"},"modified":"2021-03-22T14:28:19","modified_gmt":"2021-03-22T06:28:19","slug":"privacy-policy","status":"publish","type":"page","link":"https:\/\/avecobaggie.com\/da\/privacy-policy\/","title":{"rendered":"Politik for beskyttelse af personlige oplysninger"},"content":{"rendered":"<div data-elementor-type=\"wp-page\" data-elementor-id=\"3\" class=\"elementor elementor-3\" data-elementor-post-type=\"page\">\n\t\t\t\t\t\t<section class=\"elementor-section elementor-top-section elementor-element elementor-element-6ba50808 elementor-section-boxed elementor-section-height-default elementor-section-height-default\" data-id=\"6ba50808\" data-element_type=\"section\">\n\t\t\t\t\t\t<div class=\"elementor-container elementor-column-gap-default\">\n\t\t\t\t\t<div class=\"elementor-column elementor-col-100 elementor-top-column elementor-element elementor-element-606b6e94\" data-id=\"606b6e94\" data-element_type=\"column\">\n\t\t\t<div class=\"elementor-widget-wrap elementor-element-populated\">\n\t\t\t\t\t\t<div class=\"elementor-element elementor-element-66e639b5 elementor-widget elementor-widget-text-editor\" data-id=\"66e639b5\" data-element_type=\"widget\" data-widget_type=\"text-editor.default\">\n\t\t\t\t<div class=\"elementor-widget-container\">\n\t\t\t\t\t\t\t\t\t\n<h1 id=\"headline-9-3\" class=\"ct-headline wp-block-heading\" style=\"text-align: center;\"><span id=\"span-10-3\" class=\"ct-span\">Avecobaggie Fortrolighedserkl\u00e6ring<\/span><\/h1>\n<p>\u00a0<\/p>\n<p>Dit privatliv er vigtigt for os. Det er AVECOBAGGIE's politik at respektere dit privatliv vedr\u00f8rende alle oplysninger, vi m\u00e5tte indsamle fra dig p\u00e5 tv\u00e6rs af vores websted, <a href=\"https:\/\/avecobaggie.com\/da\/\">https:\/\/avecobaggie.com<\/a>og andre websteder, som vi ejer og driver.<\/p>\n<p>Vi beder kun om personlige oplysninger, n\u00e5r vi virkelig har brug for dem til at levere en service til dig. Vi indsamler dem p\u00e5 en fair og lovlig m\u00e5de med din viden og dit samtykke. Vi fort\u00e6ller dig ogs\u00e5, hvorfor vi indsamler dem, og hvordan de vil blive brugt.<\/p>\n<p>Vi opbevarer kun indsamlede oplysninger, s\u00e5 l\u00e6nge det er n\u00f8dvendigt for at give dig den \u00f8nskede service. De data, vi gemmer, beskytter vi med kommercielt acceptable midler for at forhindre tab og tyveri samt uautoriseret adgang, videregivelse, kopiering, brug eller \u00e6ndring.<\/p>\n<p>Vi deler ikke personligt identificerbare oplysninger offentligt eller med tredjeparter, undtagen n\u00e5r loven kr\u00e6ver det.<\/p>\n<p>Vores websted kan linke til eksterne websteder, der ikke drives af os. V\u00e6r opm\u00e6rksom p\u00e5, at vi ikke har nogen kontrol over indholdet og praksis p\u00e5 disse websteder og ikke kan p\u00e5tage os ansvar for deres respektive privatlivspolitikker.<\/p>\n<p>Det st\u00e5r dig frit for at afvise vores anmodning om dine personlige oplysninger med den forst\u00e5else, at vi m\u00e5ske ikke kan give dig nogle af dine \u00f8nskede tjenester.<\/p>\n<p>Din fortsatte brug af vores hjemmeside vil blive betragtet som en accept af vores praksis omkring privatliv og personlige oplysninger. Hvis du har sp\u00f8rgsm\u00e5l om, hvordan vi h\u00e5ndterer brugerdata og personlige oplysninger, er du velkommen til at kontakte os.<\/p>\n<p>Denne politik tr\u00e6der i kraft den 22. januar 2021.<\/p>\n\n<h3>\u00a0<\/h3>\n\t\t\t\t\t\t\t\t<\/div>\n\t\t\t\t<\/div>\n\t\t\t\t\t<\/div>\n\t\t<\/div>\n\t\t\t\t\t<\/div>\n\t\t<\/section>\n\t\t\t\t<\/div>","protected":false},"excerpt":{"rendered":"<p>Avecobaggie Privacy Notice \u00a0 Your privacy is important to us. It is AVECOBAGGIE&#8217;s policy to respect your privacy regarding any information we may collect from you across our website, https:\/\/avecobaggie.com, and other sites we own and operate. We only ask for personal information when we truly need it to provide a service to you. We [&hellip;]<\/p>","protected":false},"author":1,"featured_media":0,"parent":0,"menu_order":0,"comment_status":"closed","ping_status":"closed","template":"","meta":{"_seopress_robots_primary_cat":"","_seopress_titles_title":"Avecobaggie-Privacy","_seopress_titles_desc":"Your privacy is more important to us .It is avecobaggie&#039;s policy to respect your privacy regarding any information we collect from you from our website","_seopress_robots_index":"","footnotes":""},"class_list":["post-3","page","type-page","status-publish","hentry"],"_links":{"self":[{"href":"https:\/\/avecobaggie.com\/da\/wp-json\/wp\/v2\/pages\/3","targetHints":{"allow":["GET"]}}],"collection":[{"href":"https:\/\/avecobaggie.com\/da\/wp-json\/wp\/v2\/pages"}],"about":[{"href":"https:\/\/avecobaggie.com\/da\/wp-json\/wp\/v2\/types\/page"}],"author":[{"embeddable":true,"href":"https:\/\/avecobaggie.com\/da\/wp-json\/wp\/v2\/users\/1"}],"replies":[{"embeddable":true,"href":"https:\/\/avecobaggie.com\/da\/wp-json\/wp\/v2\/comments?post=3"}],"version-history":[{"count":5,"href":"https:\/\/avecobaggie.com\/da\/wp-json\/wp\/v2\/pages\/3\/revisions"}],"predecessor-version":[{"id":2792,"href":"https:\/\/avecobaggie.com\/da\/wp-json\/wp\/v2\/pages\/3\/revisions\/2792"}],"wp:attachment":[{"href":"https:\/\/avecobaggie.com\/da\/wp-json\/wp\/v2\/media?parent=3"}],"curies":[{"name":"wp","href":"https:\/\/api.w.org\/{rel}","templated":true}]}}