{"id":10027,"date":"2025-04-27T16:21:15","date_gmt":"2025-04-27T08:21:15","guid":{"rendered":"https:\/\/avecobaggie.com\/?post_type=product&#038;p=10027"},"modified":"2025-04-28T11:23:04","modified_gmt":"2025-04-28T03:23:04","slug":"premium-16oz-white-canvas-tote-bag-with-adjustable-strap","status":"publish","type":"product","link":"https:\/\/avecobaggie.com\/da\/product\/premium-16oz-white-canvas-tote-bag-with-adjustable-strap\/","title":{"rendered":"Premium 16oz White Canvas Tote Bag with Adjustable Strap"},"content":{"rendered":"<h2 class=\"wp-block-heading has-text-align-center\">Produktfunktioner<\/h2>\n\n\n\n<p><strong>Premium 16oz White Canvas Tote Bag<\/strong> designed specifically for brand owners, wholesalers, and custom buyers. Here are the main features of the product:<\/p>\n\n\n\n<ul class=\"wp-block-list\">\n<li><strong>Extra-thick 16oz canvas material<\/strong> that is durable and strong, ensuring long-term use.<\/li>\n\n\n\n<li><strong>Adjustable long strap<\/strong> for a comfortable carrying experience, suitable for various needs.<\/li>\n\n\n\n<li><strong>Embossed leather logo<\/strong> for a premium brand appearance, enhancing product quality perception.<\/li>\n\n\n\n<li><strong>Inner pocket with zipper<\/strong>, providing extra storage space and ensuring the security of your items.<\/li>\n\n\n\n<li><strong>Large capacity design<\/strong> with dimensions of 40X37X10CM, perfect for daily use or promotional purposes.<\/li>\n\n\n\n<li><strong>No side bottom structure<\/strong> for better stability, allowing you to carry heavier items with ease.<\/li>\n<\/ul>\n\n\n\n<p>This canvas tote bag is not only ideal for everyday shopping but also a top choice for brand customization and promotional gifts. Its simple yet functional design helps elevate your brand image and attract potential customers.<\/p>\n\n\n\n<p><strong><a href=\"https:\/\/avecobaggie.com\/da\/custom-cotton-canvas-bag-manufacturer\/\" data-type=\"page\" data-id=\"8641\">Tilpasningsmuligheder<\/a><\/strong>: Even if you&#8217;re currently focused on this white canvas tote, we offer customization for other styles and designs. Whether it&#8217;s different colors, sizes, materials, or specific features, we can provide tailor-made eco-bag solutions to meet your unique needs.<\/p>\n\n\n\n<p class=\"has-text-align-center\"><a href=\"https:\/\/avecobaggie.com\/da\/whats-the-difference-between-cotton-bag-or-canvas-bag\/\">Bomuld mod l\u00e6rred<\/a><\/p>\n\n\n\n<figure class=\"wp-block-table\"><table class=\"has-fixed-layout\"><tbody><tr><td><strong><\/strong><\/td><td><strong>Bomuld<\/strong><strong><\/strong><\/td><td><strong>L\u00e6rred<\/strong><strong><\/strong><\/td><\/tr><tr><td><strong>Materiale<\/strong><strong><\/strong><\/td><td>normalt 100% bomuld<\/td><td>normalt 35%bomuld eller hamp, 65%polyester (kan ogs\u00e5 v\u00e6re 100%bomuld)<\/td><\/tr><tr><td><strong>V\u00e6vning af garn<\/strong><strong><\/strong><\/td><td>Enkelt k\u00e6de- og skudgarn<\/td><td>Mere end 2 k\u00e6de- og skudgarn, ser tykkere ud<\/td><\/tr><tr><td><strong>V\u00e6vemetode<\/strong><strong><\/strong><\/td><td>Almindelig eller twill-v\u00e6vning<\/td><td>For det meste ensfarvet v\u00e6vning<\/td><\/tr><tr><td><strong>Tekstur af stof<\/strong><strong><\/strong><\/td><td>sm\u00e5 pletter p\u00e5 overfladen, som faktisk er de naturlige fr\u00f8<\/td><td>Ingen pletter, grovere end bomuld<\/td><\/tr><tr><td><strong>V\u00e6gt:<\/strong><strong><\/strong><\/td><td>kan voksbehandles for at v\u00e6re vandt\u00e6t, kan halvbleges eller helbleges<\/td><td>over 8 oz, for samme tykkelse er l\u00e6rredet billigere, kan ogs\u00e5 laste mere v\u00e6gt<\/td><\/tr><tr><td>Fra tynd 4 oz til tyk 16 oz, letv\u00e6gt, v\u00e6lg hellere bomuld<\/td><td>Mere b\u00e6redygtig og 100% bionedbrydelig<\/td><td>B\u00e6redygtig, men ikke fuldt biologisk nedbrydelig<\/td><\/tr><tr><td><strong>Vandt\u00e6t<\/strong><strong><\/strong><\/td><td>Ikke vandt\u00e6t, hvis ikke lamineret \uff0c kan v\u00e6re halvbleget eller helt bleget<\/td><td>Over 8 oz, for samme tykkelse, er l\u00e6rredet billigere, kan ogs\u00e5 laste mere v\u00e6gt<\/td><\/tr><tr><td><strong>\u00c5ndbarhed<\/strong><strong><\/strong><\/td><td>Bl\u00f8d og fremragende \u00e5ndbarhed<\/td><td>tyk og mindre ventileret, velegnet til stereotype tasker<\/td><\/tr><tr><td><strong>Printbarhed<\/strong><strong><\/strong><\/td><td>til varmeoverf\u00f8rselstryk ikke s\u00e5 god som l\u00e6rredet<\/td><td>N\u00e6sten venlig over for alle trykmetoder, designet vil fremst\u00e5 smukt<\/td><\/tr><tr><td><strong>Pleje af vask<\/strong><strong><\/strong><\/td><td>vil krympe fra 2% til 5% efter vask.<\/td><td>Krymper mindre end 100%. Bomuld<\/td><\/tr><tr><td><strong>Holdbarhed<\/strong><strong><\/strong><\/td><td>let at rynke og deformere, let at klistre h\u00e5r p\u00e5<\/td><td>Let at blive beskidt og deformere,<\/td><\/tr><tr><td><strong>Anvendelse:<\/strong><strong><\/strong><\/td><td>sm\u00e5 bomuldsposer med l\u00f8begang, poser til produkter, poser til f\u00f8devareemballage, lette bomuldstasker osv.<\/td><td>indk\u00f8bstaske, dagligvaretaske, heavy-duty ba, l\u00e6rredstaske, sportstaske, daglig taske osv.<\/td><\/tr><\/tbody><\/table><\/figure>","protected":false},"excerpt":{"rendered":"<p><strong>16oz Canvas | Adjustable Strap | Zip Closure | Custom Branding<\/strong><\/p>","protected":false},"featured_media":10033,"comment_status":"open","ping_status":"closed","template":"","meta":{"_seopress_robots_primary_cat":"none","_seopress_titles_title":"Custom 16oz Cotton Canvas Tote Bag for Bulk Orders \u2013 OEM\/ODM Branding Solutions","_seopress_titles_desc":"Heavy-duty 16oz cotton canvas tote bag with detachable strap, secure zip closure, and custom branding. Ideal for corporate gifts, retail, & promotions. Low MOQs & fast delivery.","_seopress_robots_index":""},"product_brand":[185],"product_cat":[188,29],"product_tag":[122],"class_list":{"0":"post-10027","1":"product","2":"type-product","3":"status-publish","4":"has-post-thumbnail","6":"product_brand-avecobaggie","7":"product_cat-custom-canvas-bag","8":"product_cat-tote-bag","9":"product_tag-canvas-bag","11":"first","12":"instock","13":"taxable","14":"shipping-taxable","15":"product-type-simple"},"_links":{"self":[{"href":"https:\/\/avecobaggie.com\/da\/wp-json\/wp\/v2\/product\/10027","targetHints":{"allow":["GET"]}}],"collection":[{"href":"https:\/\/avecobaggie.com\/da\/wp-json\/wp\/v2\/product"}],"about":[{"href":"https:\/\/avecobaggie.com\/da\/wp-json\/wp\/v2\/types\/product"}],"replies":[{"embeddable":true,"href":"https:\/\/avecobaggie.com\/da\/wp-json\/wp\/v2\/comments?post=10027"}],"wp:featuredmedia":[{"embeddable":true,"href":"https:\/\/avecobaggie.com\/da\/wp-json\/wp\/v2\/media\/10033"}],"wp:attachment":[{"href":"https:\/\/avecobaggie.com\/da\/wp-json\/wp\/v2\/media?parent=10027"}],"wp:term":[{"taxonomy":"product_brand","embeddable":true,"href":"https:\/\/avecobaggie.com\/da\/wp-json\/wp\/v2\/product_brand?post=10027"},{"taxonomy":"product_cat","embeddable":true,"href":"https:\/\/avecobaggie.com\/da\/wp-json\/wp\/v2\/product_cat?post=10027"},{"taxonomy":"product_tag","embeddable":true,"href":"https:\/\/avecobaggie.com\/da\/wp-json\/wp\/v2\/product_tag?post=10027"}],"curies":[{"name":"wp","href":"https:\/\/api.w.org\/{rel}","templated":true}]}}