{"id":10043,"date":"2025-04-28T11:24:10","date_gmt":"2025-04-28T03:24:10","guid":{"rendered":"https:\/\/avecobaggie.com\/?post_type=product&#038;p=10043"},"modified":"2025-05-10T15:05:14","modified_gmt":"2025-05-10T07:05:14","slug":"premium-16oz-monogram-canvas-tote-bag-with-extended-handles","status":"publish","type":"product","link":"https:\/\/avecobaggie.com\/da\/product\/premium-16oz-monogram-canvas-tote-bag-with-extended-handles\/","title":{"rendered":"Premium 16oz Monogram Canvas Tote Bag with Extended Handles"},"content":{"rendered":"<h2 class=\"wp-block-heading has-text-align-center\">Produktfunktioner<\/h2>\n\n\n\n<p> <strong>Premium 16oz Canvas Tote Bag<\/strong> with a unique design, perfect for brand owners, wholesalers, and custom buyers. Key features include:<\/p>\n\n\n\n<ul class=\"wp-block-list\">\n<li><strong>Extra-thick 16oz canvas material<\/strong> for durability and long-lasting use, ensuring strength for heavy loads.<\/li>\n\n\n\n<li><strong>Color stitching<\/strong> for a stylish contrast, adding a vibrant, eye-catching element to the design.<\/li>\n\n\n\n<li><strong>Extended handles<\/strong> that reach the stitching area, not only enhancing the aesthetic but also <strong>increasing load-bearing capacity<\/strong>.<\/li>\n\n\n\n<li><strong>Large capacity<\/strong> with dimensions of 40X35X10CM, perfect for daily use, promotional gifts, or business purposes.<\/li>\n\n\n\n<li><strong>No side but with gusset design<\/strong>, providing better stability and making the bag more sturdy for carrying items.<\/li>\n<\/ul>\n\n\n\n<p>This versatile canvas tote is ideal for a wide range of uses, from promotional gifts to eco-friendly business solutions. Its practical design and eye-catching look help elevate your brand and attract customers.<\/p>\n\n\n\n<p><strong>Tilpasningsmuligheder<\/strong>: If this particular product doesn&#8217;t meet all your needs, we offer full customization options. We can design bags in various colors, sizes, materials, and with different features to suit your unique requirements. Contact us for personalized eco-friendly bag solutions tailored to your brand!<\/p>\n\n\n\n<p><strong>Sammenfatning<\/strong>: Whether you&#8217;re interested in this specific canvas tote or need a different design, we can customize products to match your exact specifications. Get in touch with us today to start creating your personalized eco-bags for your brand!<\/p>\n\n\n\n<p class=\"has-text-align-center\"><a href=\"https:\/\/avecobaggie.com\/da\/whats-the-difference-between-cotton-bag-or-canvas-bag\/\">Bomuld mod l\u00e6rred<\/a><\/p>\n\n\n\n<figure class=\"wp-block-table\"><table class=\"has-fixed-layout\"><tbody><tr><td><\/td><td><strong>Bomuld<\/strong><strong><\/strong><\/td><td><strong>L\u00e6rred<\/strong><strong><\/strong><\/td><\/tr><tr><td><strong>Materiale<\/strong><strong><\/strong><\/td><td>normalt 100% bomuld<\/td><td>normalt 35%bomuld eller hamp, 65%polyester (kan ogs\u00e5 v\u00e6re 100%bomuld)<\/td><\/tr><tr><td><strong>V\u00e6vning af garn<\/strong><strong><\/strong><\/td><td>Enkelt k\u00e6de- og skudgarn<\/td><td>Mere end 2 k\u00e6de- og skudgarn, ser tykkere ud<\/td><\/tr><tr><td><strong>V\u00e6vemetode<\/strong><strong><\/strong><\/td><td>Almindelig eller twill-v\u00e6vning<\/td><td>For det meste ensfarvet v\u00e6vning<\/td><\/tr><tr><td><strong>Tekstur af stof<\/strong><strong><\/strong><\/td><td>sm\u00e5 pletter p\u00e5 overfladen, som faktisk er de naturlige fr\u00f8<\/td><td>Ingen pletter, grovere end bomuld<\/td><\/tr><tr><td><strong>V\u00e6gt:<\/strong><strong><\/strong><\/td><td>kan voksbehandles for at v\u00e6re vandt\u00e6t, kan halvbleges eller helbleges<\/td><td>over 8 oz, for samme tykkelse er l\u00e6rredet billigere, kan ogs\u00e5 laste mere v\u00e6gt<\/td><\/tr><tr><td>Fra tynd 4 oz til tyk 16 oz, letv\u00e6gt, v\u00e6lg hellere bomuld<\/td><td>Mere b\u00e6redygtig og 100% bionedbrydelig<\/td><td>B\u00e6redygtig, men ikke fuldt biologisk nedbrydelig<\/td><\/tr><tr><td><strong>Vandt\u00e6t<\/strong><strong><\/strong><\/td><td>Ikke vandt\u00e6t, hvis ikke lamineret \uff0c kan v\u00e6re halvbleget eller helt bleget<\/td><td>Over 8 oz, for samme tykkelse, er l\u00e6rredet billigere, kan ogs\u00e5 laste mere v\u00e6gt<\/td><\/tr><tr><td><strong>\u00c5ndbarhed<\/strong><strong><\/strong><\/td><td>Bl\u00f8d og fremragende \u00e5ndbarhed<\/td><td>tyk og mindre ventileret, velegnet til stereotype tasker<\/td><\/tr><tr><td><strong>Printbarhed<\/strong><strong><\/strong><\/td><td>til varmeoverf\u00f8rselstryk ikke s\u00e5 god som l\u00e6rredet<\/td><td>N\u00e6sten venlig over for alle trykmetoder, designet vil fremst\u00e5 smukt<\/td><\/tr><tr><td><strong>Pleje af vask<\/strong><strong><\/strong><\/td><td>vil krympe fra 2% til 5% efter vask.<\/td><td>Krymper mindre end 100%. Bomuld<\/td><\/tr><tr><td><strong>Holdbarhed<\/strong><strong><\/strong><\/td><td>let at rynke og deformere, let at klistre h\u00e5r p\u00e5<\/td><td>Let at blive beskidt og deformere,<\/td><\/tr><tr><td><strong>Anvendelse:<\/strong><strong><\/strong><\/td><td>sm\u00e5 bomuldsposer med l\u00f8begang, poser til produkter, poser til f\u00f8devareemballage, lette bomuldstasker osv.<\/td><td>indk\u00f8bstaske, dagligvaretaske, heavy-duty ba, l\u00e6rredstaske, sportstaske, daglig taske osv.<\/td><\/tr><\/tbody><\/table><\/figure>","protected":false},"excerpt":{"rendered":"<p><strong>16oz thick canvas | Color stitching | Extended handles | Large capacity\u00a0<\/strong><\/p>","protected":false},"featured_media":8753,"comment_status":"open","ping_status":"closed","template":"","meta":{"_seopress_robots_primary_cat":"none","_seopress_titles_title":"Custom 16oz Monogram Canvas Tote Bag with Extended Handles","_seopress_titles_desc":"High-quality 16oz canvas tote with color stitching, extended handles, and large capacity.customized solutions.","_seopress_robots_index":""},"product_brand":[185],"product_cat":[188,29],"product_tag":[122],"class_list":{"0":"post-10043","1":"product","2":"type-product","3":"status-publish","4":"has-post-thumbnail","6":"product_brand-avecobaggie","7":"product_cat-custom-canvas-bag","8":"product_cat-tote-bag","9":"product_tag-canvas-bag","11":"first","12":"instock","13":"taxable","14":"shipping-taxable","15":"product-type-simple"},"_links":{"self":[{"href":"https:\/\/avecobaggie.com\/da\/wp-json\/wp\/v2\/product\/10043","targetHints":{"allow":["GET"]}}],"collection":[{"href":"https:\/\/avecobaggie.com\/da\/wp-json\/wp\/v2\/product"}],"about":[{"href":"https:\/\/avecobaggie.com\/da\/wp-json\/wp\/v2\/types\/product"}],"replies":[{"embeddable":true,"href":"https:\/\/avecobaggie.com\/da\/wp-json\/wp\/v2\/comments?post=10043"}],"wp:featuredmedia":[{"embeddable":true,"href":"https:\/\/avecobaggie.com\/da\/wp-json\/wp\/v2\/media\/8753"}],"wp:attachment":[{"href":"https:\/\/avecobaggie.com\/da\/wp-json\/wp\/v2\/media?parent=10043"}],"wp:term":[{"taxonomy":"product_brand","embeddable":true,"href":"https:\/\/avecobaggie.com\/da\/wp-json\/wp\/v2\/product_brand?post=10043"},{"taxonomy":"product_cat","embeddable":true,"href":"https:\/\/avecobaggie.com\/da\/wp-json\/wp\/v2\/product_cat?post=10043"},{"taxonomy":"product_tag","embeddable":true,"href":"https:\/\/avecobaggie.com\/da\/wp-json\/wp\/v2\/product_tag?post=10043"}],"curies":[{"name":"wp","href":"https:\/\/api.w.org\/{rel}","templated":true}]}}