{"id":10061,"date":"2025-04-29T17:15:11","date_gmt":"2025-04-29T09:15:11","guid":{"rendered":"https:\/\/avecobaggie.com\/?post_type=product&#038;p=10061"},"modified":"2026-01-07T09:42:46","modified_gmt":"2026-01-07T01:42:46","slug":"minimalist-12oz-canvas-tote-bag-with-black-logo-eco-friendly","status":"publish","type":"product","link":"https:\/\/avecobaggie.com\/da\/product\/minimalist-12oz-canvas-tote-bag-with-black-logo-eco-friendly\/","title":{"rendered":"Minimalist 12oz Canvas Tote Bag with Black Logo &#8211; Eco-Friendly"},"content":{"rendered":"<p><strong>Product Page Description: Minimalist 12oz Canvas Tote Bag<\/strong>, designed with simplicity and functionality in mind, perfect for businesses, wholesalers, and eco-conscious buyers. Key features include:<\/p>\n\n\n\n<ul class=\"wp-block-list\">\n<li><strong>Durable 12oz natural canvas material<\/strong>, offering a lightweight yet strong option for everyday use.<\/li>\n\n\n\n<li><strong>Black silk screen printed minimalist logo<\/strong>, providing a clean and professional look that highlights your brand.<\/li>\n\n\n\n<li><strong>Simple, classic hand-carry design<\/strong>, perfect for those who appreciate elegance in everyday essentials.<\/li>\n\n\n\n<li><strong>No bottom or side structure<\/strong>, creating a flexible design that can adapt to different uses.<\/li>\n\n\n\n<li><strong>Compact dimensions<\/strong> of 35X35CM, ideal for carrying essentials such as books, promotional items, or groceries.<\/li>\n<\/ul>\n\n\n\n<p>This tote is the perfect blend of style and practicality. Its minimalistic design makes it a great choice for promotional giveaways, retail use, or as an eco-friendly alternative to plastic bags.<\/p>\n\n\n\n<p><strong>Tilpasningsmuligheder<\/strong>: If you\u2019re looking for a different design, size, or color, we offer a wide range of customization options. Whether you need a different logo, handle style, or material, we can tailor the tote to suit your specific requirements.<\/p>\n\n\n\n<p><strong>Sammenfatning<\/strong>: If this minimalist tote isn\u2019t quite what you\u2019re looking for, we offer complete customization options to help bring your vision to life. Contact us to start creating your personalized eco-friendly tote bags today!<\/p>\n\n\n\n<p class=\"has-text-align-center\"><a href=\"https:\/\/avecobaggie.com\/da\/whats-the-difference-between-cotton-bag-or-canvas-bag\/\">Bomuld mod l\u00e6rred<\/a><\/p>\n\n\n\n<figure class=\"wp-block-table\"><table class=\"has-fixed-layout\"><tbody><tr><td><\/td><td><strong>Bomuld<\/strong><strong><\/strong><\/td><td><strong>L\u00e6rred<\/strong><strong><\/strong><\/td><\/tr><tr><td><strong>Materiale<\/strong><strong><\/strong><\/td><td>normalt 100% bomuld<\/td><td>normalt 35%bomuld eller hamp, 65%polyester (kan ogs\u00e5 v\u00e6re 100%bomuld)<\/td><\/tr><tr><td><strong>V\u00e6vning af garn<\/strong><strong><\/strong><\/td><td>Enkelt k\u00e6de- og skudgarn<\/td><td>Mere end 2 k\u00e6de- og skudgarn, ser tykkere ud<\/td><\/tr><tr><td><strong>V\u00e6vemetode<\/strong><strong><\/strong><\/td><td>Almindelig eller twill-v\u00e6vning<\/td><td>For det meste ensfarvet v\u00e6vning<\/td><\/tr><tr><td><strong>Tekstur af stof<\/strong><strong><\/strong><\/td><td>sm\u00e5 pletter p\u00e5 overfladen, som faktisk er de naturlige fr\u00f8<\/td><td>Ingen pletter, grovere end bomuld<\/td><\/tr><tr><td><strong>V\u00e6gt:<\/strong><strong><\/strong><\/td><td>kan voksbehandles for at v\u00e6re vandt\u00e6t, kan halvbleges eller helbleges<\/td><td>over 8 oz, for samme tykkelse er l\u00e6rredet billigere, kan ogs\u00e5 laste mere v\u00e6gt<\/td><\/tr><tr><td>Fra tynd 4 oz til tyk 16 oz, letv\u00e6gt, v\u00e6lg hellere bomuld<\/td><td>Mere b\u00e6redygtig og 100% bionedbrydelig<\/td><td>B\u00e6redygtig, men ikke fuldt biologisk nedbrydelig<\/td><\/tr><tr><td><strong>Vandt\u00e6t<\/strong><strong><\/strong><\/td><td>Ikke vandt\u00e6t, hvis ikke lamineret \uff0c kan v\u00e6re halvbleget eller helt bleget<\/td><td>Over 8 oz, for samme tykkelse, er l\u00e6rredet billigere, kan ogs\u00e5 laste mere v\u00e6gt<\/td><\/tr><tr><td><strong>\u00c5ndbarhed<\/strong><strong><\/strong><\/td><td>Bl\u00f8d og fremragende \u00e5ndbarhed<\/td><td>tyk og mindre ventileret, velegnet til stereotype tasker<\/td><\/tr><tr><td><strong>Printbarhed<\/strong><strong><\/strong><\/td><td>til varmeoverf\u00f8rselstryk ikke s\u00e5 god som l\u00e6rredet<\/td><td>N\u00e6sten venlig over for alle trykmetoder, designet vil fremst\u00e5 smukt<\/td><\/tr><tr><td><strong>Pleje af vask<\/strong><strong><\/strong><\/td><td>vil krympe fra 2% til 5% efter vask.<\/td><td>Krymper mindre end 100%. Bomuld<\/td><\/tr><tr><td><strong>Holdbarhed<\/strong><strong><\/strong><\/td><td>let at rynke og deformere, let at klistre h\u00e5r p\u00e5<\/td><td>Let at blive beskidt og deformere,<\/td><\/tr><tr><td><strong>Anvendelse:<\/strong><strong><\/strong><\/td><td>sm\u00e5 bomuldsposer med l\u00f8begang, poser til produkter, poser til f\u00f8devareemballage, lette bomuldstasker osv.<\/td><td>indk\u00f8bstaske, dagligvaretaske, heavy-duty ba, l\u00e6rredstaske, sportstaske, daglig taske osv.<\/td><\/tr><\/tbody><\/table><\/figure>","protected":false},"excerpt":{"rendered":"<p><strong>12oz natural canvas | Black minimalist logo | No bottom or side | Simple design | 35X35CM<\/strong><\/p>","protected":false},"featured_media":10062,"comment_status":"open","ping_status":"closed","template":"","meta":{"_seopress_robots_primary_cat":"none","_seopress_titles_title":"Premium 16oz Canvas Tote Bag with Color Stitching and Extended Handles - Customizable for Businesses","_seopress_titles_desc":"High-quality 16oz canvas tote with color stitching, extended handles, and large capacity.","_seopress_robots_index":""},"product_brand":[185],"product_cat":[188,29],"product_tag":[122],"class_list":{"0":"post-10061","1":"product","2":"type-product","3":"status-publish","4":"has-post-thumbnail","6":"product_brand-avecobaggie","7":"product_cat-custom-canvas-bag","8":"product_cat-tote-bag","9":"product_tag-canvas-bag","11":"first","12":"instock","13":"taxable","14":"shipping-taxable","15":"product-type-simple"},"_links":{"self":[{"href":"https:\/\/avecobaggie.com\/da\/wp-json\/wp\/v2\/product\/10061","targetHints":{"allow":["GET"]}}],"collection":[{"href":"https:\/\/avecobaggie.com\/da\/wp-json\/wp\/v2\/product"}],"about":[{"href":"https:\/\/avecobaggie.com\/da\/wp-json\/wp\/v2\/types\/product"}],"replies":[{"embeddable":true,"href":"https:\/\/avecobaggie.com\/da\/wp-json\/wp\/v2\/comments?post=10061"}],"wp:featuredmedia":[{"embeddable":true,"href":"https:\/\/avecobaggie.com\/da\/wp-json\/wp\/v2\/media\/10062"}],"wp:attachment":[{"href":"https:\/\/avecobaggie.com\/da\/wp-json\/wp\/v2\/media?parent=10061"}],"wp:term":[{"taxonomy":"product_brand","embeddable":true,"href":"https:\/\/avecobaggie.com\/da\/wp-json\/wp\/v2\/product_brand?post=10061"},{"taxonomy":"product_cat","embeddable":true,"href":"https:\/\/avecobaggie.com\/da\/wp-json\/wp\/v2\/product_cat?post=10061"},{"taxonomy":"product_tag","embeddable":true,"href":"https:\/\/avecobaggie.com\/da\/wp-json\/wp\/v2\/product_tag?post=10061"}],"curies":[{"name":"wp","href":"https:\/\/api.w.org\/{rel}","templated":true}]}}