{"id":10135,"date":"2025-05-06T13:37:27","date_gmt":"2025-05-06T05:37:27","guid":{"rendered":"https:\/\/avecobaggie.com\/?post_type=product&#038;p=10135"},"modified":"2025-05-12T17:34:04","modified_gmt":"2025-05-12T09:34:04","slug":"custom-12oz-cotton-black-tote-bag-promotional","status":"publish","type":"product","link":"https:\/\/avecobaggie.com\/da\/product\/custom-12oz-cotton-black-tote-bag-promotional\/","title":{"rendered":"Custom 12oz Cotton Black Tote Bag Promotional"},"content":{"rendered":"<p><strong>Premium Material &amp; Contrast Design<\/strong><br>\u00a0 <strong>12oz Cotton Canvas<\/strong>\u00a0\u2013 Tight 2&#215;1 weave for structured durability (upgradeable to 16oz for heavy loads).<br> \u00a0<strong>Signature Color Scheme<\/strong>:<\/p>\n\n\n\n<ul class=\"wp-block-list\">\n<li><strong>Black Base<\/strong>\u00a0with crisp white logo (screen\/digital\/sublimation print)<\/li>\n\n\n\n<li><strong>Tiffany Green Handles<\/strong>\u00a0(24cm extended) with subtle black logo imprint<\/li>\n<\/ul>\n\n\n\n<p><strong>Functional Sophistication<\/strong><br> \u00a0<strong>Metal Snap Closure<\/strong>\u00a0\u2013 Rust-proof iron alloy clasp secures contents during commutes\/travel.<br> \u00a0<strong>Extended Handle Design<\/strong>\u00a0\u2013 24cm Tiffany green straps allow shoulder-carry comfort + visual branding.<\/p>\n\n\n\n<p><strong>Branding Precision<\/strong><br> \u00a0<strong>Triple Brand Touchpoints<\/strong>:<\/p>\n\n\n\n<ol start=\"1\" class=\"wp-block-list\">\n<li><strong>Front Logo<\/strong>\u00a0\u2013 White print on black canvas (0.3mm edge precision)<\/li>\n\n\n\n<li><strong>Handle Logo<\/strong>\u00a0\u2013 Black screen-printed text on Tiffany green straps<\/li>\n\n\n\n<li><strong>Interior Tag<\/strong>\u00a0\u2013 Optional woven label with care instructions<\/li>\n<\/ol>\n\n\n\n<p><strong>Tilpasningsmuligheder<\/strong>: Hvis du vil personligg\u00f8re designet, farverne eller tilf\u00f8je et logo, tilbyder vi fulde tilpasningsmuligheder. Fra forskellige tryk til forskellige h\u00e5ndtagstyper kan vi skabe den perfekte taske til dit brands behov.<\/p>\n\n\n\n<p><strong>Sammenfatning<\/strong>:<br>Whether you prefer this vibrant cartoon design or need something more tailored, we can help create a custom tote bag that reflects your brand\u2019s identity. Contact us today to begin designing your eco-friendly bags!<\/p>\n\n\n\n<p class=\"has-text-align-center\"><a href=\"https:\/\/avecobaggie.com\/da\/whats-the-difference-between-cotton-bag-or-canvas-bag\/\">Bomuld mod l\u00e6rred<\/a><\/p>\n\n\n\n<figure class=\"wp-block-table\"><table class=\"has-fixed-layout\"><tbody><tr><td><\/td><td><strong>Bomuld<\/strong><strong><\/strong><\/td><td><strong>L\u00e6rred<\/strong><strong><\/strong><\/td><\/tr><tr><td><strong>Materiale<\/strong><strong><\/strong><\/td><td>normalt 100% bomuld<\/td><td>normalt 35%bomuld eller hamp, 65%polyester (kan ogs\u00e5 v\u00e6re 100%bomuld)<\/td><\/tr><tr><td><strong>V\u00e6vning af garn<\/strong><strong><\/strong><\/td><td>Enkelt k\u00e6de- og skudgarn<\/td><td>Mere end 2 k\u00e6de- og skudgarn, ser tykkere ud<\/td><\/tr><tr><td><strong>V\u00e6vemetode<\/strong><strong><\/strong><\/td><td>Almindelig eller twill-v\u00e6vning<\/td><td>For det meste ensfarvet v\u00e6vning<\/td><\/tr><tr><td><strong>Tekstur af stof<\/strong><strong><\/strong><\/td><td>sm\u00e5 pletter p\u00e5 overfladen, som faktisk er de naturlige fr\u00f8<\/td><td>Ingen pletter, grovere end bomuld<\/td><\/tr><tr><td><strong>V\u00e6gt:<\/strong><strong><\/strong><\/td><td>kan voksbehandles for at v\u00e6re vandt\u00e6t, kan halvbleges eller helbleges<\/td><td>over 8 oz, for samme tykkelse er l\u00e6rredet billigere, kan ogs\u00e5 laste mere v\u00e6gt<\/td><\/tr><tr><td>Fra tynd 4 oz til tyk 16 oz, letv\u00e6gt, v\u00e6lg hellere bomuld<\/td><td>Mere b\u00e6redygtig og 100% bionedbrydelig<\/td><td>B\u00e6redygtig, men ikke fuldt biologisk nedbrydelig<\/td><\/tr><tr><td><strong>Vandt\u00e6t<\/strong><strong><\/strong><\/td><td>Ikke vandt\u00e6t, hvis ikke lamineret \uff0c kan v\u00e6re halvbleget eller helt bleget<\/td><td>Over 8 oz, for samme tykkelse, er l\u00e6rredet billigere, kan ogs\u00e5 laste mere v\u00e6gt<\/td><\/tr><tr><td><strong>\u00c5ndbarhed<\/strong><strong><\/strong><\/td><td>Bl\u00f8d og fremragende \u00e5ndbarhed<\/td><td>tyk og mindre ventileret, velegnet til stereotype tasker<\/td><\/tr><tr><td><strong>Printbarhed<\/strong><strong><\/strong><\/td><td>til varmeoverf\u00f8rselstryk ikke s\u00e5 god som l\u00e6rredet<\/td><td>N\u00e6sten venlig over for alle trykmetoder, designet vil fremst\u00e5 smukt<\/td><\/tr><tr><td><strong>Pleje af vask<\/strong><strong><\/strong><\/td><td>vil krympe fra 2% til 5% efter vask.<\/td><td>Krymper mindre end 100%. Bomuld<\/td><\/tr><tr><td><strong>Holdbarhed<\/strong><strong><\/strong><\/td><td>let at rynke og deformere, let at klistre h\u00e5r p\u00e5<\/td><td>Let at blive beskidt og deformere,<\/td><\/tr><tr><td><strong>Anvendelse:<\/strong><strong><\/strong><\/td><td>sm\u00e5 bomuldsposer med l\u00f8begang, poser til produkter, poser til f\u00f8devareemballage, lette bomuldstasker osv.<\/td><td>indk\u00f8bstaske, dagligvaretaske, heavy-duty ba, l\u00e6rredstaske, sportstaske, daglig taske osv.<\/td><\/tr><\/tbody><\/table><\/figure>","protected":false},"excerpt":{"rendered":"<p><strong>Black Classic | Tiffany Green Accents | 8-16oz Custom<\/strong><\/p>","protected":false},"featured_media":8701,"comment_status":"open","ping_status":"closed","template":"","meta":{"_seopress_robots_primary_cat":"none","_seopress_titles_title":"Black Tote Bag Promotional | Bulk Custom for Work & Travel","_seopress_titles_desc":"Stylish 34x38cm cotton tote with Tiffany green handles and metal snap. Custom prints, 8-16oz fabric. MOQ 500 for corporate, student & outdoor use.","_seopress_robots_index":""},"product_brand":[185],"product_cat":[188,29],"product_tag":[122],"class_list":{"0":"post-10135","1":"product","2":"type-product","3":"status-publish","4":"has-post-thumbnail","6":"product_brand-avecobaggie","7":"product_cat-custom-canvas-bag","8":"product_cat-tote-bag","9":"product_tag-canvas-bag","11":"first","12":"instock","13":"taxable","14":"shipping-taxable","15":"product-type-simple"},"_links":{"self":[{"href":"https:\/\/avecobaggie.com\/da\/wp-json\/wp\/v2\/product\/10135","targetHints":{"allow":["GET"]}}],"collection":[{"href":"https:\/\/avecobaggie.com\/da\/wp-json\/wp\/v2\/product"}],"about":[{"href":"https:\/\/avecobaggie.com\/da\/wp-json\/wp\/v2\/types\/product"}],"replies":[{"embeddable":true,"href":"https:\/\/avecobaggie.com\/da\/wp-json\/wp\/v2\/comments?post=10135"}],"wp:featuredmedia":[{"embeddable":true,"href":"https:\/\/avecobaggie.com\/da\/wp-json\/wp\/v2\/media\/8701"}],"wp:attachment":[{"href":"https:\/\/avecobaggie.com\/da\/wp-json\/wp\/v2\/media?parent=10135"}],"wp:term":[{"taxonomy":"product_brand","embeddable":true,"href":"https:\/\/avecobaggie.com\/da\/wp-json\/wp\/v2\/product_brand?post=10135"},{"taxonomy":"product_cat","embeddable":true,"href":"https:\/\/avecobaggie.com\/da\/wp-json\/wp\/v2\/product_cat?post=10135"},{"taxonomy":"product_tag","embeddable":true,"href":"https:\/\/avecobaggie.com\/da\/wp-json\/wp\/v2\/product_tag?post=10135"}],"curies":[{"name":"wp","href":"https:\/\/api.w.org\/{rel}","templated":true}]}}