{"id":10175,"date":"2025-05-07T17:57:26","date_gmt":"2025-05-07T09:57:26","guid":{"rendered":"https:\/\/avecobaggie.com\/?post_type=product&#038;p=10175"},"modified":"2025-05-12T17:41:02","modified_gmt":"2025-05-12T09:41:02","slug":"custom-big-beige-canvas-crossbody-hobo-bag-for-women","status":"publish","type":"product","link":"https:\/\/avecobaggie.com\/da\/product\/custom-big-beige-canvas-crossbody-hobo-bag-for-women\/","title":{"rendered":"Custom Big Beige Canvas Crossbody Hobo bag for Women"},"content":{"rendered":"<h3 class=\"wp-block-heading has-text-align-center\"><strong>Beskrivelse af produktsiden<\/strong><\/h3>\n\n\n\n<p><strong>Raw Material &amp; Craftsmanship<\/strong><br> \u00a0<strong>12oz Cotton Canvas<\/strong>\u00a0\u2013 Unbleached natural beige color, pre-shrunk for shape retention.<br> \u00a0<strong>Reinforced Stress Points<\/strong>\u00a0\u2013 Double-stitched vest straps and pocket edges (tested 15kg dynamic load).<\/p>\n\n\n\n<p><strong>Functional Minimalism<\/strong><br> &nbsp;<strong>Utility Pocket<\/strong>&nbsp;\u2013 14x8cm external slip pocket fits phones\/passports, angled for easy access.<br> &nbsp;<strong>Adjustable Straps<\/strong>&nbsp;\u2013 58cm crossbody drop with sliding buckles (fits heights 150-190cm).<br> &nbsp;<strong>Blank Canvas Potential<\/strong>&nbsp;\u2013 Unprinted areas for DIY markers\/paint (pre-treated for art supplies).<\/p>\n\n\n\n<p><strong>Custom Branding Flexibility<\/strong><br>\ud83d\udd8c\ufe0f&nbsp;<strong>Creative Freedom<\/strong>:<\/p>\n\n\n\n<ul class=\"wp-block-list\">\n<li><strong>DIY Zones<\/strong>: Prime space for team-building art workshops<\/li>\n\n\n\n<li><strong>Professional Prints<\/strong>: Edge-to-edge sublimation for photorealistic graphics<\/li>\n\n\n\n<li><strong>Hybrid Option<\/strong>: Pre-printed logo + blank areas for local customization<\/li>\n<\/ul>\n\n\n\n<p><strong>Industry Applications<\/strong><br> &nbsp;<strong>Corporate Team Building<\/strong>&nbsp;\u2013 Blank totes for employee painting contests.<br> &nbsp;<strong>University Merch<\/strong>&nbsp;\u2013 Student-designed bags for campus sustainability drives.<br> &nbsp;<strong>Pop-Up Retail<\/strong>&nbsp;\u2013 Limited-edition artist collabs with live painting demos.<\/p>\n\n\n\n<p><strong>Tilpasningsmuligheder<\/strong>: Hvis du vil personligg\u00f8re designet, farverne eller tilf\u00f8je et logo, tilbyder vi fulde tilpasningsmuligheder. Fra forskellige tryk til forskellige h\u00e5ndtagstyper kan vi skabe den perfekte taske til dit brands behov.<\/p>\n\n\n\n<p><strong>Sammenfatning<\/strong>:<br>Whether you prefer this vibrant cartoon design or need something more tailored, we can help create a custom tote bag that reflects your brand\u2019s identity. Contact us today to begin designing your eco-friendly bags!<\/p>\n\n\n\n<p class=\"has-text-align-center\"><a href=\"https:\/\/avecobaggie.com\/da\/whats-the-difference-between-cotton-bag-or-canvas-bag\/\">Bomuld mod l\u00e6rred<\/a><\/p>\n\n\n\n<figure class=\"wp-block-table\"><table class=\"has-fixed-layout\"><tbody><tr><td><\/td><td><strong>Bomuld<\/strong><strong><\/strong><\/td><td><strong>L\u00e6rred<\/strong><strong><\/strong><\/td><\/tr><tr><td><strong>Materiale<\/strong><strong><\/strong><\/td><td>normalt 100% bomuld<\/td><td>normalt 35%bomuld eller hamp, 65%polyester (kan ogs\u00e5 v\u00e6re 100%bomuld)<\/td><\/tr><tr><td><strong>V\u00e6vning af garn<\/strong><strong><\/strong><\/td><td>Enkelt k\u00e6de- og skudgarn<\/td><td>Mere end 2 k\u00e6de- og skudgarn, ser tykkere ud<\/td><\/tr><tr><td><strong>V\u00e6vemetode<\/strong><strong><\/strong><\/td><td>Almindelig eller twill-v\u00e6vning<\/td><td>For det meste ensfarvet v\u00e6vning<\/td><\/tr><tr><td><strong>Tekstur af stof<\/strong><strong><\/strong><\/td><td>sm\u00e5 pletter p\u00e5 overfladen, som faktisk er de naturlige fr\u00f8<\/td><td>Ingen pletter, grovere end bomuld<\/td><\/tr><tr><td><strong>V\u00e6gt:<\/strong><strong><\/strong><\/td><td>kan voksbehandles for at v\u00e6re vandt\u00e6t, kan halvbleges eller helbleges<\/td><td>over 8 oz, for samme tykkelse er l\u00e6rredet billigere, kan ogs\u00e5 laste mere v\u00e6gt<\/td><\/tr><tr><td>Fra tynd 4 oz til tyk 16 oz, letv\u00e6gt, v\u00e6lg hellere bomuld<\/td><td>Mere b\u00e6redygtig og 100% bionedbrydelig<\/td><td>B\u00e6redygtig, men ikke fuldt biologisk nedbrydelig<\/td><\/tr><tr><td><strong>Vandt\u00e6t<\/strong><strong><\/strong><\/td><td>Ikke vandt\u00e6t, hvis ikke lamineret \uff0c kan v\u00e6re halvbleget eller helt bleget<\/td><td>Over 8 oz, for samme tykkelse, er l\u00e6rredet billigere, kan ogs\u00e5 laste mere v\u00e6gt<\/td><\/tr><tr><td><strong>\u00c5ndbarhed<\/strong><strong><\/strong><\/td><td>Bl\u00f8d og fremragende \u00e5ndbarhed<\/td><td>tyk og mindre ventileret, velegnet til stereotype tasker<\/td><\/tr><tr><td><strong>Printbarhed<\/strong><strong><\/strong><\/td><td>til varmeoverf\u00f8rselstryk ikke s\u00e5 god som l\u00e6rredet<\/td><td>N\u00e6sten venlig over for alle trykmetoder, designet vil fremst\u00e5 smukt<\/td><\/tr><tr><td><strong>Pleje af vask<\/strong><strong><\/strong><\/td><td>vil krympe fra 2% til 5% efter vask.<\/td><td>Krymper mindre end 100%. Bomuld<\/td><\/tr><tr><td><strong>Holdbarhed<\/strong><strong><\/strong><\/td><td>let at rynke og deformere, let at klistre h\u00e5r p\u00e5<\/td><td>Let at blive beskidt og deformere,<\/td><\/tr><tr><td><strong>Anvendelse:<\/strong><strong><\/strong><\/td><td>sm\u00e5 bomuldsposer med l\u00f8begang, poser til produkter, poser til f\u00f8devareemballage, lette bomuldstasker osv.<\/td><td>indk\u00f8bstaske, dagligvaretaske, heavy-duty ba, l\u00e6rredstaske, sportstaske, daglig taske osv.<\/td><\/tr><\/tbody><\/table><\/figure>","protected":false},"excerpt":{"rendered":"<p><strong>Phone Pocket | DIY Series | Big Space<\/strong><\/p>","protected":false},"featured_media":10176,"comment_status":"open","ping_status":"closed","template":"","meta":{"_seopress_robots_primary_cat":"none","_seopress_titles_title":"Canvas Crossbody Hobo Bags | Custom DIY Promotional Use","_seopress_titles_desc":"Minimalist 34.5x58x5cm crossbody hobo bag with utility pocket. Custom prints, 8-16oz fabric. MOQ 500 for corporate, retail & creative branding.","_seopress_robots_index":""},"product_brand":[185],"product_cat":[188,29],"product_tag":[122],"class_list":{"0":"post-10175","1":"product","2":"type-product","3":"status-publish","4":"has-post-thumbnail","6":"product_brand-avecobaggie","7":"product_cat-custom-canvas-bag","8":"product_cat-tote-bag","9":"product_tag-canvas-bag","11":"first","12":"instock","13":"taxable","14":"shipping-taxable","15":"product-type-simple"},"_links":{"self":[{"href":"https:\/\/avecobaggie.com\/da\/wp-json\/wp\/v2\/product\/10175","targetHints":{"allow":["GET"]}}],"collection":[{"href":"https:\/\/avecobaggie.com\/da\/wp-json\/wp\/v2\/product"}],"about":[{"href":"https:\/\/avecobaggie.com\/da\/wp-json\/wp\/v2\/types\/product"}],"replies":[{"embeddable":true,"href":"https:\/\/avecobaggie.com\/da\/wp-json\/wp\/v2\/comments?post=10175"}],"wp:featuredmedia":[{"embeddable":true,"href":"https:\/\/avecobaggie.com\/da\/wp-json\/wp\/v2\/media\/10176"}],"wp:attachment":[{"href":"https:\/\/avecobaggie.com\/da\/wp-json\/wp\/v2\/media?parent=10175"}],"wp:term":[{"taxonomy":"product_brand","embeddable":true,"href":"https:\/\/avecobaggie.com\/da\/wp-json\/wp\/v2\/product_brand?post=10175"},{"taxonomy":"product_cat","embeddable":true,"href":"https:\/\/avecobaggie.com\/da\/wp-json\/wp\/v2\/product_cat?post=10175"},{"taxonomy":"product_tag","embeddable":true,"href":"https:\/\/avecobaggie.com\/da\/wp-json\/wp\/v2\/product_tag?post=10175"}],"curies":[{"name":"wp","href":"https:\/\/api.w.org\/{rel}","templated":true}]}}