{"id":10180,"date":"2025-05-08T10:54:41","date_gmt":"2025-05-08T02:54:41","guid":{"rendered":"https:\/\/avecobaggie.com\/?post_type=product&#038;p=10180"},"modified":"2026-01-09T13:36:39","modified_gmt":"2026-01-09T05:36:39","slug":"artistic-indie-design-canvas-tote-bag","status":"publish","type":"product","link":"https:\/\/avecobaggie.com\/da\/product\/artistic-indie-design-canvas-tote-bag\/","title":{"rendered":"Artistic Indie Design Canvas Tote Bag"},"content":{"rendered":"<h3 class=\"wp-block-heading has-text-align-center\"><strong>Beskrivelse af produktsiden<\/strong><\/h3>\n\n\n\n<p><strong>Artisan Craftsmanship<\/strong><br> \u00a0<strong>14oz Cotton Canvas<\/strong>\u00a0\u2013 Tight 12&#215;12 weave for structured durability (adjustable 8-16oz weights).<br> \u00a0<strong>Foam-Padded Handles<\/strong>\u00a0\u2013 Cotton-wrapped pearl foam tubing (30mm diameter) for blister-free carrying.<\/p>\n\n\n\n<p><strong>Signature Design Elements<\/strong><br> \u00a0<strong>Adjustable Drawstring<\/strong>\u00a0\u2013 Braided cotton cord with wooden bead stoppers for rustic charm.<br> \u00a0<strong>Minimalist Branding<\/strong>\u00a0\u2013 Crisp single-color logo print (0.5mm edge precision) on front panel.<\/p>\n\n\n\n<p><strong>Niche Market Appeal<\/strong><br> \u00a0<strong>Indie Bookstores<\/strong>\u00a0\u2013 Bulk orders with literary quote prints.<br> \u00a0<strong>Caf\u00e9 Culture<\/strong>\u00a0\u2013 Customize with abstract coffee stain patterns.<br> \u00a0<strong>Artisan Markets<\/strong>\u00a0\u2013 Blank versions for live screen-printing demos.<br> \u00a0<strong>Microbrand Launch<\/strong>\u00a0\u2013 Limited-edition numbering on interior tags.<\/p>\n\n\n\n<p><strong>Tilpasningsmuligheder<\/strong>: Hvis du vil personligg\u00f8re designet, farverne eller tilf\u00f8je et logo, tilbyder vi fulde tilpasningsmuligheder. Fra forskellige tryk til forskellige h\u00e5ndtagstyper kan vi skabe den perfekte taske til dit brands behov.<\/p>\n\n\n\n<p><strong>Sammenfatning<\/strong>:<br>Whether you prefer this vibrant cartoon design or need something more tailored, we can help create a custom tote bag that reflects your brand\u2019s identity. Contact us today to begin designing your eco-friendly bags!<\/p>\n\n\n\n<p class=\"has-text-align-center\"><a href=\"https:\/\/avecobaggie.com\/da\/whats-the-difference-between-cotton-bag-or-canvas-bag\/\">Bomuld mod l\u00e6rred<\/a><\/p>\n\n\n\n<figure class=\"wp-block-table\"><table class=\"has-fixed-layout\"><tbody><tr><td><\/td><td><strong>Bomuld<\/strong><strong><\/strong><\/td><td><strong>L\u00e6rred<\/strong><strong><\/strong><\/td><\/tr><tr><td><strong>Materiale<\/strong><strong><\/strong><\/td><td>normalt 100% bomuld<\/td><td>normalt 35%bomuld eller hamp, 65%polyester (kan ogs\u00e5 v\u00e6re 100%bomuld)<\/td><\/tr><tr><td><strong>V\u00e6vning af garn<\/strong><strong><\/strong><\/td><td>Enkelt k\u00e6de- og skudgarn<\/td><td>Mere end 2 k\u00e6de- og skudgarn, ser tykkere ud<\/td><\/tr><tr><td><strong>V\u00e6vemetode<\/strong><strong><\/strong><\/td><td>Almindelig eller twill-v\u00e6vning<\/td><td>For det meste ensfarvet v\u00e6vning<\/td><\/tr><tr><td><strong>Tekstur af stof<\/strong><strong><\/strong><\/td><td>sm\u00e5 pletter p\u00e5 overfladen, som faktisk er de naturlige fr\u00f8<\/td><td>Ingen pletter, grovere end bomuld<\/td><\/tr><tr><td><strong>V\u00e6gt:<\/strong><strong><\/strong><\/td><td>kan voksbehandles for at v\u00e6re vandt\u00e6t, kan halvbleges eller helbleges<\/td><td>over 8 oz, for samme tykkelse er l\u00e6rredet billigere, kan ogs\u00e5 laste mere v\u00e6gt<\/td><\/tr><tr><td>Fra tynd 4 oz til tyk 16 oz, letv\u00e6gt, v\u00e6lg hellere bomuld<\/td><td>Mere b\u00e6redygtig og 100% bionedbrydelig<\/td><td>B\u00e6redygtig, men ikke fuldt biologisk nedbrydelig<\/td><\/tr><tr><td><strong>Vandt\u00e6t<\/strong><strong><\/strong><\/td><td>Ikke vandt\u00e6t, hvis ikke lamineret \uff0c kan v\u00e6re halvbleget eller helt bleget<\/td><td>Over 8 oz, for samme tykkelse, er l\u00e6rredet billigere, kan ogs\u00e5 laste mere v\u00e6gt<\/td><\/tr><tr><td><strong>\u00c5ndbarhed<\/strong><strong><\/strong><\/td><td>Bl\u00f8d og fremragende \u00e5ndbarhed<\/td><td>tyk og mindre ventileret, velegnet til stereotype tasker<\/td><\/tr><tr><td><strong>Printbarhed<\/strong><strong><\/strong><\/td><td>til varmeoverf\u00f8rselstryk ikke s\u00e5 god som l\u00e6rredet<\/td><td>N\u00e6sten venlig over for alle trykmetoder, designet vil fremst\u00e5 smukt<\/td><\/tr><tr><td><strong>Pleje af vask<\/strong><strong><\/strong><\/td><td>vil krympe fra 2% til 5% efter vask.<\/td><td>Krymper mindre end 100%. Bomuld<\/td><\/tr><tr><td><strong>Holdbarhed<\/strong><strong><\/strong><\/td><td>let at rynke og deformere, let at klistre h\u00e5r p\u00e5<\/td><td>Let at blive beskidt og deformere,<\/td><\/tr><tr><td><strong>Anvendelse:<\/strong><strong><\/strong><\/td><td>sm\u00e5 bomuldsposer med l\u00f8begang, poser til produkter, poser til f\u00f8devareemballage, lette bomuldstasker osv.<\/td><td>indk\u00f8bstaske, dagligvaretaske, heavy-duty ba, l\u00e6rredstaske, sportstaske, daglig taske osv.<\/td><\/tr><\/tbody><\/table><\/figure>","protected":false},"excerpt":{"rendered":"<p><strong>27x30x11cm Drawstring Tote | Foam-Padded Handles | Single-Color Print\u00a0<\/strong><\/p>","protected":false},"featured_media":10181,"comment_status":"open","ping_status":"closed","template":"","meta":{"_seopress_robots_primary_cat":"none","_seopress_titles_title":"Indie-Style Drawstring Canvas Bags | 27x30x11cm | Bulk Custom Minimalist Totes","_seopress_titles_desc":"Unique 27x30x11cm drawstring tote with foam-padded handles. 8-16oz canvas, single-color screen printing. MOQ 500 for niche brands & creative studios.","_seopress_robots_index":""},"product_brand":[185],"product_cat":[188,29],"product_tag":[122],"class_list":{"0":"post-10180","1":"product","2":"type-product","3":"status-publish","4":"has-post-thumbnail","6":"product_brand-avecobaggie","7":"product_cat-custom-canvas-bag","8":"product_cat-tote-bag","9":"product_tag-canvas-bag","11":"first","12":"instock","13":"taxable","14":"shipping-taxable","15":"product-type-simple"},"_links":{"self":[{"href":"https:\/\/avecobaggie.com\/da\/wp-json\/wp\/v2\/product\/10180","targetHints":{"allow":["GET"]}}],"collection":[{"href":"https:\/\/avecobaggie.com\/da\/wp-json\/wp\/v2\/product"}],"about":[{"href":"https:\/\/avecobaggie.com\/da\/wp-json\/wp\/v2\/types\/product"}],"replies":[{"embeddable":true,"href":"https:\/\/avecobaggie.com\/da\/wp-json\/wp\/v2\/comments?post=10180"}],"wp:featuredmedia":[{"embeddable":true,"href":"https:\/\/avecobaggie.com\/da\/wp-json\/wp\/v2\/media\/10181"}],"wp:attachment":[{"href":"https:\/\/avecobaggie.com\/da\/wp-json\/wp\/v2\/media?parent=10180"}],"wp:term":[{"taxonomy":"product_brand","embeddable":true,"href":"https:\/\/avecobaggie.com\/da\/wp-json\/wp\/v2\/product_brand?post=10180"},{"taxonomy":"product_cat","embeddable":true,"href":"https:\/\/avecobaggie.com\/da\/wp-json\/wp\/v2\/product_cat?post=10180"},{"taxonomy":"product_tag","embeddable":true,"href":"https:\/\/avecobaggie.com\/da\/wp-json\/wp\/v2\/product_tag?post=10180"}],"curies":[{"name":"wp","href":"https:\/\/api.w.org\/{rel}","templated":true}]}}