{"id":10234,"date":"2025-05-09T15:57:19","date_gmt":"2025-05-09T07:57:19","guid":{"rendered":"https:\/\/avecobaggie.com\/?post_type=product&#038;p=10234"},"modified":"2025-05-12T20:06:35","modified_gmt":"2025-05-12T12:06:35","slug":"cute-yellow-kids-toy-organize-drawstring-tote-bag","status":"publish","type":"product","link":"https:\/\/avecobaggie.com\/da\/product\/cute-yellow-kids-toy-organize-drawstring-tote-bag\/","title":{"rendered":"S\u00f8d gul taske med snor til organisering af leget\u00f8j til b\u00f8rn"},"content":{"rendered":"<h3 class=\"wp-block-heading has-text-align-center\"><strong>Beskrivelse af produktsiden<\/strong><\/h3>\n\n\n\n<p><strong>Legende materiale og h\u00e5ndv\u00e6rk<\/strong><br> &nbsp;<strong>3D buet design<\/strong>&nbsp;- Ergonomisk formet som en k\u00e6mpe peanut (35x37x10cm), 15% har mere kapacitet end firkantede tasker.<br> &nbsp;<strong>F\u00f8rsteklasses detaljer<\/strong>&nbsp;- Broderi og fl\u00f8jlsflock skaber taktile ansigtstr\u00e6k (\u00f8jne\/smil).<\/p>\n\n\n\n<p><strong>Funktionel dobbelt lukning<\/strong><br> &nbsp;<strong>Alsidig adgang<\/strong>:<\/p>\n\n\n\n<ul class=\"wp-block-list\">\n<li><strong>Top med l\u00f8begang<\/strong>&nbsp;- 6 mm nylonsnor med snorl\u00e5s til sikker lukning<\/li>\n\n\n\n<li><strong>Forst\u00e6rkede h\u00e5ndtag<\/strong>&nbsp;- 28 cm bomuldsb\u00e5nd til at b\u00e6re p\u00e5 skulder\/arm<br> &nbsp;<strong>Strukturel integritet<\/strong>&nbsp;- Indvendig stabilisator af PE-skum holder formen (kan tages ud).<\/li>\n<\/ul>\n\n\n\n<p><strong>M\u00e5lrettede applikationer<\/strong><br> &nbsp;<strong>M\u00e6rker af n\u00f8ddesm\u00f8r<\/strong>: Masseordrer med \"Spread Joy\"-taglines<br> &nbsp;<strong>Uddannelse af b\u00f8rn<\/strong>: Interaktive snackpakker med ern\u00e6ringsfakta<br> &nbsp;<strong>Markeder for landm\u00e6nd<\/strong>: Branded som \"Soil Heroes\" til fr\u00f8pakker<\/p>\n\n\n\n<p><strong>Tilpasningsmuligheder<\/strong>: Hvis du vil personligg\u00f8re designet, farverne eller tilf\u00f8je et logo, tilbyder vi fulde tilpasningsmuligheder. Fra forskellige tryk til forskellige h\u00e5ndtagstyper kan vi skabe den perfekte taske til dit brands behov.<\/p>\n\n\n\n<p class=\"has-text-align-center\"><a href=\"https:\/\/avecobaggie.com\/da\/whats-the-difference-between-cotton-bag-or-canvas-bag\/\">Bomuld mod l\u00e6rred<\/a><\/p>\n\n\n\n<figure class=\"wp-block-table\"><table class=\"has-fixed-layout\"><tbody><tr><td><\/td><td><strong>Bomuld<\/strong><strong><\/strong><\/td><td><strong>L\u00e6rred<\/strong><strong><\/strong><\/td><\/tr><tr><td><strong>Materiale<\/strong><strong><\/strong><\/td><td>normalt 100% bomuld<\/td><td>normalt 35%bomuld eller hamp, 65%polyester (kan ogs\u00e5 v\u00e6re 100%bomuld)<\/td><\/tr><tr><td><strong>V\u00e6vning af garn<\/strong><strong><\/strong><\/td><td>Enkelt k\u00e6de- og skudgarn<\/td><td>Mere end 2 k\u00e6de- og skudgarn, ser tykkere ud<\/td><\/tr><tr><td><strong>V\u00e6vemetode<\/strong><strong><\/strong><\/td><td>Almindelig eller twill-v\u00e6vning<\/td><td>For det meste ensfarvet v\u00e6vning<\/td><\/tr><tr><td><strong>Tekstur af stof<\/strong><strong><\/strong><\/td><td>sm\u00e5 pletter p\u00e5 overfladen, som faktisk er de naturlige fr\u00f8<\/td><td>Ingen pletter, grovere end bomuld<\/td><\/tr><tr><td><strong>V\u00e6gt:<\/strong><strong><\/strong><\/td><td>kan voksbehandles for at v\u00e6re vandt\u00e6t, kan halvbleges eller helbleges<\/td><td>over 8 oz, for samme tykkelse er l\u00e6rredet billigere, kan ogs\u00e5 laste mere v\u00e6gt<\/td><\/tr><tr><td>Fra tynd 4 oz til tyk 16 oz, letv\u00e6gt, v\u00e6lg hellere bomuld<\/td><td>Mere b\u00e6redygtig og 100% bionedbrydelig<\/td><td>B\u00e6redygtig, men ikke fuldt biologisk nedbrydelig<\/td><\/tr><tr><td><strong>Vandt\u00e6t<\/strong><strong><\/strong><\/td><td>Ikke vandt\u00e6t, hvis ikke lamineret \uff0c kan v\u00e6re halvbleget eller helt bleget<\/td><td>Over 8 oz, for samme tykkelse, er l\u00e6rredet billigere, kan ogs\u00e5 laste mere v\u00e6gt<\/td><\/tr><tr><td><strong>\u00c5ndbarhed<\/strong><strong><\/strong><\/td><td>Bl\u00f8d og fremragende \u00e5ndbarhed<\/td><td>tyk og mindre ventileret, velegnet til stereotype tasker<\/td><\/tr><tr><td><strong>Printbarhed<\/strong><strong><\/strong><\/td><td>til varmeoverf\u00f8rselstryk ikke s\u00e5 god som l\u00e6rredet<\/td><td>N\u00e6sten venlig over for alle trykmetoder, designet vil fremst\u00e5 smukt<\/td><\/tr><tr><td><strong>Pleje af vask<\/strong><strong><\/strong><\/td><td>vil krympe fra 2% til 5% efter vask.<\/td><td>Krymper mindre end 100%. Bomuld<\/td><\/tr><tr><td><strong>Holdbarhed<\/strong><strong><\/strong><\/td><td>let at rynke og deformere, let at klistre h\u00e5r p\u00e5<\/td><td>Let at blive beskidt og deformere,<\/td><\/tr><tr><td><strong>Anvendelse:<\/strong><strong><\/strong><\/td><td>sm\u00e5 bomuldsposer med l\u00f8begang, poser til produkter, poser til f\u00f8devareemballage, lette bomuldstasker osv.<\/td><td>indk\u00f8bstaske, dagligvaretaske, heavy-duty ba, l\u00e6rredstaske, sportstaske, daglig taske osv.<\/td><\/tr><\/tbody><\/table><\/figure>","protected":false},"excerpt":{"rendered":"<p><strong>B\u00f8rnestil | Dobbelt h\u00e5ndtag og snor | Milj\u00f8venlig<\/strong><\/p>","protected":false},"featured_media":10241,"comment_status":"open","ping_status":"closed","template":"","meta":{"_seopress_robots_primary_cat":"none","_seopress_titles_title":"Custom Novelty Drawsting Tote | Promotional & Retail Package","_seopress_titles_desc":"Creative 35x37x10cm peanut-shaped tote with embroidered face. Dual closures, 12oz cotton. MOQ 500 for food brands, kids' merch & eco campaigns.","_seopress_robots_index":""},"product_brand":[185],"product_cat":[188,29],"product_tag":[122],"class_list":{"0":"post-10234","1":"product","2":"type-product","3":"status-publish","4":"has-post-thumbnail","6":"product_brand-avecobaggie","7":"product_cat-custom-canvas-bag","8":"product_cat-tote-bag","9":"product_tag-canvas-bag","11":"first","12":"instock","13":"taxable","14":"shipping-taxable","15":"product-type-simple"},"_links":{"self":[{"href":"https:\/\/avecobaggie.com\/da\/wp-json\/wp\/v2\/product\/10234","targetHints":{"allow":["GET"]}}],"collection":[{"href":"https:\/\/avecobaggie.com\/da\/wp-json\/wp\/v2\/product"}],"about":[{"href":"https:\/\/avecobaggie.com\/da\/wp-json\/wp\/v2\/types\/product"}],"replies":[{"embeddable":true,"href":"https:\/\/avecobaggie.com\/da\/wp-json\/wp\/v2\/comments?post=10234"}],"wp:featuredmedia":[{"embeddable":true,"href":"https:\/\/avecobaggie.com\/da\/wp-json\/wp\/v2\/media\/10241"}],"wp:attachment":[{"href":"https:\/\/avecobaggie.com\/da\/wp-json\/wp\/v2\/media?parent=10234"}],"wp:term":[{"taxonomy":"product_brand","embeddable":true,"href":"https:\/\/avecobaggie.com\/da\/wp-json\/wp\/v2\/product_brand?post=10234"},{"taxonomy":"product_cat","embeddable":true,"href":"https:\/\/avecobaggie.com\/da\/wp-json\/wp\/v2\/product_cat?post=10234"},{"taxonomy":"product_tag","embeddable":true,"href":"https:\/\/avecobaggie.com\/da\/wp-json\/wp\/v2\/product_tag?post=10234"}],"curies":[{"name":"wp","href":"https:\/\/api.w.org\/{rel}","templated":true}]}}