{"id":1024,"date":"2021-02-22T11:06:16","date_gmt":"2021-02-22T03:06:16","guid":{"rendered":"https:\/\/avecobaggie.com\/?post_type=product&#038;p=1024"},"modified":"2021-03-30T11:20:52","modified_gmt":"2021-03-30T03:20:52","slug":"custom-double-drawstring-linen-bagcustom-double-drawstring-cotton-bag","status":"publish","type":"product","link":"https:\/\/avecobaggie.com\/da\/product\/custom-double-drawstring-linen-bagcustom-double-drawstring-cotton-bag\/","title":{"rendered":"Brugerdefineret linnedpose med dobbelt snor"},"content":{"rendered":"<p>Aveco leverer hovedsageligt tilpassede \u00f8koposer med one-stop-shop-l\u00f8sningsservice. Vi har ogs\u00e5 nogle grundl\u00e6ggende former for poser til en nem start som anf\u00f8rt p\u00e5 hjemmesiden for\u00a0\u00a0<a href=\"https:\/\/avecobaggie.com\/da\/product-category\/bags-in-stock\/\"> Tasker p\u00e5 lager <\/a>. de fleste lagerf\u00f8rte poser er blanke uden tryk, s\u00e5 det er lettere for dig at lave et privat logo eller en etiket til dine kunder uden noget minimum.<\/p>\n<p><span class=\"Apple-converted-space\">\u00a0 \u00a0 Hvis du vil tilpasse disse \u00f8ko-poser, er det ogs\u00e5 nemt, nogle af poserne er endda med ekstremt lave priser. <\/span>MOQ for tilpassede overflader. Is\u00e6r bomulds- eller l\u00e6rredspose er ekstremt lav ved 100 stykker eller endnu mindre for at st\u00f8tte begyndere, g\u00e5 til <a href=\"https:\/\/avecobaggie.com\/da\/custom-solutions\/\"><strong>TILPASSEDE L\u00d8SNINGER<\/strong><\/a> for at f\u00e5 mere at vide om trin for specialfremstillede tasker.<\/p>\n<p>&nbsp;<\/p>\n<p>Forskellen mellem h\u00f8r og bomuld er, at h\u00f8rstoffet er l\u00f8st v\u00e6vet, mens bomuldsstoffet er mere stramt v\u00e6vet.<\/p>\n<p><img fetchpriority=\"high\" class=\"size-medium wp-image-2528 aligncenter\" src=\"https:\/\/avecobaggie.com\/wp-content\/uploads\/2021\/02\/cotton-linen-300x193.jpg\" alt=\"\" width=\"300\" height=\"193\" srcset=\"https:\/\/avecobaggie.com\/wp-content\/uploads\/2021\/02\/cotton-linen-300x193.jpg 300w, https:\/\/avecobaggie.com\/wp-content\/uploads\/2021\/02\/cotton-linen.jpg 498w\" sizes=\"(max-width: 300px) 100vw, 300px\" \/><\/p>\n<h3 class=\"p1\"><span style=\"color: #333333;\">\u00a0 \u00a0 Produktegenskaber for den brugerdefinerede linnedpose med dobbelt snor<\/span><\/h3>\n<ul>\n<li><strong>Taske-stil<\/strong>: Taske med snor<\/li>\n<li><strong>Materialetype<\/strong>: Naturligt linned<\/li>\n<li><strong>Materiale V\u00e6gt<\/strong>: 6 oz<\/li>\n<li><strong>Materiale Farve<\/strong>: M\u00f8rk beige, Lys beige<\/li>\n<li><strong>Taske st\u00f8rrelse<\/strong>: 4\u2033W x 6\u2033H |6\u2033W x 8\u2033H|10\u2033W x 12\u2033H \uff08liste med popul\u00e6r st\u00f8rrelse, vi accepterer tilpasset st\u00f8rrelse taske\uff09.<\/li>\n<li><strong>P\u00e5trykt omr\u00e5de<\/strong>: 1 farve | 2 farver | flere farver | Fuldt tryk, tryk p\u00e5 en side eller to sider<\/li>\n<li><strong>Lukning<\/strong>: L\u00f8beb\u00e5nd<\/li>\n<li><strong>Plejeinstruktioner<\/strong>: H\u00e5ndvask anbefales, maskinvask er ogs\u00e5 ok, h\u00e6ng til t\u00f8rre.<\/li>\n<\/ul>\n<p>&nbsp;<\/p>","protected":false},"excerpt":{"rendered":"<p>Lidt grovere end 100% bomuldspose, men holdbar og billigere for samme st\u00f8rrelse, velegnet til pakning af korn, ris, b\u00f8nner, hvis du vil have et naturligt udseende, er linnedpose med snor perfekt<\/p>","protected":false},"featured_media":1643,"comment_status":"open","ping_status":"closed","template":"","meta":{"_seopress_robots_primary_cat":"none","_seopress_titles_title":"%%post_title%% %%sep%%Low MOQ %%sep%%Fast Shipping","_seopress_titles_desc":"Drawstring Linen Bag is a bit rougher than drawstring cotton bag, easy to print logo or pattern.MOQ 100Pieces,Fast Shipment.24 Hours service.","_seopress_robots_index":""},"product_brand":[],"product_cat":[92,103,111],"product_tag":[114,116,115],"class_list":{"0":"post-1024","1":"product","2":"type-product","3":"status-publish","4":"has-post-thumbnail","6":"product_cat-drawstring-bag","7":"product_cat-other-fabric-bag","8":"product_cat-promotional-events","9":"product_tag-cotton-bag","10":"product_tag-eco-friendly","11":"product_tag-promotional-bag","13":"first","14":"instock","15":"taxable","16":"shipping-taxable","17":"product-type-simple"},"_links":{"self":[{"href":"https:\/\/avecobaggie.com\/da\/wp-json\/wp\/v2\/product\/1024","targetHints":{"allow":["GET"]}}],"collection":[{"href":"https:\/\/avecobaggie.com\/da\/wp-json\/wp\/v2\/product"}],"about":[{"href":"https:\/\/avecobaggie.com\/da\/wp-json\/wp\/v2\/types\/product"}],"replies":[{"embeddable":true,"href":"https:\/\/avecobaggie.com\/da\/wp-json\/wp\/v2\/comments?post=1024"}],"wp:featuredmedia":[{"embeddable":true,"href":"https:\/\/avecobaggie.com\/da\/wp-json\/wp\/v2\/media\/1643"}],"wp:attachment":[{"href":"https:\/\/avecobaggie.com\/da\/wp-json\/wp\/v2\/media?parent=1024"}],"wp:term":[{"taxonomy":"product_brand","embeddable":true,"href":"https:\/\/avecobaggie.com\/da\/wp-json\/wp\/v2\/product_brand?post=1024"},{"taxonomy":"product_cat","embeddable":true,"href":"https:\/\/avecobaggie.com\/da\/wp-json\/wp\/v2\/product_cat?post=1024"},{"taxonomy":"product_tag","embeddable":true,"href":"https:\/\/avecobaggie.com\/da\/wp-json\/wp\/v2\/product_tag?post=1024"}],"curies":[{"name":"wp","href":"https:\/\/api.w.org\/{rel}","templated":true}]}}