{"id":10332,"date":"2025-05-13T14:33:21","date_gmt":"2025-05-13T06:33:21","guid":{"rendered":"https:\/\/avecobaggie.com\/?post_type=product&#038;p=10332"},"modified":"2025-05-15T17:41:16","modified_gmt":"2025-05-15T09:41:16","slug":"king-size-comforter-storage-bags-with-zipper","status":"publish","type":"product","link":"https:\/\/avecobaggie.com\/da\/product\/king-size-comforter-storage-bags-with-zipper\/","title":{"rendered":"King Size dyneopbevaringsposer med lynl\u00e5s"},"content":{"rendered":"<p><strong>Opbevaringsl\u00f8sninger i kommerciel kvalitet<\/strong><\/p>\n\n\n\n<ul class=\"wp-block-list\">\n<li><strong>16 oz ultra-tykt l\u00e6rred<\/strong>&nbsp;T\u00e5ler slid, fugt og belastninger p\u00e5 over 50 kg til industriel brug.<\/li>\n\n\n\n<li><strong>Syninger i hele omkredsen<\/strong>&nbsp;forst\u00e6rker den strukturelle integritet ved stresspunkter.<\/li>\n<\/ul>\n\n\n\n<p><strong>Udviklet til tunge belastninger<\/strong><\/p>\n\n\n\n<ul class=\"wp-block-list\">\n<li><strong>4 progressive st\u00f8rrelser<\/strong>:<br> &nbsp;<strong>50x45x20cm<\/strong>: Kompakt til v\u00e6rkt\u00f8j\/tilbeh\u00f8r.<br> &nbsp;<strong>60x50x23cm<\/strong>: Mellemst\u00f8rrelse til b\u00f8ger\/k\u00f8kkenudstyr.<br> &nbsp;<strong>75x50x23cm<\/strong>: Stor kapacitet til senget\u00f8j\/linned.<br> &nbsp;<strong>86x50x23cm<\/strong>: Ekstra lang til s\u00e6sonbestemt t\u00f8j\/gardiner.<\/li>\n\n\n\n<li><strong>Dobbelte metal-lynl\u00e5se<\/strong>&nbsp;med&nbsp;<strong>Anti-snag skydere<\/strong>&nbsp;sikrer j\u00e6vn drift under fuld kapacitet.<\/li>\n\n\n\n<li><strong>360\u00b0 h\u00e5ndtag i nylon<\/strong>&nbsp;fordele v\u00e6gten j\u00e6vnt til&nbsp;<strong>forebyg overbelastning af skulderen<\/strong>.<\/li>\n<\/ul>\n\n\n\n<p><strong>Fordele ved tilpasning<\/strong><\/p>\n\n\n\n<ul class=\"wp-block-list\">\n<li><strong>2 neutrale toner<\/strong>&nbsp;(Sage Green\/Tan) passer til professionelle\/kommercielle milj\u00f8er.<\/li>\n\n\n\n<li><strong>Tilf\u00f8j indvendige skillev\u00e6gge, logotryk eller RFID-tags<\/strong>&nbsp;til lagerstyring.<\/li>\n<\/ul>\n\n\n\n<p><strong>Scenarier for industriel anvendelse<\/strong><br>\u2713&nbsp;<strong>Flyttefirmaer<\/strong>: Stabelbart design optimerer udnyttelsen af pladsen i lastbilen.<br>\u2713&nbsp;<strong>Opbevaringsfaciliteter<\/strong>: Tilbyd kraftige tasker med logo som opgradering af servicen.<br>\u2713&nbsp;<strong>Produktionsanl\u00e6g<\/strong>: Organiser v\u00e6rkt\u00f8jer\/dele med farvekodede st\u00f8rrelser.<br>\u2713&nbsp;<strong>Detailhandelsk\u00e6der<\/strong>: Brug den som s\u00e6sonbestemt reklameemballage ved stork\u00f8b.<\/p>\n\n\n\n<p><strong>6. Din vision, vores ekspertise<\/strong><br><em>Har du brug for brandh\u00e6mmende bel\u00e6gninger, specialm\u00e5l eller milj\u00f8venlige varianter?<\/em>&nbsp;Fra&nbsp;<strong>vandt\u00e6tte PEVA-forede tasker<\/strong>&nbsp;til&nbsp;<strong>Milit\u00e6rspecifikke MOLLE-kompatible systemer<\/strong>Vi udvikler opbevaringsl\u00f8sninger til specialiserede industrier. Anmod om gratis pr\u00f8ver for at teste stoffets holdbarhed - global logistik, konkurrencedygtige MOQ'er, intet projekt er for komplekst.<\/p>\n\n\n\n<p class=\"has-text-align-center\"><a href=\"https:\/\/avecobaggie.com\/da\/whats-the-difference-between-cotton-bag-or-canvas-bag\/\">Bomuld mod l\u00e6rred<\/a><\/p>\n\n\n\n<figure class=\"wp-block-table\"><table class=\"has-fixed-layout\"><tbody><tr><td><\/td><td><strong>Bomuld<\/strong><strong><\/strong><\/td><td><strong>L\u00e6rred<\/strong><strong><\/strong><\/td><\/tr><tr><td><strong>Materiale<\/strong><strong><\/strong><\/td><td>normalt 100% bomuld<\/td><td>normalt 35%bomuld eller hamp, 65%polyester (kan ogs\u00e5 v\u00e6re 100%bomuld)<\/td><\/tr><tr><td><strong>V\u00e6vning af garn<\/strong><strong><\/strong><\/td><td>Enkelt k\u00e6de- og skudgarn<\/td><td>Mere end 2 k\u00e6de- og skudgarn, ser tykkere ud<\/td><\/tr><tr><td><strong>V\u00e6vemetode<\/strong><strong><\/strong><\/td><td>Almindelig eller twill-v\u00e6vning<\/td><td>For det meste ensfarvet v\u00e6vning<\/td><\/tr><tr><td><strong>Tekstur af stof<\/strong><strong><\/strong><\/td><td>sm\u00e5 pletter p\u00e5 overfladen, som faktisk er de naturlige fr\u00f8<\/td><td>Ingen pletter, grovere end bomuld<\/td><\/tr><tr><td><strong>V\u00e6gt:<\/strong><strong><\/strong><\/td><td>kan voksbehandles for at v\u00e6re vandt\u00e6t, kan halvbleges eller helbleges<\/td><td>over 8 oz, for samme tykkelse er l\u00e6rredet billigere, kan ogs\u00e5 laste mere v\u00e6gt<\/td><\/tr><tr><td>Fra tynd 4 oz til tyk 16 oz, letv\u00e6gt, v\u00e6lg hellere bomuld<\/td><td>Mere b\u00e6redygtig og 100% bionedbrydelig<\/td><td>B\u00e6redygtig, men ikke fuldt biologisk nedbrydelig<\/td><\/tr><tr><td><strong>Vandt\u00e6t<\/strong><strong><\/strong><\/td><td>Ikke vandt\u00e6t, hvis ikke lamineret \uff0c kan v\u00e6re halvbleget eller helt bleget<\/td><td>Over 8 oz, for samme tykkelse, er l\u00e6rredet billigere, kan ogs\u00e5 laste mere v\u00e6gt<\/td><\/tr><tr><td><strong>\u00c5ndbarhed<\/strong><strong><\/strong><\/td><td>Bl\u00f8d og fremragende \u00e5ndbarhed<\/td><td>tyk og mindre ventileret, velegnet til stereotype tasker<\/td><\/tr><tr><td><strong>Printbarhed<\/strong><strong><\/strong><\/td><td>til varmeoverf\u00f8rselstryk ikke s\u00e5 god som l\u00e6rredet<\/td><td>N\u00e6sten venlig over for alle trykmetoder, designet vil fremst\u00e5 smukt<\/td><\/tr><tr><td><strong>Pleje af vask<\/strong><strong><\/strong><\/td><td>vil krympe fra 2% til 5% efter vask.<\/td><td>Krymper mindre end 100%. Bomuld<\/td><\/tr><tr><td><strong>Holdbarhed<\/strong><strong><\/strong><\/td><td>let at rynke og deformere, let at klistre h\u00e5r p\u00e5<\/td><td>Let at blive beskidt og deformere,<\/td><\/tr><tr><td><strong>Anvendelse:<\/strong><strong><\/strong><\/td><td>sm\u00e5 bomuldsposer med l\u00f8begang, poser til produkter, poser til f\u00f8devareemballage, lette bomuldstasker osv.<\/td><td>indk\u00f8bstaske, dagligvaretaske, heavy-duty ba, l\u00e6rredstaske, sportstaske, daglig taske osv.<\/td><\/tr><\/tbody><\/table><\/figure>","protected":false},"excerpt":{"rendered":"<p><strong>16 oz l\u00e6rred | Nylonh\u00e5ndtag | Dobbelte metallynl\u00e5se | Massebestillinger<\/strong><\/p>","protected":false},"featured_media":10333,"comment_status":"open","ping_status":"closed","template":"","meta":{"_seopress_robots_primary_cat":"none","_seopress_titles_title":"King Size Comforter Storage Bags for Moving & Packing","_seopress_titles_desc":"16oz reinforced canvas storage bags with dual metal zippers & nylon handles. 4 sizes (50-86cm) for heavy-duty moving, logistics, and bulk branding. Custom colors supported.","_seopress_robots_index":""},"product_brand":[185],"product_cat":[188,100],"product_tag":[37],"class_list":{"0":"post-10332","1":"product","2":"type-product","3":"status-publish","4":"has-post-thumbnail","6":"product_brand-avecobaggie","7":"product_cat-custom-canvas-bag","8":"product_cat-other-creative-bag","9":"product_tag-tote-bag","11":"first","12":"instock","13":"taxable","14":"shipping-taxable","15":"product-type-simple"},"_links":{"self":[{"href":"https:\/\/avecobaggie.com\/da\/wp-json\/wp\/v2\/product\/10332","targetHints":{"allow":["GET"]}}],"collection":[{"href":"https:\/\/avecobaggie.com\/da\/wp-json\/wp\/v2\/product"}],"about":[{"href":"https:\/\/avecobaggie.com\/da\/wp-json\/wp\/v2\/types\/product"}],"replies":[{"embeddable":true,"href":"https:\/\/avecobaggie.com\/da\/wp-json\/wp\/v2\/comments?post=10332"}],"wp:featuredmedia":[{"embeddable":true,"href":"https:\/\/avecobaggie.com\/da\/wp-json\/wp\/v2\/media\/10333"}],"wp:attachment":[{"href":"https:\/\/avecobaggie.com\/da\/wp-json\/wp\/v2\/media?parent=10332"}],"wp:term":[{"taxonomy":"product_brand","embeddable":true,"href":"https:\/\/avecobaggie.com\/da\/wp-json\/wp\/v2\/product_brand?post=10332"},{"taxonomy":"product_cat","embeddable":true,"href":"https:\/\/avecobaggie.com\/da\/wp-json\/wp\/v2\/product_cat?post=10332"},{"taxonomy":"product_tag","embeddable":true,"href":"https:\/\/avecobaggie.com\/da\/wp-json\/wp\/v2\/product_tag?post=10332"}],"curies":[{"name":"wp","href":"https:\/\/api.w.org\/{rel}","templated":true}]}}