{"id":10369,"date":"2025-05-14T15:41:12","date_gmt":"2025-05-14T07:41:12","guid":{"rendered":"https:\/\/avecobaggie.com\/?post_type=product&#038;p=10369"},"modified":"2025-05-15T17:00:06","modified_gmt":"2025-05-15T09:00:06","slug":"tyvek-first-aid-kits-custom-medical-pouch","status":"publish","type":"product","link":"https:\/\/avecobaggie.com\/da\/product\/tyvek-first-aid-kits-custom-medical-pouch\/","title":{"rendered":"Tyvek-f\u00f8rstehj\u00e6lpskasser | Medicinsk pose efter m\u00e5l"},"content":{"rendered":"<h2 class=\"wp-block-heading has-text-align-center\"><strong>Beskrivelse af produktet<\/strong><\/h2>\n\n\n\n<p><strong>Holdbarhed i n\u00f8dstilf\u00e6lde<\/strong><\/p>\n\n\n\n<ul class=\"wp-block-list\">\n<li><strong>Dupont\u2122 Tyvek-skal<\/strong>&nbsp;giver&nbsp;<strong>vandt\u00e6t beskyttelse<\/strong>&nbsp;til medicinsk udstyr i fugtige\/udend\u00f8rs milj\u00f8er.<\/li>\n\n\n\n<li><strong>Forst\u00e6rkede syninger<\/strong>&nbsp;p\u00e5 belastningspunkter sikrer modstandsdygtighed over for rivning ved h\u00e5rdh\u00e6ndet h\u00e5ndtering.<\/li>\n<\/ul>\n\n\n\n<p><strong>Optimeret medicinsk organisation<\/strong><\/p>\n\n\n\n<ul class=\"wp-block-list\">\n<li><strong>3 Pro-st\u00f8rrelser<\/strong>:<br> &nbsp;<strong>Lille (13x12x6cm)<\/strong>: Kompakt til plaster\/medicin<br> &nbsp;<strong>Medium (15x14x8cm)<\/strong>: Mellemst\u00f8rrelse til saks\/tang<br> &nbsp;<strong>Stor (22x16x8cm)<\/strong>: Fuld kapacitet af traumes\u00e6t<\/li>\n\n\n\n<li><strong>Dobbelt indvendig opbevaring<\/strong>:<br> &nbsp;<strong>Inddelingslommer i net<\/strong>&nbsp;sikre sm\u00e5 genstande<br> &nbsp;<strong>Rum i polyester med lynl\u00e5s<\/strong>&nbsp;til f\u00f8lsomme v\u00e6rkt\u00f8jer<\/li>\n\n\n\n<li><strong>Lynl\u00e5s i metal<\/strong>&nbsp;med&nbsp;<strong>glidende aftr\u00e6kker<\/strong>&nbsp;giver lydl\u00f8s adgang med \u00e9n h\u00e5nd.<\/li>\n<\/ul>\n\n\n\n<p><strong>Tilpasning og massefordele<\/strong><\/p>\n\n\n\n<ul class=\"wp-block-list\">\n<li><strong>Spr\u00f8d hvid Tyvek<\/strong>&nbsp;med&nbsp;<strong>sort logotryk<\/strong>&nbsp;(Pantone-farvetilpasning tilg\u00e6ngelig).<\/li>\n\n\n\n<li><strong>Tilf\u00f8j r\u00f8de kors-symboler<\/strong>&nbsp;eller&nbsp;<strong>Etiketter p\u00e5 flere sprog<\/strong>&nbsp;for regional overensstemmelse.<\/li>\n\n\n\n<li><strong>MOQ 500 enheder<\/strong>&nbsp;- m\u00e6ngderabatter for ordrer p\u00e5 over 3.000 stk.<\/li>\n<\/ul>\n\n\n\n<p><strong>Scenarier for kommerciel brug<\/strong><br> &nbsp;<strong>Udend\u00f8rs m\u00e6rker<\/strong>: Pakkes sammen med campingudstyr som f\u00f8rsteklasses sikkerhedss\u00e6t.<br> &nbsp;<strong>Virksomhedskontorer<\/strong>: Hav OSHA-kompatible n\u00f8dforsyninger p\u00e5 lager.<br> &nbsp;<strong>Skoler\/hospitaler<\/strong>: Tilpas med institutionelle protokoller.<br> &nbsp;<strong>OEM'er til biler<\/strong>: Inkluderes i k\u00f8ret\u00f8jets n\u00f8dkit.<\/p>\n\n\n\n<hr class=\"wp-block-separator has-alpha-channel-opacity\"\/>\n\n\n\n<h4 class=\"wp-block-heading has-text-align-center\"><strong><a href=\"https:\/\/avecobaggie.com\/da\/custom-tyvek-bag-manufacturer\/\" data-type=\"page\" data-id=\"8777\"><\/a><strong><a href=\"https:\/\/avecobaggie.com\/da\/custom-tyvek-bag-manufacturer\/\" data-type=\"page\" data-id=\"8777\"><\/a><strong><strong><strong><a href=\"https:\/\/avecobaggie.com\/da\/custom-tyvek-bag-manufacturer\/\" data-type=\"page\" data-id=\"8777\"><\/a><strong><strong><strong><a href=\"https:\/\/avecobaggie.com\/da\/custom-tyvek-bag-manufacturer\/\" data-type=\"page\" data-id=\"8777\"><strong><strong><strong><strong><strong><strong><strong><strong><strong><strong><strong><strong><\/strong><\/strong><\/strong><\/strong><\/strong><\/strong><\/strong><\/strong><\/strong><\/strong><\/strong><\/strong><\/a><strong><strong><strong><a href=\"https:\/\/avecobaggie.com\/da\/custom-tyvek-bag-manufacturer\/\" data-type=\"page\" data-id=\"8777\"><strong><strong><strong><strong><strong>Ud over standards\u00e6ttene<\/strong><\/strong><\/strong><\/strong><\/strong><\/a><\/strong><\/strong><\/strong><\/strong><\/strong><\/strong><\/strong><\/strong><\/strong><\/strong><\/strong><\/h4>\n\n\n\n<p><em>Har du brug for RFID-blokerende lag, antibakterielle foringer eller taktiske MOLLE-vedh\u00e6ftninger?<\/em>&nbsp;Fra&nbsp;<strong>Brandsikre traumeposer<\/strong>&nbsp;til&nbsp;<strong>modul\u00e6re EMS-systemer<\/strong>Vi udvikler medicinske opbevaringsl\u00f8sninger til specialiserede markeder. Anmod om en gratis Tyvek-pr\u00f8ve - globale certificeringer, konkurrencedygtige MOQ'er, ingen specifikationer er for pr\u00e6cise.<\/p>\n\n\n\n<figure class=\"wp-block-image size-large is-resized\"><img fetchpriority=\"high\" width=\"1024\" height=\"752\" src=\"https:\/\/avecobaggie.com\/wp-content\/uploads\/2025\/03\/Handling-process-selection-3-1024x752.jpg\" alt=\"Tilbeh\u00f8r til tyvekpose\" class=\"wp-image-9131\" style=\"object-fit:cover;width:1140px;height:837px\" srcset=\"https:\/\/avecobaggie.com\/wp-content\/uploads\/2025\/03\/Handling-process-selection-3-1024x752.jpg 1024w, https:\/\/avecobaggie.com\/wp-content\/uploads\/2025\/03\/Handling-process-selection-3-300x220.jpg 300w, https:\/\/avecobaggie.com\/wp-content\/uploads\/2025\/03\/Handling-process-selection-3-768x564.jpg 768w, https:\/\/avecobaggie.com\/wp-content\/uploads\/2025\/03\/Handling-process-selection-3-600x441.jpg 600w, https:\/\/avecobaggie.com\/wp-content\/uploads\/2025\/03\/Handling-process-selection-3.jpg 1140w\" sizes=\"(max-width: 1024px) 100vw, 1024px\" \/><\/figure>\n\n\n\n<figure class=\"wp-block-image size-large is-resized\"><img width=\"929\" height=\"1024\" src=\"https:\/\/avecobaggie.com\/wp-content\/uploads\/2025\/03\/Handling-process-selection-4-929x1024.jpg\" alt=\"H\u00e5ndtagsmulighed til fremstilling af tyvekpose\" class=\"wp-image-9132\" style=\"object-fit:cover;width:1140px;height:1256px\" srcset=\"https:\/\/avecobaggie.com\/wp-content\/uploads\/2025\/03\/Handling-process-selection-4-929x1024.jpg 929w, https:\/\/avecobaggie.com\/wp-content\/uploads\/2025\/03\/Handling-process-selection-4-272x300.jpg 272w, https:\/\/avecobaggie.com\/wp-content\/uploads\/2025\/03\/Handling-process-selection-4-768x846.jpg 768w, https:\/\/avecobaggie.com\/wp-content\/uploads\/2025\/03\/Handling-process-selection-4-600x661.jpg 600w, https:\/\/avecobaggie.com\/wp-content\/uploads\/2025\/03\/Handling-process-selection-4.jpg 1140w\" sizes=\"(max-width: 929px) 100vw, 929px\" \/><\/figure>\n\n\n\n<figure class=\"wp-block-table\"><table><tbody><tr><td>Materiale<\/td><td>DuPont Tyvek papir<\/td><\/tr><tr><td>Farve<\/td><td>V\u00e6lg fra vores tilg\u00e6ngelige stoflager, eller tilpas gennem indfarvning for at matche specifikke Pantone-farver.<\/td><\/tr><tr><td>Tykkelse af stof<\/td><td>35-105 gsm<\/td><\/tr><tr><td>St\u00f8rrelse<\/td><td>Kan tilpasses<\/td><\/tr><tr><td>Udskrivning<\/td><td>Digitaltryk, serigrafi, varmeoverf\u00f8rselstryk, flexografi<\/td><\/tr><tr><td>H\u00e5ndtagstype<\/td><td>Tyvek, l\u00e6der, bomuld, nylon<\/td><\/tr><tr><td>Tilbeh\u00f8r<\/td><td>Inderlomme, yderlomme, lynl\u00e5s, trykknap, magnetisk trykknap, velcro, l\u00f8begang, bundkile, sidekile, D-ring, sp\u00e6nder, \u00f8je, skillev\u00e6gge, m\u00e6rke, etiket<\/td><\/tr><tr><td>Funktioner<\/td><td>Let, men holdbar, vandafvisende, rivefast, \u00e5ndbar, milj\u00f8venlig og genanvendelig, unik tekstur og udseende, nem at tilpasse<\/td><\/tr><tr><td>Anvendelse<\/td><td>Reklamebegivenheder, shopping, rejser, konferencer, udstillinger, strandture, picnic, daglig brug<\/td><\/tr><tr><td>Kvalitet<\/td><td>F\u00f8rsteklasses materialer og overlegent h\u00e5ndv\u00e6rk garanteret<\/td><\/tr><tr><td>OEM\/ODM<\/td><td>Acceptabel<\/td><\/tr><tr><td rowspan=\"4\">Pr\u00f8veproduktion<\/td><td>Leveringstid: 3-7 dage.<\/td><\/tr><tr><td>Omkostninger: 30USD-80USD Varierer afh\u00e6ngigt af produktdetaljer.<\/td><\/tr><tr><td>Tilbagebetalingspolitik: Fuld refusion ved en ordre p\u00e5 1000 stk. eller mere.<\/td><\/tr><tr><td>Standardpr\u00f8ver er gratis. Du er kun ansvarlig for at d\u00e6kke forsendelsesomkostningerne.<\/td><\/tr><tr><td>Pakning<\/td><td>PE-pose + karton (kan tilpasses)<\/td><\/tr><tr><td>Masseproduktion<\/td><td>7-30 dage afh\u00e6nger af m\u00e6ngde<\/td><\/tr><tr><td>Forsendelse<\/td><td>Med ekspres (DHL, UPS, FedEx, TNT, EMS), med fly, ad s\u00f8vejen<\/td><\/tr><\/tbody><\/table><\/figure>\n\n\n\n<p><\/p>","protected":false},"excerpt":{"rendered":"<p><strong>3 st\u00f8rrelser | Vandt\u00e6t Tyvek | Metal lynl\u00e5s | Indvendige lommer<\/strong><\/p>","protected":false},"featured_media":10370,"comment_status":"open","ping_status":"closed","template":"","meta":{"_seopress_robots_primary_cat":"none","_seopress_titles_title":"Custom Waterproof Tyvek First Aid Kits Medical Pouch","_seopress_titles_desc":"Durable Tyvek medical kits with metal zippers & inner compartments. 3 sizes (13-22cm) for outdoor, home & bulk orders. Custom logos & MOQ 500pcs.","_seopress_robots_index":""},"product_brand":[185],"product_cat":[189],"product_tag":[136],"class_list":{"0":"post-10369","1":"product","2":"type-product","3":"status-publish","4":"has-post-thumbnail","6":"product_brand-avecobaggie","7":"product_cat-custom-tyvek-bag","8":"product_tag-dupont-bag","10":"first","11":"instock","12":"taxable","13":"shipping-taxable","14":"product-type-simple"},"_links":{"self":[{"href":"https:\/\/avecobaggie.com\/da\/wp-json\/wp\/v2\/product\/10369","targetHints":{"allow":["GET"]}}],"collection":[{"href":"https:\/\/avecobaggie.com\/da\/wp-json\/wp\/v2\/product"}],"about":[{"href":"https:\/\/avecobaggie.com\/da\/wp-json\/wp\/v2\/types\/product"}],"replies":[{"embeddable":true,"href":"https:\/\/avecobaggie.com\/da\/wp-json\/wp\/v2\/comments?post=10369"}],"wp:featuredmedia":[{"embeddable":true,"href":"https:\/\/avecobaggie.com\/da\/wp-json\/wp\/v2\/media\/10370"}],"wp:attachment":[{"href":"https:\/\/avecobaggie.com\/da\/wp-json\/wp\/v2\/media?parent=10369"}],"wp:term":[{"taxonomy":"product_brand","embeddable":true,"href":"https:\/\/avecobaggie.com\/da\/wp-json\/wp\/v2\/product_brand?post=10369"},{"taxonomy":"product_cat","embeddable":true,"href":"https:\/\/avecobaggie.com\/da\/wp-json\/wp\/v2\/product_cat?post=10369"},{"taxonomy":"product_tag","embeddable":true,"href":"https:\/\/avecobaggie.com\/da\/wp-json\/wp\/v2\/product_tag?post=10369"}],"curies":[{"name":"wp","href":"https:\/\/api.w.org\/{rel}","templated":true}]}}