{"id":10807,"date":"2025-06-19T16:56:51","date_gmt":"2025-06-19T08:56:51","guid":{"rendered":"https:\/\/avecobaggie.com\/?post_type=product&#038;p=10807"},"modified":"2025-06-19T17:05:52","modified_gmt":"2025-06-19T09:05:52","slug":"black-and-white-printedbrown-rpet-cooler-bag-for-picnic","status":"publish","type":"product","link":"https:\/\/avecobaggie.com\/da\/product\/black-and-white-printedbrown-rpet-cooler-bag-for-picnic\/","title":{"rendered":"Black and white printedBrown rPET Cooler Bag for Picnic"},"content":{"rendered":"<p><\/p>\n\n\n<p>Aveco mainly specialized in OEM and ODM for\u00a0 eco friendly material based bags with one stop shop solution service. Currently we have tote bag, drawstring bags, shoulder bags, cooler bags and other creative bags.Our\u00a0 bags are durable, high quality and affordable to meet different purposes. All the materials we use are eco-friendly including cotton, canvas, rPET,non-woven ,linen, jute, felt ,oxford ,etc. and If you are looking to make bags with your private label brand or promotional events, then we can serve your bulk needs with quite a low MOQ and fast delivery.<\/p>\n<p>This bag is designed for carry food outside for picnic, for traveling, medium size ,it &#8216;s suitable to put the lunch boxes inside .The long handle strap makes it easy to carry.<\/p>\n<p>PRODUKTETS EGENSKABER<\/p>\n<ul>\n<li><strong>Taske-stil<\/strong>: Tasker<\/li>\n<li><strong>Materialetype<\/strong>: rPET inside and Aluminium foil inside.<\/li>\n<li><strong>Materiale Farve<\/strong>: Black and white printed or other color<\/li>\n<li><strong>Taske st\u00f8rrelse<\/strong>: 32X19X22CM ( list with standard size, we accept customized size bag \uff09<\/li>\n<li><strong>P\u00e5trykt omr\u00e5de<\/strong>: 1 farve | 2 farver | flere farver | Fuldt tryk, tryk p\u00e5 en side eller to sider<\/li>\n<li><strong>Lukning<\/strong>: With magic stick<\/li>\n<li><strong>Plejeinstruktioner<\/strong>: H\u00e5ndvask anbefales, maskinvask er ogs\u00e5 ok, h\u00e6ng til t\u00f8rre.<\/li>\n<\/ul>\n\n\n<p><\/p>","protected":false},"excerpt":{"rendered":"<p>Designed for carry food outside for picnic, for traveling, medium size ,suitable to put the lunch boxes inside .<\/p>","protected":false},"featured_media":10808,"comment_status":"open","ping_status":"closed","template":"","meta":{"_seopress_robots_primary_cat":"none","_seopress_titles_title":"Black & White Printed rPET Cooler Bag for Picnic | Custom Tote","_seopress_titles_desc":"Stylish black and white printed rPET cooler bag with aluminum lining, ideal for travel and picnics. Eco-friendly, customizable, low MOQ & fast OEM delivery.","_seopress_robots_index":""},"product_brand":[185],"product_cat":[193,30,110],"product_tag":[204,130],"class_list":{"0":"post-10807","1":"product","2":"type-product","3":"status-publish","4":"has-post-thumbnail","6":"product_brand-avecobaggie","7":"product_cat-custom-rpet-bag","8":"product_cat-cooler-bag","9":"product_cat-travel","10":"product_tag-cooler-bag","11":"product_tag-lunch-bag","13":"first","14":"instock","15":"taxable","16":"shipping-taxable","17":"product-type-simple"},"_links":{"self":[{"href":"https:\/\/avecobaggie.com\/da\/wp-json\/wp\/v2\/product\/10807","targetHints":{"allow":["GET"]}}],"collection":[{"href":"https:\/\/avecobaggie.com\/da\/wp-json\/wp\/v2\/product"}],"about":[{"href":"https:\/\/avecobaggie.com\/da\/wp-json\/wp\/v2\/types\/product"}],"replies":[{"embeddable":true,"href":"https:\/\/avecobaggie.com\/da\/wp-json\/wp\/v2\/comments?post=10807"}],"wp:featuredmedia":[{"embeddable":true,"href":"https:\/\/avecobaggie.com\/da\/wp-json\/wp\/v2\/media\/10808"}],"wp:attachment":[{"href":"https:\/\/avecobaggie.com\/da\/wp-json\/wp\/v2\/media?parent=10807"}],"wp:term":[{"taxonomy":"product_brand","embeddable":true,"href":"https:\/\/avecobaggie.com\/da\/wp-json\/wp\/v2\/product_brand?post=10807"},{"taxonomy":"product_cat","embeddable":true,"href":"https:\/\/avecobaggie.com\/da\/wp-json\/wp\/v2\/product_cat?post=10807"},{"taxonomy":"product_tag","embeddable":true,"href":"https:\/\/avecobaggie.com\/da\/wp-json\/wp\/v2\/product_tag?post=10807"}],"curies":[{"name":"wp","href":"https:\/\/api.w.org\/{rel}","templated":true}]}}