{"id":10812,"date":"2025-06-19T17:26:17","date_gmt":"2025-06-19T09:26:17","guid":{"rendered":"https:\/\/avecobaggie.com\/?post_type=product&#038;p=10812"},"modified":"2025-06-19T17:44:08","modified_gmt":"2025-06-19T09:44:08","slug":"portable-insulated-non-woven-cooler-bag-multi-sizes-available","status":"publish","type":"product","link":"https:\/\/avecobaggie.com\/da\/product\/portable-insulated-non-woven-cooler-bag-multi-sizes-available\/","title":{"rendered":"Portable Insulated Non-Woven Cooler Bag \u2013 Multi Sizes Available"},"content":{"rendered":"<p>Aveco Company fremstiller hovedsageligt og OEM til forskellige slags \u00f8ko-poser med one-stop-shop-l\u00f8sningsservice. Vores tasker er holdbare, af h\u00f8j kvalitet og til en overkommelig pris for at opfylde forskellige form\u00e5l.<\/p>\n<p>Alle de materialer, vi bruger, er milj\u00f8venlige, herunder bomuld, l\u00e6rred, linned, jute, filt osv. Og hvis du \u00f8nsker at lave tasker med dit private label-m\u00e6rke eller salgsfremmende begivenheder, kan vi opfylde dine bulkbehov med en ganske lav MOQ og hurtig levering. Vores m\u00e5l er at hj\u00e6lpe sm\u00e5 kunder med at blive st\u00f8rre og hj\u00e6lpe de store kunder med at forblive konkurrencedygtige.<\/p>\n<p>This portable cooler bag is available in multiple sizes, with a non-woven exterior and aluminum foil lining. For the outside material, you can also have a customized request on other materials such as RPET, oxford, polyester, or canvas. the straps can also OEM with a longer version ,or changing into\u00a0 a webbing strap with plain color ,or even with printed or woven letter on.<\/p>\n<p>The MOQ for those bags are 1000 pieces.<\/p>\n<h5><span style=\"color: #333333;\">PRODUKTETS EGENSKABER\u00a0<\/span><\/h5>\n<ul>\n<li><strong>Taske-stil<\/strong>: K\u00f8letaske<\/li>\n<li><strong>Materialetype<\/strong>: Ikke-v\u00e6vet med aluminiumsfolie<\/li>\n<li><strong>Materiale Farve<\/strong>: customizable<\/li>\n<li><strong>Taske st\u00f8rrelse<\/strong>: 23*22*18CM,27*26*21CM,30*30*21CM&#8230; ( list with standard size, we accept customized size bag \uff09<\/li>\n<li><strong>P\u00e5trykt omr\u00e5de<\/strong>: 1 farve | 2 farver | flere farver | Fuldt tryk, tryk p\u00e5 en side eller to sider<\/li>\n<li><strong>Lukning<\/strong>: Med lynl\u00e5s<\/li>\n<li><strong>Plejeinstruktioner<\/strong>: H\u00e5ndvask anbefales, maskinvask er ogs\u00e5 ok, h\u00e6ng til t\u00f8rre.<\/li>\n<\/ul>\n<p>F\u00f8r du beslutter dig for at lave en k\u00f8letaske, er der noget, du b\u00f8r vide<\/p>","protected":false},"excerpt":{"rendered":"<p>Denne isolerede k\u00f8letaske er stor nok til rejser, de ikke-v\u00e6vede materialer udenp\u00e5 kan tilpasses i ren farve eller m\u00f8nster, indeni holder aluminiumsfolie varmen.<\/p>","protected":false},"featured_media":10815,"comment_status":"open","ping_status":"closed","template":"","meta":{"_seopress_robots_primary_cat":"none","_seopress_titles_title":"Portable Insulated Non-Woven Cooler Bag | Multi Sizes & OEM Custom","_seopress_titles_desc":"Durable non-woven cooler bags with aluminum foil lining, available in multiple sizes. Custom logo, strap & material options. OEM service with 1000 pcs MOQ.","_seopress_robots_index":""},"product_brand":[185],"product_cat":[30,105,110],"product_tag":[],"class_list":{"0":"post-10812","1":"product","2":"type-product","3":"status-publish","4":"has-post-thumbnail","6":"product_brand-avecobaggie","7":"product_cat-cooler-bag","8":"product_cat-non-woven-bag","9":"product_cat-travel","11":"first","12":"instock","13":"taxable","14":"shipping-taxable","15":"product-type-simple"},"_links":{"self":[{"href":"https:\/\/avecobaggie.com\/da\/wp-json\/wp\/v2\/product\/10812","targetHints":{"allow":["GET"]}}],"collection":[{"href":"https:\/\/avecobaggie.com\/da\/wp-json\/wp\/v2\/product"}],"about":[{"href":"https:\/\/avecobaggie.com\/da\/wp-json\/wp\/v2\/types\/product"}],"replies":[{"embeddable":true,"href":"https:\/\/avecobaggie.com\/da\/wp-json\/wp\/v2\/comments?post=10812"}],"wp:featuredmedia":[{"embeddable":true,"href":"https:\/\/avecobaggie.com\/da\/wp-json\/wp\/v2\/media\/10815"}],"wp:attachment":[{"href":"https:\/\/avecobaggie.com\/da\/wp-json\/wp\/v2\/media?parent=10812"}],"wp:term":[{"taxonomy":"product_brand","embeddable":true,"href":"https:\/\/avecobaggie.com\/da\/wp-json\/wp\/v2\/product_brand?post=10812"},{"taxonomy":"product_cat","embeddable":true,"href":"https:\/\/avecobaggie.com\/da\/wp-json\/wp\/v2\/product_cat?post=10812"},{"taxonomy":"product_tag","embeddable":true,"href":"https:\/\/avecobaggie.com\/da\/wp-json\/wp\/v2\/product_tag?post=10812"}],"curies":[{"name":"wp","href":"https:\/\/api.w.org\/{rel}","templated":true}]}}