{"id":11020,"date":"2025-07-08T11:13:20","date_gmt":"2025-07-08T03:13:20","guid":{"rendered":"https:\/\/avecobaggie.com\/?post_type=product&#038;p=11020"},"modified":"2025-07-08T15:02:38","modified_gmt":"2025-07-08T07:02:38","slug":"stay-young-embroidered-canvas-tote-bag-youthful-life-collection","status":"publish","type":"product","link":"https:\/\/avecobaggie.com\/da\/product\/stay-young-embroidered-canvas-tote-bag-youthful-life-collection\/","title":{"rendered":"&#8220;Stay Young&#8221; Embroidered Canvas Tote Bag \u2013 Youthful Life Collection"},"content":{"rendered":"<p>Aveco-firmaet kan tilpasse og engros l\u00e6rredstasker med one stop shop-l\u00f8sningstjeneste. Vi har ogs\u00e5 nogle grundl\u00e6ggende former for tasker til en nem start som anf\u00f8rt p\u00e5 hjemmesiden for\u00a0\u00a0<a href=\"https:\/\/avecobaggie.com\/da\/product-category\/bags-in-stock\/\"> Tasker p\u00e5 lager <\/a>. de fleste lagerf\u00f8rte poser er blanke uden tryk, s\u00e5 det er lettere for dig at lave et privat logo eller en etiket til dine kunder uden noget minimum.<\/p>\n<p><span class=\"Apple-converted-space\">\u00a0 \u00a0 Hvis du vil tilpasse disse \u00f8ko-poser, er det ogs\u00e5 nemt, nogle af poserne er endda med ekstremt lave priser. <\/span>MOQ for customized surfaces. Especially cotton or canvas bag is extremely low at 200pieces or even less to support beginners, go to <a href=\"https:\/\/avecobaggie.com\/da\/custom-solutions\/\"><strong>TILPASSEDE L\u00d8SNINGER<\/strong><\/a> for at f\u00e5 mere at vide om trin for specialfremstillede tasker.<\/p>\n<p data-start=\"752\" data-end=\"1119\">Denne <strong data-start=\"757\" data-end=\"799\">Stay Young Embroidered Canvas Tote Bag<\/strong> is full of color, creativity, and youthful energy. The bold, intricate embroidery design features elements of music, travel, and adventure\u2014making it a perfect statement piece for students, lifestyle brands, or gift collections. Made from thick, eco-friendly canvas, it offers both fashion and function for everyday use.<\/p>\n<h3 data-start=\"1126\" data-end=\"1150\"><strong data-start=\"1130\" data-end=\"1150\">PRODUKTETS EGENSKABER<\/strong><\/h3>\n<ul data-start=\"1152\" data-end=\"1657\">\n<li data-start=\"1152\" data-end=\"1190\">\n<p data-start=\"1154\" data-end=\"1190\"><strong data-start=\"1154\" data-end=\"1167\">Bag Type:<\/strong> Embroidered Tote Bag<\/p>\n<\/li>\n<li data-start=\"1191\" data-end=\"1239\">\n<p data-start=\"1193\" data-end=\"1239\"><strong data-start=\"1193\" data-end=\"1206\">Materiale:<\/strong> High-quality eco cotton canvas<\/p>\n<\/li>\n<li data-start=\"1240\" data-end=\"1318\">\n<p data-start=\"1242\" data-end=\"1318\"><strong data-start=\"1242\" data-end=\"1265\">Embroidery Pattern:<\/strong> Full-panel \u201cStay Young\u201d themed colorful embroidery<\/p>\n<\/li>\n<li data-start=\"1319\" data-end=\"1388\">\n<p data-start=\"1321\" data-end=\"1388\"><strong data-start=\"1321\" data-end=\"1339\">Color Options:<\/strong> Natural beige canvas (custom colors available)<\/p>\n<\/li>\n<li data-start=\"1389\" data-end=\"1451\">\n<p data-start=\"1391\" data-end=\"1451\"><strong data-start=\"1391\" data-end=\"1400\">St\u00f8rrelse:<\/strong> Standard 41 \u00d7 38 cm (custom sizes accepted)<\/p>\n<\/li>\n<li data-start=\"1452\" data-end=\"1504\">\n<p data-start=\"1454\" data-end=\"1504\"><strong data-start=\"1454\" data-end=\"1465\">H\u00e5ndtag:<\/strong> Sturdy shoulder-length canvas straps<\/p>\n<\/li>\n<li data-start=\"1505\" data-end=\"1576\">\n<p data-start=\"1507\" data-end=\"1576\"><strong data-start=\"1507\" data-end=\"1525\">Customization:<\/strong> Embroidery\/logo, woven label, hang tag available<\/p>\n<\/li>\n<li data-start=\"1577\" data-end=\"1657\">\n<p data-start=\"1579\" data-end=\"1657\"><strong data-start=\"1579\" data-end=\"1592\">Use Case:<\/strong> Fashion brands, school merch, lifestyle gifts, youth campaigns<\/p>\n<\/li>\n<\/ul>\n<h3 data-start=\"1017\" data-end=\"1041\">\u00a0<\/h3>\n\n\n<p><\/p>","protected":false},"excerpt":{"rendered":"<p>A colorful embroidered tote bag celebrating youth and freedom. Made from eco-friendly canvas, it&#8217;s perfect for daily use, creative brands, or lifestyle gifting.<\/p>","protected":false},"featured_media":11021,"comment_status":"open","ping_status":"closed","template":"","meta":{"_seopress_robots_primary_cat":"none","_seopress_titles_title":"Stay Young Embroidered Canvas Tote Bag | Custom Eco-Friendly Tote Wholesale","_seopress_titles_desc":"Explore our \u201cStay Young\u201d embroidered tote bag \u2013 vibrant, durable, and made from eco canvas. Great for brands targeting youth, lifestyle, or creative gifting. Low MOQ & logo available.","_seopress_robots_index":""},"product_brand":[],"product_cat":[29,102,108,110],"product_tag":[],"class_list":{"0":"post-11020","1":"product","2":"type-product","3":"status-publish","4":"has-post-thumbnail","6":"product_cat-tote-bag","7":"product_cat-cotton-canvas-bag","8":"product_cat-work-school","9":"product_cat-travel","11":"first","12":"instock","13":"taxable","14":"shipping-taxable","15":"product-type-simple"},"_links":{"self":[{"href":"https:\/\/avecobaggie.com\/da\/wp-json\/wp\/v2\/product\/11020","targetHints":{"allow":["GET"]}}],"collection":[{"href":"https:\/\/avecobaggie.com\/da\/wp-json\/wp\/v2\/product"}],"about":[{"href":"https:\/\/avecobaggie.com\/da\/wp-json\/wp\/v2\/types\/product"}],"replies":[{"embeddable":true,"href":"https:\/\/avecobaggie.com\/da\/wp-json\/wp\/v2\/comments?post=11020"}],"wp:featuredmedia":[{"embeddable":true,"href":"https:\/\/avecobaggie.com\/da\/wp-json\/wp\/v2\/media\/11021"}],"wp:attachment":[{"href":"https:\/\/avecobaggie.com\/da\/wp-json\/wp\/v2\/media?parent=11020"}],"wp:term":[{"taxonomy":"product_brand","embeddable":true,"href":"https:\/\/avecobaggie.com\/da\/wp-json\/wp\/v2\/product_brand?post=11020"},{"taxonomy":"product_cat","embeddable":true,"href":"https:\/\/avecobaggie.com\/da\/wp-json\/wp\/v2\/product_cat?post=11020"},{"taxonomy":"product_tag","embeddable":true,"href":"https:\/\/avecobaggie.com\/da\/wp-json\/wp\/v2\/product_tag?post=11020"}],"curies":[{"name":"wp","href":"https:\/\/api.w.org\/{rel}","templated":true}]}}