{"id":11063,"date":"2025-07-14T13:44:27","date_gmt":"2025-07-14T05:44:27","guid":{"rendered":"https:\/\/avecobaggie.com\/?post_type=product&#038;p=11063"},"modified":"2025-07-14T14:08:49","modified_gmt":"2025-07-14T06:08:49","slug":"canvas-firewood-carrier-tote-bag-heavy-duty-durable","status":"publish","type":"product","link":"https:\/\/avecobaggie.com\/da\/product\/canvas-firewood-carrier-tote-bag-heavy-duty-durable\/","title":{"rendered":"Canvas Firewood Carrier Tote Bag \u2013 Heavy-Duty &amp; Durable"},"content":{"rendered":"<p>Aveco-firmaet kan tilpasse og engros l\u00e6rredstasker med one stop shop-l\u00f8sningstjeneste. Vi har ogs\u00e5 nogle grundl\u00e6ggende former for tasker til en nem start som anf\u00f8rt p\u00e5 hjemmesiden for\u00a0\u00a0<a href=\"https:\/\/avecobaggie.com\/da\/product-category\/bags-in-stock\/\"> Tasker p\u00e5 lager <\/a>. de fleste lagerf\u00f8rte poser er blanke uden tryk, s\u00e5 det er lettere for dig at lave et privat logo eller en etiket til dine kunder uden noget minimum.<\/p>\n<p><span class=\"Apple-converted-space\">\u00a0 \u00a0 Hvis du vil tilpasse disse \u00f8ko-poser, er det ogs\u00e5 nemt, nogle af poserne er endda med ekstremt lave priser. <\/span>MOQ for customized surfaces. Especially cotton or canvas bag is extremely low at 500pieces or even less to support beginners, go to <a href=\"https:\/\/avecobaggie.com\/da\/custom-solutions\/\"><strong>TILPASSEDE L\u00d8SNINGER<\/strong><\/a> for at f\u00e5 mere at vide om trin for specialfremstillede tasker.<\/p>\n<p data-start=\"805\" data-end=\"1170\">Denne <strong data-start=\"810\" data-end=\"852\">Heavy-Duty Canvas Firewood Carrier Bag<\/strong> is built for function, made from durable, thick canvas with reinforced handles. Designed to carry large amounts of firewood easily and comfortably, it\u2019s ideal for home fireplaces, camping, and outdoor use. Its open side design allows for longer logs, while the double-stitched handles ensure strength and reliability.<\/p>\n<h3 data-start=\"1126\" data-end=\"1150\"><strong data-start=\"1130\" data-end=\"1150\">PRODUKTETS EGENSKABER<\/strong><\/h3>\n<ul data-start=\"1152\" data-end=\"1657\">\n<li data-start=\"1152\" data-end=\"1190\">\n<p data-start=\"1177\" data-end=\"1201\"><strong>Bag Type: <\/strong>Firewood Carrier Tote Bag<\/p>\n<\/li>\n<li data-start=\"1152\" data-end=\"1190\">\n<p data-start=\"1177\" data-end=\"1201\"><strong>Materiale: <\/strong>Rugged high-quality cotton canvas<\/p>\n<\/li>\n<li data-start=\"1152\" data-end=\"1190\">\n<p data-start=\"1177\" data-end=\"1201\"><strong>Color Options: <\/strong>Khaki with black straps (custom colors available)<\/p>\n<\/li>\n<li data-start=\"1152\" data-end=\"1190\">\n<p data-start=\"1177\" data-end=\"1201\"><strong>St\u00f8rrelse:<\/strong> Approx.48\u00d7 90 cm (custom sizes accepted)<\/p>\n<\/li>\n<li data-start=\"1152\" data-end=\"1190\">\n<p data-start=\"1177\" data-end=\"1201\"><strong>H\u00e5ndtag: <\/strong>Extra-strong, wrap-around nylon straps for added support<\/p>\n<\/li>\n<li data-start=\"1152\" data-end=\"1190\">\n<p data-start=\"1177\" data-end=\"1201\"><strong>Design Feature: <\/strong>Open-end design for longer logs; central strap for better load control<\/p>\n<\/li>\n<li data-start=\"1152\" data-end=\"1190\">\n<p data-start=\"1177\" data-end=\"1201\"><strong>Customization: <\/strong>Logo printing, woven label, hang tag available<\/p>\n<\/li>\n<li data-start=\"1152\" data-end=\"1190\">\n<p data-start=\"1177\" data-end=\"1201\"><strong>Use Case: <\/strong>Fireplace, camping, outdoor wood hauling, winter preparation<\/p>\n<\/li>\n<\/ul>\n<p data-start=\"1017\" data-end=\"1041\">\u00a0<\/p>\n\n\n<p><\/p>","protected":false},"excerpt":{"rendered":"<p>Durable canvas firewood tote for easy and efficient log carrying\u2014ideal for home, camping, and winter use.<\/p>","protected":false},"featured_media":11064,"comment_status":"open","ping_status":"closed","template":"","meta":{"_seopress_robots_primary_cat":"none","_seopress_titles_title":"Wholesale Canvas Firewood Carrier Tote Bag \u2013 Heavy-Duty Log Hauler","_seopress_titles_desc":"Shop durable canvas firewood carrier tote bags at wholesale prices. Customizable, eco-friendly, and perfect for carrying heavy logs for fireplaces, camping, or outdoor use.","_seopress_robots_index":""},"product_brand":[185],"product_cat":[29,102],"product_tag":[],"class_list":{"0":"post-11063","1":"product","2":"type-product","3":"status-publish","4":"has-post-thumbnail","6":"product_brand-avecobaggie","7":"product_cat-tote-bag","8":"product_cat-cotton-canvas-bag","10":"first","11":"instock","12":"taxable","13":"shipping-taxable","14":"product-type-simple"},"_links":{"self":[{"href":"https:\/\/avecobaggie.com\/da\/wp-json\/wp\/v2\/product\/11063","targetHints":{"allow":["GET"]}}],"collection":[{"href":"https:\/\/avecobaggie.com\/da\/wp-json\/wp\/v2\/product"}],"about":[{"href":"https:\/\/avecobaggie.com\/da\/wp-json\/wp\/v2\/types\/product"}],"replies":[{"embeddable":true,"href":"https:\/\/avecobaggie.com\/da\/wp-json\/wp\/v2\/comments?post=11063"}],"wp:featuredmedia":[{"embeddable":true,"href":"https:\/\/avecobaggie.com\/da\/wp-json\/wp\/v2\/media\/11064"}],"wp:attachment":[{"href":"https:\/\/avecobaggie.com\/da\/wp-json\/wp\/v2\/media?parent=11063"}],"wp:term":[{"taxonomy":"product_brand","embeddable":true,"href":"https:\/\/avecobaggie.com\/da\/wp-json\/wp\/v2\/product_brand?post=11063"},{"taxonomy":"product_cat","embeddable":true,"href":"https:\/\/avecobaggie.com\/da\/wp-json\/wp\/v2\/product_cat?post=11063"},{"taxonomy":"product_tag","embeddable":true,"href":"https:\/\/avecobaggie.com\/da\/wp-json\/wp\/v2\/product_tag?post=11063"}],"curies":[{"name":"wp","href":"https:\/\/api.w.org\/{rel}","templated":true}]}}