{"id":1721,"date":"2021-03-02T00:29:25","date_gmt":"2021-03-01T16:29:25","guid":{"rendered":"https:\/\/avecobaggie.com\/?post_type=product&#038;p=1721"},"modified":"2021-03-30T11:16:38","modified_gmt":"2021-03-30T03:16:38","slug":"custom-cotton-canvas-tote-bag","status":"publish","type":"product","link":"https:\/\/avecobaggie.com\/da\/product\/custom-cotton-canvas-tote-bag\/","title":{"rendered":"Taske i bomuldsl\u00e6rred med tryk"},"content":{"rendered":"<p>Aveco leverer hovedsageligt tilpassede \u00f8koposer med one-stop-shop-l\u00f8sningsservice. Vi har ogs\u00e5 nogle grundl\u00e6ggende former for poser til en nem start som anf\u00f8rt p\u00e5 hjemmesiden for\u00a0\u00a0<a href=\"https:\/\/avecobaggie.com\/da\/product-category\/bags-in-stock\/\"> Tasker p\u00e5 lager <\/a>. de fleste lagerf\u00f8rte poser er blanke uden tryk, s\u00e5 det er lettere for dig at lave et privat logo eller en etiket til dine kunder uden noget minimum.<\/p>\n<p><span class=\"Apple-converted-space\">\u00a0 \u00a0 Hvis du vil tilpasse disse \u00f8ko-poser, er det ogs\u00e5 nemt, nogle af poserne er endda med ekstremt lave priser. <\/span>MOQ for tilpassede overflader. Is\u00e6r bomulds- eller l\u00e6rredspose er ekstremt lav ved 100 stykker eller endnu mindre for at st\u00f8tte begyndere, g\u00e5 til <a href=\"https:\/\/avecobaggie.com\/da\/custom-solutions\/\"><strong>TILPASSEDE L\u00d8SNINGER<\/strong><\/a> for at f\u00e5 mere at vide om skr\u00e6ddersyede \u00f8ko-poser.<\/p>\n<h3 class=\"p1\"><span style=\"color: #333333;\">Produktegenskaber for Custom Cotton Canvas Tote Bag<\/span><\/h3>\n<ul>\n<li><strong>Taske-stil<\/strong>: Tasker<\/li>\n<li><strong>Materialetype<\/strong>: Bomuld, l\u00e6rred, det kan ogs\u00e5 tilpasses som andet materiale med jute, linned, ikke-v\u00e6vet, oxford osv.<\/li>\n<li><strong>Materiale V\u00e6gt<\/strong>: 8 oz \/10 oz\/ 12 oz\/14 oz, vi anbefaler mindst 8 oz<\/li>\n<li><strong>Materiale Farve<\/strong>: Hvid<\/li>\n<li><strong>Taske st\u00f8rrelse<\/strong>: 29X26x4.5CM liste med standardst\u00f8rrelse, vi accepterer tilpasset st\u00f8rrelse taske \uff09.<\/li>\n<li><strong>P\u00e5trykt omr\u00e5de<\/strong>: 1 farve | 2 farver | flere farver | Fuldt tryk, tryk p\u00e5 en side eller to sider<\/li>\n<li><strong>Lukning<\/strong>: \u00c5ben med h\u00e5ndtag, den normale h\u00e5ndtagsreml\u00e6ngde er 75CM, hvis du beder om l\u00e6ngere eller kortere, er det ogs\u00e5 ok, angiv det bare.<\/li>\n<li><strong>Plejeinstruktioner<\/strong>: H\u00e5ndvask anbefales, maskinvask er ogs\u00e5 ok, h\u00e6ng til t\u00f8rre.<\/li>\n<\/ul>\n<p><strong>Bem\u00e6rkninger:For bomuldsstof vil der v\u00e6re en lille krympning efter vask.<\/strong><\/p>","protected":false},"excerpt":{"rendered":"<p>Den enkleste totes-stil, uden kile, men med en indvendig taske, is\u00e6r popul\u00e6r blandt unge mennesker, der bruger den til hverdag, arbejde og skole. Det er bedst at tilpasse med dit logo p\u00e5 bomuldstotetaskerne og udvide din brand awareness.<\/p>","protected":false},"featured_media":1726,"comment_status":"open","ping_status":"closed","template":"","meta":{"_seopress_robots_primary_cat":"none","_seopress_titles_title":"%%post_title%% %%sep%%Get Customized with Aveco","_seopress_titles_desc":"Aveco designs and manufactures various cotton canvas tote bag.OEM with requested shape, printing and packing as well.Fast Proofing and Shipment","_seopress_robots_index":""},"product_brand":[],"product_cat":[29,102,108,109],"product_tag":[],"class_list":{"0":"post-1721","1":"product","2":"type-product","3":"status-publish","4":"has-post-thumbnail","6":"product_cat-tote-bag","7":"product_cat-cotton-canvas-bag","8":"product_cat-work-school","9":"product_cat-everyday","11":"first","12":"instock","13":"taxable","14":"shipping-taxable","15":"product-type-simple"},"_links":{"self":[{"href":"https:\/\/avecobaggie.com\/da\/wp-json\/wp\/v2\/product\/1721","targetHints":{"allow":["GET"]}}],"collection":[{"href":"https:\/\/avecobaggie.com\/da\/wp-json\/wp\/v2\/product"}],"about":[{"href":"https:\/\/avecobaggie.com\/da\/wp-json\/wp\/v2\/types\/product"}],"replies":[{"embeddable":true,"href":"https:\/\/avecobaggie.com\/da\/wp-json\/wp\/v2\/comments?post=1721"}],"wp:featuredmedia":[{"embeddable":true,"href":"https:\/\/avecobaggie.com\/da\/wp-json\/wp\/v2\/media\/1726"}],"wp:attachment":[{"href":"https:\/\/avecobaggie.com\/da\/wp-json\/wp\/v2\/media?parent=1721"}],"wp:term":[{"taxonomy":"product_brand","embeddable":true,"href":"https:\/\/avecobaggie.com\/da\/wp-json\/wp\/v2\/product_brand?post=1721"},{"taxonomy":"product_cat","embeddable":true,"href":"https:\/\/avecobaggie.com\/da\/wp-json\/wp\/v2\/product_cat?post=1721"},{"taxonomy":"product_tag","embeddable":true,"href":"https:\/\/avecobaggie.com\/da\/wp-json\/wp\/v2\/product_tag?post=1721"}],"curies":[{"name":"wp","href":"https:\/\/api.w.org\/{rel}","templated":true}]}}