{"id":1788,"date":"2021-03-02T15:29:49","date_gmt":"2021-03-02T07:29:49","guid":{"rendered":"https:\/\/avecobaggie.com\/?post_type=product&#038;p=1788"},"modified":"2021-03-30T11:10:12","modified_gmt":"2021-03-30T03:10:12","slug":"full-print-cotton-canvas-crossbody-bag","status":"publish","type":"product","link":"https:\/\/avecobaggie.com\/da\/product\/full-print-cotton-canvas-crossbody-bag\/","title":{"rendered":"Crossbody Canvas Tote Bag med fuldt tryk"},"content":{"rendered":"<p>Aveco leverer hovedsageligt tilpassede \u00f8koposer med one-stop-shop-l\u00f8sningsservice. Vi har ogs\u00e5 nogle grundl\u00e6ggende former for poser til en nem start som anf\u00f8rt p\u00e5 hjemmesiden for\u00a0\u00a0<a href=\"https:\/\/avecobaggie.com\/da\/product-category\/bags-in-stock\/\"> Tasker p\u00e5 lager <\/a>. de fleste lagerf\u00f8rte poser er blanke uden tryk, s\u00e5 det er lettere for dig at lave et privat logo eller en etiket til dine kunder uden noget minimum.<\/p>\n<p><span class=\"Apple-converted-space\">\u00a0 \u00a0 Hvis du vil tilpasse disse \u00f8ko-poser, er det ogs\u00e5 nemt, nogle af poserne er endda med ekstremt lave priser. <\/span>MOQ for tilpassede overflader. Is\u00e6r bomulds- eller l\u00e6rredspose er ekstremt lav ved 100 stykker eller endnu mindre for at st\u00f8tte begyndere, g\u00e5 til <a href=\"https:\/\/avecobaggie.com\/da\/custom-solutions\/\"><strong>TILPASSEDE L\u00d8SNINGER<\/strong><\/a> for at f\u00e5 mere at vide om trin for specialfremstillede tasker.<\/p>\n<h3 class=\"p1\"><span style=\"color: #333333;\">Product Features for the Full Print Crossbody Canvas Tote Bag<\/span><\/h3>\n<ul>\n<li><strong>Taske-stil<\/strong>: Crossbody Totes with zipper<\/li>\n<li><strong>Materialetype<\/strong>: L\u00e6rred<\/li>\n<li><strong>Materiale V\u00e6gt<\/strong>:  12 oz \/ vi kan ogs\u00e5 lave andre tykkelser i henhold til din anmodning, <a href=\"https:\/\/avecobaggie.com\/da\/custom-solutions\/\">Klik for at se diagrammet over stoffets v\u00e6gt<\/a><\/li>\n<li><strong>Materiale Farve<\/strong>: full prints<\/li>\n<li><strong>Taske st\u00f8rrelse<\/strong>: 38X30CM ( list with standard size, we accept customized size bag \uff09<\/li>\n<li><strong>P\u00e5trykt omr\u00e5de<\/strong>: 1 farve | 2 farver | flere farver | Fuldt tryk, tryk p\u00e5 en side eller to sider<\/li>\n<li><strong>Lukning<\/strong>: Med lynl\u00e5s<\/li>\n<li><strong>Plejeinstruktioner<\/strong>: H\u00e5ndvask anbefales, maskinvask er ogs\u00e5 ok, h\u00e6ng til t\u00f8rre.<\/li>\n<\/ul>\n<p><strong>Bem\u00e6rkninger:For bomuldsstof vil der v\u00e6re en lille krympning efter vask.<\/strong><\/p>","protected":false},"excerpt":{"rendered":"<p>The bag is novel in style, unique in shape and exquisite in workmanship, it can be printed with simple logo as well as full prints, the straps can be webbing or cotton materials.<\/p>","protected":false},"featured_media":1789,"comment_status":"open","ping_status":"closed","template":"","meta":{"_seopress_robots_primary_cat":"none","_seopress_titles_title":"China Crossbody Canvas Tote Bag Manufacturer and Wholesaler","_seopress_titles_desc":"The  Crossbody Canvas Tote Bag is novel in style, unique in shape and exquisite in workmanship, both simple logo and  full prints, easy to Customize.","_seopress_robots_index":""},"product_brand":[],"product_cat":[29],"product_tag":[],"class_list":{"0":"post-1788","1":"product","2":"type-product","3":"status-publish","4":"has-post-thumbnail","6":"product_cat-tote-bag","8":"first","9":"instock","10":"taxable","11":"shipping-taxable","12":"product-type-simple"},"_links":{"self":[{"href":"https:\/\/avecobaggie.com\/da\/wp-json\/wp\/v2\/product\/1788","targetHints":{"allow":["GET"]}}],"collection":[{"href":"https:\/\/avecobaggie.com\/da\/wp-json\/wp\/v2\/product"}],"about":[{"href":"https:\/\/avecobaggie.com\/da\/wp-json\/wp\/v2\/types\/product"}],"replies":[{"embeddable":true,"href":"https:\/\/avecobaggie.com\/da\/wp-json\/wp\/v2\/comments?post=1788"}],"wp:featuredmedia":[{"embeddable":true,"href":"https:\/\/avecobaggie.com\/da\/wp-json\/wp\/v2\/media\/1789"}],"wp:attachment":[{"href":"https:\/\/avecobaggie.com\/da\/wp-json\/wp\/v2\/media?parent=1788"}],"wp:term":[{"taxonomy":"product_brand","embeddable":true,"href":"https:\/\/avecobaggie.com\/da\/wp-json\/wp\/v2\/product_brand?post=1788"},{"taxonomy":"product_cat","embeddable":true,"href":"https:\/\/avecobaggie.com\/da\/wp-json\/wp\/v2\/product_cat?post=1788"},{"taxonomy":"product_tag","embeddable":true,"href":"https:\/\/avecobaggie.com\/da\/wp-json\/wp\/v2\/product_tag?post=1788"}],"curies":[{"name":"wp","href":"https:\/\/api.w.org\/{rel}","templated":true}]}}