{"id":1873,"date":"2021-03-03T17:07:29","date_gmt":"2021-03-03T09:07:29","guid":{"rendered":"https:\/\/avecobaggie.com\/?post_type=product&#038;p=1873"},"modified":"2021-03-30T11:02:44","modified_gmt":"2021-03-30T03:02:44","slug":"small-draw-string-sack-of-jewelry-and-joyful","status":"publish","type":"product","link":"https:\/\/avecobaggie.com\/da\/product\/small-draw-string-sack-of-jewelry-and-joyful\/","title":{"rendered":"Engros jutepose med snor"},"content":{"rendered":"<p>Aveco leverer hovedsageligt skr\u00e6ddersyede \u00f8ko-poser med one-stop-shop-l\u00f8sningsservice. Vores tasker er holdbare, af h\u00f8j kvalitet og til en overkommelig pris til forskellige form\u00e5l. Alle de materialer, vi bruger, er milj\u00f8venlige, herunder bomuld, l\u00e6rred, linned, jute, filt osv. Og hvis du \u00f8nsker at lave tasker med dit private label-m\u00e6rke eller salgsfremmende begivenheder, kan vi opfylde dine bulkbehov med en ganske lav MOQ og hurtig levering.<\/p>\n<p>The listing small burlap bag can be customized with different sizes, with size small to large, and if you want a gusset,it is also ok, It has a wide occasions\u00a0 using as a burlap coffee bags, burlap makeup bags, money bags, bags for candles and so on.<\/p>\n<p>For larger bags, it is suitable for gifts, herbs and vegetable.It&#8217;s eco friendly and high quality,<\/p>\n<h3 class=\"p1\"><span style=\"color: #333333;\">Product Features for The Wholesale Burlap Bag<\/span><\/h3>\n<ul>\n<li><strong>Taske-stil<\/strong>: Burlap bag<\/li>\n<li><strong>Materialetype<\/strong>: Jute<\/li>\n<li><strong>Materiale V\u00e6gt<\/strong>: &#8212;<\/li>\n<li><strong>Materiale Farve<\/strong>: Natural jute<\/li>\n<li><strong>Taske st\u00f8rrelse<\/strong>: 10X15CM\uff08 list with popular size, we accept customized size bag \uff09<\/li>\n<li><strong>P\u00e5trykt omr\u00e5de<\/strong>: 1 farve | 2 farver | flere farver | Fuldt tryk, tryk p\u00e5 en side eller to sider<\/li>\n<li><strong>Lukning<\/strong>: L\u00f8beb\u00e5nd<\/li>\n<li><strong>Plejeinstruktioner<\/strong>: H\u00e5ndvask anbefales, maskinvask er ogs\u00e5 ok, h\u00e6ng til t\u00f8rre.<\/li>\n<\/ul>\n<p><strong>Bem\u00e6rkninger:For bomuldsstof vil der v\u00e6re en lille krympning efter vask.<\/strong><\/p>","protected":false},"excerpt":{"rendered":"<p>Perfekt til gaver med k\u00f8bsprogrammer og giveaways, f\u00e5 tilpasset dit logo p\u00e5 bomuldsposen med snor og udvid din brand awareness<\/p>","protected":false},"featured_media":1874,"comment_status":"open","ping_status":"closed","template":"","meta":{"_seopress_robots_primary_cat":"none","_seopress_titles_title":"%%post_title%% - OEM - Aveco","_seopress_titles_desc":"Eco friendly Jute Material Burlap bag, with drawstring ,can print logo or pattern. Multiple Sizes.Get Custom Easily With MOQ 100pieces.Let&#039;s Work Now","_seopress_robots_index":""},"product_brand":[],"product_cat":[92,104,111],"product_tag":[],"class_list":{"0":"post-1873","1":"product","2":"type-product","3":"status-publish","4":"has-post-thumbnail","6":"product_cat-drawstring-bag","7":"product_cat-jute-burlap-bag","8":"product_cat-promotional-events","10":"first","11":"instock","12":"taxable","13":"shipping-taxable","14":"product-type-simple"},"_links":{"self":[{"href":"https:\/\/avecobaggie.com\/da\/wp-json\/wp\/v2\/product\/1873","targetHints":{"allow":["GET"]}}],"collection":[{"href":"https:\/\/avecobaggie.com\/da\/wp-json\/wp\/v2\/product"}],"about":[{"href":"https:\/\/avecobaggie.com\/da\/wp-json\/wp\/v2\/types\/product"}],"replies":[{"embeddable":true,"href":"https:\/\/avecobaggie.com\/da\/wp-json\/wp\/v2\/comments?post=1873"}],"wp:featuredmedia":[{"embeddable":true,"href":"https:\/\/avecobaggie.com\/da\/wp-json\/wp\/v2\/media\/1874"}],"wp:attachment":[{"href":"https:\/\/avecobaggie.com\/da\/wp-json\/wp\/v2\/media?parent=1873"}],"wp:term":[{"taxonomy":"product_brand","embeddable":true,"href":"https:\/\/avecobaggie.com\/da\/wp-json\/wp\/v2\/product_brand?post=1873"},{"taxonomy":"product_cat","embeddable":true,"href":"https:\/\/avecobaggie.com\/da\/wp-json\/wp\/v2\/product_cat?post=1873"},{"taxonomy":"product_tag","embeddable":true,"href":"https:\/\/avecobaggie.com\/da\/wp-json\/wp\/v2\/product_tag?post=1873"}],"curies":[{"name":"wp","href":"https:\/\/api.w.org\/{rel}","templated":true}]}}