{"id":1898,"date":"2021-03-04T09:33:25","date_gmt":"2021-03-04T01:33:25","guid":{"rendered":"https:\/\/avecobaggie.com\/?post_type=product&#038;p=1898"},"modified":"2022-08-01T17:46:22","modified_gmt":"2022-08-01T09:46:22","slug":"custom-small-satin-gift-bag","status":"publish","type":"product","link":"https:\/\/avecobaggie.com\/da\/product\/custom-small-satin-gift-bag\/","title":{"rendered":"Personlig lille satin-gavepose"},"content":{"rendered":"<p>Aveco leverer hovedsageligt tilpassede \u00f8koposer med one-stop-shop-l\u00f8sningsservice. Vi har ogs\u00e5 nogle grundl\u00e6ggende former for poser til en nem start som anf\u00f8rt p\u00e5 hjemmesiden for\u00a0\u00a0<a href=\"https:\/\/avecobaggie.com\/da\/product-category\/bags-in-stock\/\"> Tasker p\u00e5 lager <\/a>. de fleste lagerf\u00f8rte poser er blanke uden tryk, s\u00e5 det er lettere for dig at lave et privat logo eller en etiket til dine kunder uden noget minimum.<\/p>\n<p><span class=\"Apple-converted-space\">\u00a0 \u00a0 Hvis du vil tilpasse disse \u00f8ko-poser, er det ogs\u00e5 nemt, nogle af poserne er endda med ekstremt lave priser. <\/span>MOQ for tilpassede overflader. Is\u00e6r bomulds- eller l\u00e6rredspose er ekstremt lav ved 100 stykker eller endnu mindre for at st\u00f8tte begyndere, g\u00e5 til <a href=\"https:\/\/avecobaggie.com\/da\/custom-solutions\/\"><strong>TILPASSEDE L\u00d8SNINGER<\/strong><\/a> for at f\u00e5 mere at vide om trin for specialfremstillede tasker.<\/p>\n<h3 class=\"p1\"><span style=\"color: #333333;\">\u00a0 \u00a0 Produktegenskaber for den tilpassede lille satin-gavepose<\/span><\/h3>\n<ul>\n<li><strong>Taske-stil<\/strong>: Satin-gavepose<\/li>\n<li><strong>Materialetype<\/strong>: Satin,<span class=\"a-list-item\">Robust materiale holder formen godt, hvilket forhindrer, at poserne deformeres og bliver kr\u00f8llede. St\u00e6rk nok til at holde p\u00e5 tungere ting<\/span><\/li>\n<li><strong>Materiale Farve<\/strong>: Farve<\/li>\n<li><strong>Taske st\u00f8rrelse<\/strong>: 13X18CM (liste med popul\u00e6r st\u00f8rrelse, vi accepterer tilpasset st\u00f8rrelse taske)<\/li>\n<li><strong>P\u00e5trykt omr\u00e5de<\/strong>: 1 farve | 2 farver | flere farver | Fuldt tryk, tryk p\u00e5 en side eller to sider<\/li>\n<li><strong>Lukning<\/strong>: Snoretr\u00e6k holder dine ting sikkert opbevaret, og dobbelte sides\u00f8mme i topkvalitet giver sikker pasform og langvarig brug, <span class=\"a-list-item\">Et b\u00e5nd af god kvalitet g\u00f8r taskerne nemme at \u00e5bne og lukke, s\u00e5 du undg\u00e5r at miste genstande.<\/span><\/li>\n<li><strong>Plejeinstruktioner<\/strong>: H\u00e5ndvask anbefales.<\/li>\n<li><strong>Bred anvendelse:<\/strong><span class=\"a-list-item\">\u00a0De sm\u00e5 gaveposer i satin er perfekte til h\u00f8jtider, fester, babyshowers, Halloween, jul og andre s\u00e6rlige begivenheder. God til indpakning af butiksgaver, smykker, makeupflasker, slik, snacks, gaveposer, pr\u00f8ver, gaver, s\u00e6ber, kort, m\u00f8nter, andre lidt tungere ting osv.<\/span><\/li>\n<\/ul>","protected":false},"excerpt":{"rendered":"<p>Lavet af glat kvalitets-satinstof, let og ultrabl\u00f8dt. Perfekt til gaver med k\u00f8bsprogrammer og giveaways, f\u00e5 tilpasset dit logo fra producenten af satinposer og udvid dit brand.<\/p>","protected":false},"featured_media":1899,"comment_status":"open","ping_status":"closed","template":"","meta":{"_seopress_robots_primary_cat":"none","_seopress_titles_title":"Custom Small Satin Gift Bags - Free Sample - Fast Proofing","_seopress_titles_desc":"Smooth Satin Fabric, Lightweight and Ultra Soft.Perfect for promotional events. Get customized Now on small satin gift bags and expand your brand.","_seopress_robots_index":""},"product_brand":[],"product_cat":[92,103,109,111],"product_tag":[],"class_list":{"0":"post-1898","1":"product","2":"type-product","3":"status-publish","4":"has-post-thumbnail","6":"product_cat-drawstring-bag","7":"product_cat-other-fabric-bag","8":"product_cat-everyday","9":"product_cat-promotional-events","11":"first","12":"instock","13":"taxable","14":"shipping-taxable","15":"product-type-simple"},"_links":{"self":[{"href":"https:\/\/avecobaggie.com\/da\/wp-json\/wp\/v2\/product\/1898","targetHints":{"allow":["GET"]}}],"collection":[{"href":"https:\/\/avecobaggie.com\/da\/wp-json\/wp\/v2\/product"}],"about":[{"href":"https:\/\/avecobaggie.com\/da\/wp-json\/wp\/v2\/types\/product"}],"replies":[{"embeddable":true,"href":"https:\/\/avecobaggie.com\/da\/wp-json\/wp\/v2\/comments?post=1898"}],"wp:featuredmedia":[{"embeddable":true,"href":"https:\/\/avecobaggie.com\/da\/wp-json\/wp\/v2\/media\/1899"}],"wp:attachment":[{"href":"https:\/\/avecobaggie.com\/da\/wp-json\/wp\/v2\/media?parent=1898"}],"wp:term":[{"taxonomy":"product_brand","embeddable":true,"href":"https:\/\/avecobaggie.com\/da\/wp-json\/wp\/v2\/product_brand?post=1898"},{"taxonomy":"product_cat","embeddable":true,"href":"https:\/\/avecobaggie.com\/da\/wp-json\/wp\/v2\/product_cat?post=1898"},{"taxonomy":"product_tag","embeddable":true,"href":"https:\/\/avecobaggie.com\/da\/wp-json\/wp\/v2\/product_tag?post=1898"}],"curies":[{"name":"wp","href":"https:\/\/api.w.org\/{rel}","templated":true}]}}