{"id":1962,"date":"2021-03-04T15:57:56","date_gmt":"2021-03-04T07:57:56","guid":{"rendered":"https:\/\/avecobaggie.com\/?post_type=product&#038;p=1962"},"modified":"2021-03-30T10:55:45","modified_gmt":"2021-03-30T02:55:45","slug":"non-woven-drawstring-shoes-bag","status":"publish","type":"product","link":"https:\/\/avecobaggie.com\/da\/product\/non-woven-drawstring-shoes-bag\/","title":{"rendered":"Ikke-v\u00e6vet skotaske med l\u00f8begang"},"content":{"rendered":"<p>Aveco leverer hovedsageligt skr\u00e6ddersyede \u00f8ko-poser med one-stop-shop-l\u00f8sningsservice. Vores tasker er holdbare, af h\u00f8j kvalitet og til en overkommelig pris til forskellige form\u00e5l. Alle de materialer, vi bruger, er milj\u00f8venlige, herunder bomuld, l\u00e6rred, linned, jute, filt osv. Og hvis du \u00f8nsker at lave tasker med dit private label-m\u00e6rke eller salgsfremmende begivenheder, kan vi opfylde dine bulkbehov med en ganske lav MOQ og hurtig levering.<\/p>\n<p>The listed dust free shoe bag is Made from high quality non-woven fabric with thick drawstring for convenient organization.<\/p>\n<p>PRODUKTETS EGENSKABER<\/p>\n<ul>\n<li><strong>Taske-stil<\/strong>: Taske med snor<\/li>\n<li><strong>Materialetype<\/strong>: Non woven + polyester clear window<\/li>\n<li><strong>Materiale V\u00e6gt<\/strong>: 70g<\/li>\n<li><strong>Materiale Farve<\/strong>: suggested black color, can also be rose, blue and other customized color<\/li>\n<li><strong>Taske st\u00f8rrelse<\/strong>: 28X38CM\uff08 can customized size with your request\uff09<\/li>\n<li><strong>P\u00e5trykt omr\u00e5de<\/strong>: 1 farve | 2 farver | flere farver | Fuldt tryk, tryk p\u00e5 en side eller to sider<\/li>\n<li><strong>advantage<\/strong>: 1.Translucent clear Window Design, it will help you easier to identify which pair of shoes in it, save your time. Convenient for travel and life.2.The travel shoe bags has no smell, stain resistant, breathable, foldable, lightweight and portable, convenient to use.<\/li>\n<li><strong>MULTI -FUNCTION<\/strong>: Not just a shoe bag, also can be used as makeup bag, shoe accessories, traveling bags, toiletry bag, packing bags, gym accessories, laundry bags travel,,show bags, sport bags, drawstring Christmas gift bags and for other uses.<\/li>\n<li><strong>Plejeinstruktioner<\/strong>: H\u00e5ndvask anbefales, maskinvask er ogs\u00e5 ok, h\u00e6ng til t\u00f8rre.<\/li>\n<\/ul>","protected":false},"excerpt":{"rendered":"<p>Protects your shoes against scuffs and scraps when storing in suite case, keeps well organized and dust free in the closet. Good design for home and travel use.<\/p>","protected":false},"featured_media":2179,"comment_status":"open","ping_status":"closed","template":"","meta":{"_seopress_robots_primary_cat":"none","_seopress_titles_title":"%%post_title%% %%sep%% %%sitetitle%%","_seopress_titles_desc":"","_seopress_robots_index":""},"product_brand":[],"product_cat":[92,105,110],"product_tag":[],"class_list":{"0":"post-1962","1":"product","2":"type-product","3":"status-publish","4":"has-post-thumbnail","6":"product_cat-drawstring-bag","7":"product_cat-non-woven-bag","8":"product_cat-travel","10":"first","11":"instock","12":"taxable","13":"shipping-taxable","14":"product-type-simple"},"_links":{"self":[{"href":"https:\/\/avecobaggie.com\/da\/wp-json\/wp\/v2\/product\/1962","targetHints":{"allow":["GET"]}}],"collection":[{"href":"https:\/\/avecobaggie.com\/da\/wp-json\/wp\/v2\/product"}],"about":[{"href":"https:\/\/avecobaggie.com\/da\/wp-json\/wp\/v2\/types\/product"}],"replies":[{"embeddable":true,"href":"https:\/\/avecobaggie.com\/da\/wp-json\/wp\/v2\/comments?post=1962"}],"wp:featuredmedia":[{"embeddable":true,"href":"https:\/\/avecobaggie.com\/da\/wp-json\/wp\/v2\/media\/2179"}],"wp:attachment":[{"href":"https:\/\/avecobaggie.com\/da\/wp-json\/wp\/v2\/media?parent=1962"}],"wp:term":[{"taxonomy":"product_brand","embeddable":true,"href":"https:\/\/avecobaggie.com\/da\/wp-json\/wp\/v2\/product_brand?post=1962"},{"taxonomy":"product_cat","embeddable":true,"href":"https:\/\/avecobaggie.com\/da\/wp-json\/wp\/v2\/product_cat?post=1962"},{"taxonomy":"product_tag","embeddable":true,"href":"https:\/\/avecobaggie.com\/da\/wp-json\/wp\/v2\/product_tag?post=1962"}],"curies":[{"name":"wp","href":"https:\/\/api.w.org\/{rel}","templated":true}]}}