{"id":1978,"date":"2021-03-04T17:17:16","date_gmt":"2021-03-04T09:17:16","guid":{"rendered":"https:\/\/avecobaggie.com\/?post_type=product&#038;p=1978"},"modified":"2021-03-30T10:52:37","modified_gmt":"2021-03-30T02:52:37","slug":"black-waterproof-oxford-sports-backpack","status":"publish","type":"product","link":"https:\/\/avecobaggie.com\/da\/product\/black-waterproof-oxford-sports-backpack\/","title":{"rendered":"Sort vandt\u00e6t Oxford sportsrygs\u00e6k"},"content":{"rendered":"<p>Aveco leverer hovedsageligt tilpassede \u00f8koposer med one-stop-shop-l\u00f8sningsservice. Vi har ogs\u00e5 nogle grundl\u00e6ggende former for poser til en nem start som anf\u00f8rt p\u00e5 hjemmesiden for\u00a0\u00a0<a href=\"https:\/\/avecobaggie.com\/da\/product-category\/bags-in-stock\/\"> Tasker p\u00e5 lager <\/a>. de fleste lagerf\u00f8rte poser er blanke uden tryk, s\u00e5 det er lettere for dig at lave et privat logo eller en etiket til dine kunder uden noget minimum.<\/p>\n<p><span class=\"Apple-converted-space\">\u00a0 \u00a0Hvis du vil tilpasse disse \u00f8ko-poser, er det ogs\u00e5 nemt, nogle af poserne er endda med ekstremt lave priser. <\/span>MOQ for tilpassede overflader. Is\u00e6r bomulds- eller l\u00e6rredspose er ekstremt lav ved 100 stykker eller endnu mindre for at st\u00f8tte begyndere, g\u00e5 til <a href=\"https:\/\/avecobaggie.com\/da\/custom-solutions\/\"><strong>TILPASSEDE L\u00d8SNINGER<\/strong><\/a> for at f\u00e5 mere at vide om trin for specialfremstillede tasker.<\/p>\n<h3 class=\"p1\"><span style=\"color: #333333;\">Produktegenskaber for Vandt\u00e6t Oxford sportsrygs\u00e6k<\/span><\/h3>\n<ul>\n<li><strong>Taske-stil<\/strong>: Rygs\u00e6k med sn\u00f8re<\/li>\n<li><strong>Materialetype<\/strong>: Oxford 260D <span class=\"a-list-item\">med PU-l\u00e6derforst\u00e6rket hj\u00f8rne<\/span><\/li>\n<li><strong>Materiale Farve<\/strong>: Bl\u00e5, pink, sort eller tilpasset farve.<\/li>\n<li><strong>Taske st\u00f8rrelse<\/strong>: 34X39CM (liste med popul\u00e6r st\u00f8rrelse, vi accepterer tilpasset st\u00f8rrelse taske)<\/li>\n<li><strong>P\u00e5trykt omr\u00e5de<\/strong>: blank, 1 farve | 2 farver | flere farver | Fuldt tryk, tryk p\u00e5 en side eller to sider<\/li>\n<li><strong>Lukning<\/strong>: L\u00f8beb\u00e5nd<\/li>\n<li><strong>Plejeinstruktioner<\/strong>: H\u00e5ndvask anbefales, maskinvask er ogs\u00e5 ok, h\u00e6ng til t\u00f8rre.<\/li>\n<li><span class=\"a-list-item\">Smuk og holdbar<\/span><\/li>\n<li><span class=\"a-list-item\">Let at bruge: tr\u00e6k i snoren for at lukke posen, sikkert og praktisk.<\/span><\/li>\n<li><span class=\"a-list-item\">Brede anvendelsesmuligheder: denne slags tasker er meget anvendelige i vores daglige liv, velegnet til gymnastik, skole, b\u00f8rn, rygs\u00e6k med snor, lurpose, t\u00f8jpakke, atletik, rejser osv.<\/span><\/li>\n<li><span class=\"a-list-item\"><img fetchpriority=\"high\" class=\"wp-image-2165 alignleft\" src=\"https:\/\/avecobaggie.com\/wp-content\/uploads\/2021\/03\/gym-backpack-300x186.jpg\" alt=\"\" width=\"867\" height=\"538\" srcset=\"https:\/\/avecobaggie.com\/wp-content\/uploads\/2021\/03\/gym-backpack-300x186.jpg 300w, https:\/\/avecobaggie.com\/wp-content\/uploads\/2021\/03\/gym-backpack-600x372.jpg 600w, https:\/\/avecobaggie.com\/wp-content\/uploads\/2021\/03\/gym-backpack-768x476.jpg 768w, https:\/\/avecobaggie.com\/wp-content\/uploads\/2021\/03\/gym-backpack.jpg 976w\" sizes=\"(max-width: 867px) 100vw, 867px\" \/><\/span><\/li>\n<\/ul>\n<p>&nbsp;<\/p>","protected":false},"excerpt":{"rendered":"<p><span class=\"a-list-item\">Design med sn\u00f8re, 2 stropper i hver side, let og nem at b\u00e6re,<\/span><span class=\"a-list-item\">Perfekt til fitness, rejser, vandreture, camping, sommerlejr og andre udend\u00f8rs aktiviteter<\/span><\/p>","protected":false},"featured_media":1992,"comment_status":"open","ping_status":"closed","template":"","meta":{"_seopress_robots_primary_cat":"none","_seopress_titles_title":"%%post_title%% %%sep%% Low MOQ %%sep%% Fast Ship","_seopress_titles_desc":"","_seopress_robots_index":""},"product_brand":[],"product_cat":[98,106,112,110,111],"product_tag":[],"class_list":{"0":"post-1978","1":"product","2":"type-product","3":"status-publish","4":"has-post-thumbnail","6":"product_cat-backpack-bag","7":"product_cat-oxford-bag","8":"product_cat-sports","9":"product_cat-travel","10":"product_cat-promotional-events","12":"first","13":"instock","14":"taxable","15":"shipping-taxable","16":"product-type-simple"},"_links":{"self":[{"href":"https:\/\/avecobaggie.com\/da\/wp-json\/wp\/v2\/product\/1978","targetHints":{"allow":["GET"]}}],"collection":[{"href":"https:\/\/avecobaggie.com\/da\/wp-json\/wp\/v2\/product"}],"about":[{"href":"https:\/\/avecobaggie.com\/da\/wp-json\/wp\/v2\/types\/product"}],"replies":[{"embeddable":true,"href":"https:\/\/avecobaggie.com\/da\/wp-json\/wp\/v2\/comments?post=1978"}],"wp:featuredmedia":[{"embeddable":true,"href":"https:\/\/avecobaggie.com\/da\/wp-json\/wp\/v2\/media\/1992"}],"wp:attachment":[{"href":"https:\/\/avecobaggie.com\/da\/wp-json\/wp\/v2\/media?parent=1978"}],"wp:term":[{"taxonomy":"product_brand","embeddable":true,"href":"https:\/\/avecobaggie.com\/da\/wp-json\/wp\/v2\/product_brand?post=1978"},{"taxonomy":"product_cat","embeddable":true,"href":"https:\/\/avecobaggie.com\/da\/wp-json\/wp\/v2\/product_cat?post=1978"},{"taxonomy":"product_tag","embeddable":true,"href":"https:\/\/avecobaggie.com\/da\/wp-json\/wp\/v2\/product_tag?post=1978"}],"curies":[{"name":"wp","href":"https:\/\/api.w.org\/{rel}","templated":true}]}}