{"id":2001,"date":"2021-03-05T10:43:16","date_gmt":"2021-03-05T02:43:16","guid":{"rendered":"https:\/\/avecobaggie.com\/?post_type=product&#038;p=2001"},"modified":"2022-08-19T11:29:16","modified_gmt":"2022-08-19T03:29:16","slug":"drawstring-calico-bag-wholesale","status":"publish","type":"product","link":"https:\/\/avecobaggie.com\/da\/product\/drawstring-calico-bag-wholesale\/","title":{"rendered":"Calico-taske med snor engros"},"content":{"rendered":"<p>Aveco leverer hovedsageligt tilpassede \u00f8koposer med one-stop-shop-l\u00f8sningsservice. Vi har ogs\u00e5 nogle grundl\u00e6ggende former for poser til en nem start som anf\u00f8rt p\u00e5 hjemmesiden for\u00a0\u00a0<a href=\"https:\/\/avecobaggie.com\/da\/product-category\/bags-in-stock\/\"> Tasker p\u00e5 lager <\/a>. de fleste lagerf\u00f8rte poser er blanke uden tryk, s\u00e5 det er lettere for dig at lave et privat logo eller en etiket til dine kunder uden noget minimum.<\/p>\n<p><span class=\"Apple-converted-space\">Hvis du vil tilpasse disse \u00f8ko-poser, er det ogs\u00e5 nemt, nogle af poserne er endda med ekstremt lave priser. <\/span>MOQ for tilpassede overflader. Is\u00e6r bomulds- eller l\u00e6rredspose er ekstremt lav ved 100 stykker eller endnu mindre for at st\u00f8tte begyndere, g\u00e5 til <a href=\"https:\/\/avecobaggie.com\/da\/custom-solutions\/\"><strong>TILPASSEDE L\u00d8SNINGER<\/strong><\/a> for at f\u00e5 mere at vide om trin for specialfremstillede tasker.<\/p>\n<p>The listed drawstring calico bags are in stock \u00a0to be fast delivered and easier for you to start. They are made from natural, sustainable, unprocessed cotton, with polyester which makes it more sturdy and durable.They come in a wide range of sizes to suit your every need. Get tiny ones for jewelry, herbs, or snacks, medium ones for beans, cosmetics, travel items. Get larger ones for fruit and vegetables, candles, votive gifts, shoes, hairdryers, and so much more.If there is no suitable size you can just contact us for a custom service<\/p>\n<h3 class=\"p1\"><span style=\"color: #333333;\">Product Features for the Drawstring Calico Bag Wholesale<\/span><\/h3>\n<ul>\n<li><strong>Taske-stil<\/strong>: Taske med snor<\/li>\n<li><strong>Materialetype<\/strong>: L\u00e6rred<\/li>\n<li><strong>Materiale V\u00e6gt<\/strong>: 8oz\/232GSM<\/li>\n<li><strong>Materiale Farve<\/strong>: Hvid<\/li>\n<li><strong>Taske st\u00f8rrelse<\/strong>: 12X15CM|17X25CM|20X30CM|30X40CM|40X50CM|58X76CM<\/li>\n<li><strong>P\u00e5trykt omr\u00e5de<\/strong>: plain color without printing<\/li>\n<li><strong>Lukning<\/strong>: L\u00f8beb\u00e5nd<\/li>\n<li><strong>Plejeinstruktioner<\/strong>: H\u00e5ndvask anbefales, maskinvask er ogs\u00e5 ok, h\u00e6ng til t\u00f8rre.<\/li>\n<\/ul>\n<p><strong>Bem\u00e6rkninger:For bomuldsstof vil der v\u00e6re en lille krympning efter vask.<\/strong><\/p>","protected":false},"excerpt":{"rendered":"<p>Multiple Size in stock to suit all needs.Get tiny ones for jewelry, herbs, or snacks, medium ones for beans, cosmetics, travel items. Get larger ones for fruit and vegetables, candles, votive gifts, shoes, hairdryers, etc.<\/p>","protected":false},"featured_media":2004,"comment_status":"open","ping_status":"closed","template":"","meta":{"_seopress_robots_primary_cat":"none","_seopress_titles_title":"%%post_title%%  %%sep%% Fast Deliver in 3 Days","_seopress_titles_desc":"Multiple sizes in stock to suit all needs.8oz canvas make it durable. Get stocks fast or Custom drawstring calico bag to expand your business Now","_seopress_robots_index":""},"product_brand":[],"product_cat":[113],"product_tag":[],"class_list":{"0":"post-2001","1":"product","2":"type-product","3":"status-publish","4":"has-post-thumbnail","6":"product_cat-bags-in-stock","8":"first","9":"instock","10":"taxable","11":"shipping-taxable","12":"product-type-simple"},"_links":{"self":[{"href":"https:\/\/avecobaggie.com\/da\/wp-json\/wp\/v2\/product\/2001","targetHints":{"allow":["GET"]}}],"collection":[{"href":"https:\/\/avecobaggie.com\/da\/wp-json\/wp\/v2\/product"}],"about":[{"href":"https:\/\/avecobaggie.com\/da\/wp-json\/wp\/v2\/types\/product"}],"replies":[{"embeddable":true,"href":"https:\/\/avecobaggie.com\/da\/wp-json\/wp\/v2\/comments?post=2001"}],"wp:featuredmedia":[{"embeddable":true,"href":"https:\/\/avecobaggie.com\/da\/wp-json\/wp\/v2\/media\/2004"}],"wp:attachment":[{"href":"https:\/\/avecobaggie.com\/da\/wp-json\/wp\/v2\/media?parent=2001"}],"wp:term":[{"taxonomy":"product_brand","embeddable":true,"href":"https:\/\/avecobaggie.com\/da\/wp-json\/wp\/v2\/product_brand?post=2001"},{"taxonomy":"product_cat","embeddable":true,"href":"https:\/\/avecobaggie.com\/da\/wp-json\/wp\/v2\/product_cat?post=2001"},{"taxonomy":"product_tag","embeddable":true,"href":"https:\/\/avecobaggie.com\/da\/wp-json\/wp\/v2\/product_tag?post=2001"}],"curies":[{"name":"wp","href":"https:\/\/api.w.org\/{rel}","templated":true}]}}