{"id":2098,"date":"2021-03-08T09:34:49","date_gmt":"2021-03-08T01:34:49","guid":{"rendered":"https:\/\/avecobaggie.com\/?post_type=product&#038;p=2098"},"modified":"2025-10-13T13:40:56","modified_gmt":"2025-10-13T05:40:56","slug":"blank-canvas-tote-bag-wholesale","status":"publish","type":"product","link":"https:\/\/avecobaggie.com\/da\/product\/blank-canvas-tote-bag-wholesale\/","title":{"rendered":"blank l\u00e6rredstaske engros"},"content":{"rendered":"<p>Aveco leverer hovedsageligt tilpassede \u00f8koposer med one-stop-shop-l\u00f8sningsservice. Vi har ogs\u00e5 nogle grundl\u00e6ggende former for poser til en nem start som anf\u00f8rt p\u00e5 hjemmesiden for\u00a0\u00a0<a href=\"https:\/\/avecobaggie.com\/da\/product-category\/bags-in-stock\/\"> Tasker p\u00e5 lager <\/a>. most stocked bags are blank without any printing, so it&#8217;s easier for you to do a private logo or label for your customers\u00a0 with no minimum..<\/p>\n<p>We also have some standard shape canvas tote bags without printing for wholesale business.The listing bags are in stock and can ship out within 3 days.<\/p>\n<p>All the materials we use are eco-friendly including cotton, canvas, linen, jute, felt etc. and If you are looking to make bags with your private label brand or promotional events, then we can serve your bulk needs with quite a low MOQ and fast delivery.If you want to custom, pls click :<a href=\"https:\/\/avecobaggie.com\/da\/product-category\/by-style\/tote-bag\/\"><em><strong>Custom tote bags<\/strong><\/em><\/a><\/p>\n<h3 class=\"p1\"><span style=\"color: #333333;\">Product Features for the blank canvas tote bag wholesale<\/span><\/h3>\n<ul>\n<li><strong>Taske-stil<\/strong>: Tasker<\/li>\n<li><strong>Materialetype<\/strong>: Canvas (65% polyester,35% cotton),it&#8217;s thick and durable and not easy to shrink after washing.<\/li>\n<li><strong>Materiale V\u00e6gt<\/strong>:\u00a0 8 oz\/250GSM<\/li>\n<li><strong>Materiale Farve<\/strong>: Hvid<\/li>\n<li><strong>Taske st\u00f8rrelse<\/strong>: 21X26CM| 30X37CM| 35X40CM| 30X37X10CM| 35X40X10CM| 25X35X10CM| 32X42X10CM<\/li>\n<li><strong>P\u00e5trykt omr\u00e5de<\/strong>: blank<\/li>\n<li><strong>Lukning<\/strong>: \u00c5ben<\/li>\n<li><strong>Plejeinstruktioner<\/strong>: H\u00e5ndvask anbefales, maskinvask er ogs\u00e5 ok, h\u00e6ng til t\u00f8rre.<\/li>\n<\/ul>\n<p><strong>Bem\u00e6rkninger:For bomuldsstof vil der v\u00e6re en lille krympning efter vask.<\/strong><\/p>","protected":false},"excerpt":{"rendered":"<p>L\u00e6rredsmateriale af h\u00f8j kvalitet, tykt og bl\u00f8dt, slidst\u00e6rkt og ikke let at beskadige.<\/p>","protected":false},"featured_media":2099,"comment_status":"open","ping_status":"closed","template":"","meta":{"_seopress_robots_primary_cat":"none","_seopress_titles_title":"Blank Tote Bags Wholesale - Stock & OEM - Fast Shipping","_seopress_titles_desc":"Popular Size of Canvas Blank Tote Bags in Stock,Fast Shipment for wholesale business,OEM is also easy with MOQ 100pieces, Get Quotes Now","_seopress_robots_index":""},"product_brand":[],"product_cat":[113],"product_tag":[123],"class_list":{"0":"post-2098","1":"product","2":"type-product","3":"status-publish","4":"has-post-thumbnail","6":"product_cat-bags-in-stock","7":"product_tag-in-stock","9":"first","10":"instock","11":"taxable","12":"shipping-taxable","13":"product-type-simple"},"_links":{"self":[{"href":"https:\/\/avecobaggie.com\/da\/wp-json\/wp\/v2\/product\/2098","targetHints":{"allow":["GET"]}}],"collection":[{"href":"https:\/\/avecobaggie.com\/da\/wp-json\/wp\/v2\/product"}],"about":[{"href":"https:\/\/avecobaggie.com\/da\/wp-json\/wp\/v2\/types\/product"}],"replies":[{"embeddable":true,"href":"https:\/\/avecobaggie.com\/da\/wp-json\/wp\/v2\/comments?post=2098"}],"wp:featuredmedia":[{"embeddable":true,"href":"https:\/\/avecobaggie.com\/da\/wp-json\/wp\/v2\/media\/2099"}],"wp:attachment":[{"href":"https:\/\/avecobaggie.com\/da\/wp-json\/wp\/v2\/media?parent=2098"}],"wp:term":[{"taxonomy":"product_brand","embeddable":true,"href":"https:\/\/avecobaggie.com\/da\/wp-json\/wp\/v2\/product_brand?post=2098"},{"taxonomy":"product_cat","embeddable":true,"href":"https:\/\/avecobaggie.com\/da\/wp-json\/wp\/v2\/product_cat?post=2098"},{"taxonomy":"product_tag","embeddable":true,"href":"https:\/\/avecobaggie.com\/da\/wp-json\/wp\/v2\/product_tag?post=2098"}],"curies":[{"name":"wp","href":"https:\/\/api.w.org\/{rel}","templated":true}]}}