{"id":2110,"date":"2021-03-08T11:38:56","date_gmt":"2021-03-08T03:38:56","guid":{"rendered":"https:\/\/avecobaggie.com\/?post_type=product&#038;p=2110"},"modified":"2025-10-13T13:39:10","modified_gmt":"2025-10-13T05:39:10","slug":"stock-jute-tote-bag-wholesale","status":"publish","type":"product","link":"https:\/\/avecobaggie.com\/da\/product\/stock-jute-tote-bag-wholesale\/","title":{"rendered":"Lager Jute Tote Bag Engros"},"content":{"rendered":"<p>Aveco leverer hovedsageligt tilpassede \u00f8koposer med one-stop-shop-l\u00f8sningsservice. Vi har ogs\u00e5 nogle grundl\u00e6ggende former for poser til en nem start som anf\u00f8rt p\u00e5 hjemmesiden for\u00a0\u00a0<a href=\"https:\/\/avecobaggie.com\/da\/product-category\/bags-in-stock\/\"> Tasker p\u00e5 lager <\/a>. de fleste lagerf\u00f8rte poser er blanke uden tryk, s\u00e5 det er lettere for dig at lave et privat logo eller en etiket til dine kunder uden noget minimum.<\/p>\n<p><span class=\"Apple-converted-space\">\u00a0 \u00a0 Hvis du vil tilpasse disse \u00f8ko-poser, er det ogs\u00e5 nemt, nogle af poserne er endda med ekstremt lave priser. <\/span>MOQ for tilpassede overflader. Is\u00e6r bomulds- eller l\u00e6rredspose er ekstremt lav ved 100 stykker eller endnu mindre for at st\u00f8tte begyndere, g\u00e5 til <a href=\"https:\/\/avecobaggie.com\/da\/custom-solutions\/\"><strong>TILPASSEDE L\u00d8SNINGER<\/strong><\/a> for at f\u00e5 mere at vide om trin for specialfremstillede tasker.<\/p>\n<p>De anf\u00f8rte jute-totetasker er lavet af jute, naturlig vintage brun, og foret med PVC, som er vandt\u00e6t, smudsafvisende, ogs\u00e5 f\u00e6ldning er minimal.forst\u00e6rket sides\u00f8mning og bred bundkile er nyttige til at holde tasken i elegant form.h\u00e5ndtagsstropper er fyldt med bomuld og t\u00e6t syet til jute-totetasker, bl\u00f8d, kraftig og behagelig.med p\u00e5 lager i 4 st\u00f8rrelser, hurtig levering.<\/p>\n<h3 class=\"p1\"><span style=\"color: #333333;\">\u00a0Produktegenskaber for Stock jute tote bag engros<\/span><\/h3>\n<ul>\n<li><strong>Taske-stil<\/strong>: Jute-totetaske med bund og sidekile<\/li>\n<li><strong>Materialetype<\/strong>: Jute<\/li>\n<li><strong>Taske st\u00f8rrelse<\/strong>: p\u00e5 lager har vi 4 st\u00f8rrelser som 26X27X10CM| 30X39X15CM| 31X25X10CM| 39X31X15CM| 45X35X18CM<\/li>\n<li><strong>P\u00e5trykt omr\u00e5de<\/strong>: blank p\u00e5 lager<\/li>\n<li><strong>Lukning<\/strong>: \u00c5ben<\/li>\n<li><strong>Plejeinstruktioner<\/strong>: H\u00e5ndvask anbefales, <strong>Maskinvask anbefales ikke.<\/strong><\/li>\n<\/ul>\n<p><span class=\"a-list-item\">Anvendelse - perfekte jutegaveposer med h\u00e5ndtag til bryllup, brudepige, hotel, f\u00f8dselsdag, fester som giveaways, festfavoritposer; til kvinder som indk\u00f8bsposer, til DIY ART Crafts som print h\u00e6kling skrivning broderi.<\/span><\/p>","protected":false},"excerpt":{"rendered":"<p><span class=\"a-list-item\">Naturligt s\u00e6kkel\u00e6rredsstof | vandt\u00e6t PE-film | Blank p\u00e5 lager<\/span><\/p>","protected":false},"featured_media":2111,"comment_status":"open","ping_status":"closed","template":"","meta":{"_seopress_robots_primary_cat":"none","_seopress_titles_title":"Stock Jute Tote Bag Wholesale - Free Sample -Get Quote Now","_seopress_titles_desc":"Low MOQ and ready to ship help you start business right away. OEM\/ODM \u00b7 Free Sample \u00b7 Flexible Shipping Ways \u00b7 7X24hours Available","_seopress_robots_index":""},"product_brand":[],"product_cat":[104,109,113],"product_tag":[123],"class_list":{"0":"post-2110","1":"product","2":"type-product","3":"status-publish","4":"has-post-thumbnail","6":"product_cat-jute-burlap-bag","7":"product_cat-everyday","8":"product_cat-bags-in-stock","9":"product_tag-in-stock","11":"first","12":"outofstock","13":"taxable","14":"shipping-taxable","15":"product-type-simple"},"_links":{"self":[{"href":"https:\/\/avecobaggie.com\/da\/wp-json\/wp\/v2\/product\/2110","targetHints":{"allow":["GET"]}}],"collection":[{"href":"https:\/\/avecobaggie.com\/da\/wp-json\/wp\/v2\/product"}],"about":[{"href":"https:\/\/avecobaggie.com\/da\/wp-json\/wp\/v2\/types\/product"}],"replies":[{"embeddable":true,"href":"https:\/\/avecobaggie.com\/da\/wp-json\/wp\/v2\/comments?post=2110"}],"wp:featuredmedia":[{"embeddable":true,"href":"https:\/\/avecobaggie.com\/da\/wp-json\/wp\/v2\/media\/2111"}],"wp:attachment":[{"href":"https:\/\/avecobaggie.com\/da\/wp-json\/wp\/v2\/media?parent=2110"}],"wp:term":[{"taxonomy":"product_brand","embeddable":true,"href":"https:\/\/avecobaggie.com\/da\/wp-json\/wp\/v2\/product_brand?post=2110"},{"taxonomy":"product_cat","embeddable":true,"href":"https:\/\/avecobaggie.com\/da\/wp-json\/wp\/v2\/product_cat?post=2110"},{"taxonomy":"product_tag","embeddable":true,"href":"https:\/\/avecobaggie.com\/da\/wp-json\/wp\/v2\/product_tag?post=2110"}],"curies":[{"name":"wp","href":"https:\/\/api.w.org\/{rel}","templated":true}]}}