{"id":2117,"date":"2021-03-08T15:57:11","date_gmt":"2021-03-08T07:57:11","guid":{"rendered":"https:\/\/avecobaggie.com\/?post_type=product&#038;p=2117"},"modified":"2021-03-30T10:48:14","modified_gmt":"2021-03-30T02:48:14","slug":"natural-linen-burlap-gift-bags-wholesale","status":"publish","type":"product","link":"https:\/\/avecobaggie.com\/da\/product\/natural-linen-burlap-gift-bags-wholesale\/","title":{"rendered":"Gaveposer i naturligt h\u00f8rl\u00e6rred engros"},"content":{"rendered":"<p>Aveco leverer hovedsageligt tilpassede \u00f8koposer med one-stop-shop-l\u00f8sningsservice. Vi har ogs\u00e5 nogle grundl\u00e6ggende former for poser til en nem start som anf\u00f8rt p\u00e5 hjemmesiden for\u00a0\u00a0<a href=\"https:\/\/avecobaggie.com\/da\/product-category\/bags-in-stock\/\"><strong> Bag in Stock<\/strong> <\/a>. most stocked bags are blank without any printing, so it&#8217;s easier for you to do a private logo or label for your customers\u00a0 with no minimum..<\/p>\n<p>The listed drawstring burlap bags are available in below 8 sizes, they can ship fast within 3 days. All the canvas grocery bags we provided here are manufactured as Non-toxic eco friendly materials.We are happy to support small business<span class=\"Apple-converted-space\">\u00a0 <\/span>as well as big brands.<\/p>\n<p class=\"p1\"><span class=\"Apple-converted-space\">\u00a0 \u00a0 Hvis du vil tilpasse disse \u00f8ko-poser, er det ogs\u00e5 nemt, nogle af poserne er endda med ekstremt lave priser. <\/span>MOQ for tilpassede overflader. Is\u00e6r bomulds- eller l\u00e6rredspose er ekstremt lav ved 100 stykker eller endnu mindre for at st\u00f8tte begyndere, g\u00e5 til <a href=\"https:\/\/avecobaggie.com\/da\/custom-solutions\/\"><strong>TILPASSEDE L\u00d8SNINGER<\/strong><\/a> for at f\u00e5 mere at vide om trin for specialfremstillede tasker.<\/p>\n<h3 class=\"p1\"><span style=\"color: #333333;\"><span class=\"Apple-converted-space\">\u00a0\u00a0<\/span>Product Features for the Natural Linen Burlap Gift Bags Wholesale<\/span><\/h3>\n<ul>\n<li><strong>Taske-stil<\/strong>:<span class=\"a-list-item\">Washable and Reusable Natural Linen Burlap<\/span><\/li>\n<li><strong>Materialetype<\/strong>: Jute Burlap-<span class=\"a-list-item\">the material of the bag is burlap which is durable and sturdy; They can use for a long time; Quality material and construction make them practical<\/span><\/li>\n<li><strong>Materiale Farve<\/strong>: Natural jute<\/li>\n<li><strong>Taske st\u00f8rrelse<\/strong>: 7X9CM|10X15CM|13X18CM|15X20CM|17X23CM|20X25CM|20X30CM|30X40CM\uff08 list with popular size, we accept customized size bag \uff09<\/li>\n<li><strong>P\u00e5trykt omr\u00e5de<\/strong>: 1 farve | 2 farver | flere farver | Fuldt tryk, tryk p\u00e5 en side eller to sider<\/li>\n<li><strong>Lukning<\/strong>:\u00a0<span class=\"a-list-item\">Drawstring design make these burlap sacks easier to fasten so avoid objects lost. Small enough to carry in your purse, bag, car, cosmetic bag, make them convenient to carry when you go out or ramble or travel.<\/span><\/li>\n<li><strong>Plejeinstruktioner<\/strong>: Hand wash recommend, No machine wash.<\/li>\n<\/ul>","protected":false},"excerpt":{"rendered":"<p>Precision and meticulous workmanship, neat and precise sewing way, available in 8 sizes in stock, can deliver within 3 days.<\/p>","protected":false},"featured_media":2122,"comment_status":"open","ping_status":"closed","template":"","meta":{"_seopress_robots_primary_cat":"none","_seopress_titles_title":"Natural Linen Burlap Gift Bags Wholesale - Bulk In Stock  - Fast Ship","_seopress_titles_desc":"Popular design &amp; Size - Fast Delivery in 3 Days - Flexible Shipping Courier - Added Value Service - Work with Aveco and be a Happy Burlap Gift Bag Importer","_seopress_robots_index":""},"product_brand":[],"product_cat":[113],"product_tag":[123],"class_list":{"0":"post-2117","1":"product","2":"type-product","3":"status-publish","4":"has-post-thumbnail","6":"product_cat-bags-in-stock","7":"product_tag-in-stock","9":"first","10":"instock","11":"taxable","12":"shipping-taxable","13":"product-type-simple"},"_links":{"self":[{"href":"https:\/\/avecobaggie.com\/da\/wp-json\/wp\/v2\/product\/2117","targetHints":{"allow":["GET"]}}],"collection":[{"href":"https:\/\/avecobaggie.com\/da\/wp-json\/wp\/v2\/product"}],"about":[{"href":"https:\/\/avecobaggie.com\/da\/wp-json\/wp\/v2\/types\/product"}],"replies":[{"embeddable":true,"href":"https:\/\/avecobaggie.com\/da\/wp-json\/wp\/v2\/comments?post=2117"}],"wp:featuredmedia":[{"embeddable":true,"href":"https:\/\/avecobaggie.com\/da\/wp-json\/wp\/v2\/media\/2122"}],"wp:attachment":[{"href":"https:\/\/avecobaggie.com\/da\/wp-json\/wp\/v2\/media?parent=2117"}],"wp:term":[{"taxonomy":"product_brand","embeddable":true,"href":"https:\/\/avecobaggie.com\/da\/wp-json\/wp\/v2\/product_brand?post=2117"},{"taxonomy":"product_cat","embeddable":true,"href":"https:\/\/avecobaggie.com\/da\/wp-json\/wp\/v2\/product_cat?post=2117"},{"taxonomy":"product_tag","embeddable":true,"href":"https:\/\/avecobaggie.com\/da\/wp-json\/wp\/v2\/product_tag?post=2117"}],"curies":[{"name":"wp","href":"https:\/\/api.w.org\/{rel}","templated":true}]}}