{"id":2173,"date":"2021-03-09T15:23:22","date_gmt":"2021-03-09T07:23:22","guid":{"rendered":"https:\/\/avecobaggie.com\/?post_type=product&#038;p=2173"},"modified":"2021-03-30T10:47:22","modified_gmt":"2021-03-30T02:47:22","slug":"round-bottom-canvas-grocery-bag-in-bulk","status":"publish","type":"product","link":"https:\/\/avecobaggie.com\/da\/product\/round-bottom-canvas-grocery-bag-in-bulk\/","title":{"rendered":"K\u00f8bmandsposer i l\u00e6rred med rund bund i l\u00f8s v\u00e6gt"},"content":{"rendered":"<p>Aveco leverer hovedsageligt tilpassede \u00f8koposer med one-stop-shop-l\u00f8sningsservice. Vi har ogs\u00e5 nogle grundl\u00e6ggende former for poser til en nem start som anf\u00f8rt p\u00e5 hjemmesiden for\u00a0\u00a0<a href=\"https:\/\/avecobaggie.com\/da\/product-category\/bags-in-stock\/\"> Tasker p\u00e5 lager <\/a>. most stocked bags are blank without any printing, so it&#8217;s easier for you to do a private logo or label for your customers\u00a0 with no minimum..<\/p>\n<p>The listed Round bottom canvas grocery bags are available in below 6 sizes, they can ship fast within 3 days. All the canvas grocery bags we provided here are manufactured as Non-toxic eco friendly materials.We are happy to support small business<span class=\"Apple-converted-space\">\u00a0 <\/span>as well as big brands.<\/p>\n<p class=\"p1\"><span class=\"Apple-converted-space\">\u00a0 \u00a0 Hvis du vil tilpasse disse \u00f8ko-poser, er det ogs\u00e5 nemt, nogle af poserne er endda med ekstremt lave priser. <\/span>MOQ for tilpassede overflader. Is\u00e6r bomulds- eller l\u00e6rredspose er ekstremt lav ved 100 stykker eller endnu mindre for at st\u00f8tte begyndere, g\u00e5 til <a href=\"https:\/\/avecobaggie.com\/da\/custom-solutions\/\"><strong>TILPASSEDE L\u00d8SNINGER<\/strong><\/a> for at f\u00e5 mere at vide om trin for specialfremstillede tasker.<\/p>\n<h3 class=\"p1\"><span style=\"color: #333333;\">\u00a0 \u00a0 \u00a0Product Features for the round bottom canvas grocery bag in bulk<\/span><\/h3>\n<ul>\n<li><strong>Bag Style : <\/strong><span class=\"a-list-item\">canvas grocery bag\u00a0<\/span><\/li>\n<li>Material weight: 8oz for stock, can also custom other thickness.<\/li>\n<li><strong>Materialetype<\/strong>: 8 oz canvas( 65%polyester+35% cotton) <span class=\"a-list-item\">\u00a0is durable and sturdy; They can use for a long time; Quality material and construction make them practical<\/span><\/li>\n<li><strong>Materiale Farve<\/strong>: Naturlig beige<\/li>\n<li><strong>Taske st\u00f8rrelse<\/strong>: 7X29CM|8X35CM|10X30CM|13X25CM|13X29CM|17X39CM|\uff08 list with popular size, we accept customized size bag \uff09<\/li>\n<li><strong>P\u00e5trykt omr\u00e5de<\/strong>: Plain color in stock ,for custom ,it can be 1 color | 2 color | more color| Full printing, printing one side or two sides<\/li>\n<li><strong>Lukning<\/strong>:\u00a0<span class=\"a-list-item\">Drawstring design make these canvas grocery bags easier to fasten so avoid objects lost. bag size from small to big to suit all your needs.<\/span><\/li>\n<li><strong>Plejeinstruktioner<\/strong>: Hand wash recommend, machine wash is also ok, but hang dry, a little shrink is unavoidable.<\/li>\n<\/ul>\n<p>&nbsp;<\/p>","protected":false},"excerpt":{"rendered":"<p>Made of high quality canvas, round bottom make it stands well. Durable construction and good stitching of these bags will never let you down.Various sizes and it can be easily to DIY the logo or prints on these drawstring bags.<\/p>","protected":false},"featured_media":2174,"comment_status":"open","ping_status":"closed","template":"","meta":{"_seopress_robots_primary_cat":"none","_seopress_titles_title":"%%post_title%% %%sep%%Wholesale &amp; OEM","_seopress_titles_desc":"Durable Canvas,Various Size in Stock ,Ship within 3 Days,Custom with Avecobaggie, Your Reliable Eco Bag Wholesaler and Manufacturer","_seopress_robots_index":""},"product_brand":[],"product_cat":[92,102,109,113],"product_tag":[123],"class_list":{"0":"post-2173","1":"product","2":"type-product","3":"status-publish","4":"has-post-thumbnail","6":"product_cat-drawstring-bag","7":"product_cat-cotton-canvas-bag","8":"product_cat-everyday","9":"product_cat-bags-in-stock","10":"product_tag-in-stock","12":"first","13":"instock","14":"taxable","15":"shipping-taxable","16":"product-type-simple"},"_links":{"self":[{"href":"https:\/\/avecobaggie.com\/da\/wp-json\/wp\/v2\/product\/2173","targetHints":{"allow":["GET"]}}],"collection":[{"href":"https:\/\/avecobaggie.com\/da\/wp-json\/wp\/v2\/product"}],"about":[{"href":"https:\/\/avecobaggie.com\/da\/wp-json\/wp\/v2\/types\/product"}],"replies":[{"embeddable":true,"href":"https:\/\/avecobaggie.com\/da\/wp-json\/wp\/v2\/comments?post=2173"}],"wp:featuredmedia":[{"embeddable":true,"href":"https:\/\/avecobaggie.com\/da\/wp-json\/wp\/v2\/media\/2174"}],"wp:attachment":[{"href":"https:\/\/avecobaggie.com\/da\/wp-json\/wp\/v2\/media?parent=2173"}],"wp:term":[{"taxonomy":"product_brand","embeddable":true,"href":"https:\/\/avecobaggie.com\/da\/wp-json\/wp\/v2\/product_brand?post=2173"},{"taxonomy":"product_cat","embeddable":true,"href":"https:\/\/avecobaggie.com\/da\/wp-json\/wp\/v2\/product_cat?post=2173"},{"taxonomy":"product_tag","embeddable":true,"href":"https:\/\/avecobaggie.com\/da\/wp-json\/wp\/v2\/product_tag?post=2173"}],"curies":[{"name":"wp","href":"https:\/\/api.w.org\/{rel}","templated":true}]}}