{"id":2184,"date":"2021-03-09T16:10:16","date_gmt":"2021-03-09T08:10:16","guid":{"rendered":"https:\/\/avecobaggie.com\/?post_type=product&#038;p=2184"},"modified":"2021-03-30T10:46:42","modified_gmt":"2021-03-30T02:46:42","slug":"burlap-wine-bottle-bags-with-window","status":"publish","type":"product","link":"https:\/\/avecobaggie.com\/da\/product\/burlap-wine-bottle-bags-with-window\/","title":{"rendered":"Vinflaskeposer i jute med vindue"},"content":{"rendered":"<p>Aveco mainly provide customized eco bags with one stop shop solution service. All the materials we use are eco-friendly including cotton, canvas, linen, jute, felt etc. We also have some basic shape of bags for an easy start as listed on the website of\u00a0\u00a0<a href=\"https:\/\/avecobaggie.com\/da\/product-category\/bags-in-stock\/\"> Tasker p\u00e5 lager <\/a>. de fleste lagerf\u00f8rte poser er blanke uden tryk, s\u00e5 det er lettere for dig at lave et privat logo eller en etiket til dine kunder uden noget minimum.<\/p>\n<p><span class=\"Apple-converted-space\">\u00a0 \u00a0 Hvis du vil tilpasse disse \u00f8ko-poser, er det ogs\u00e5 nemt, nogle af poserne er endda med ekstremt lave priser. <\/span>MOQ for tilpassede overflader. Is\u00e6r bomulds- eller l\u00e6rredspose er ekstremt lav ved 100 stykker eller endnu mindre for at st\u00f8tte begyndere, g\u00e5 til <a href=\"https:\/\/avecobaggie.com\/da\/custom-solutions\/\"><strong>TILPASSEDE L\u00d8SNINGER<\/strong><\/a> for at f\u00e5 mere at vide om trin for specialfremstillede tasker.<\/p>\n<p>The listed wine bag is unique with a transparent window display, perfect for party wine gift bags.<\/p>\n<h4 class=\"p1\"><span style=\"color: #333333;\">Produktfunktioner<\/span><\/h4>\n<ul>\n<li><strong>Taske-stil<\/strong>: Burlap wine bottle bags with clear window display<\/li>\n<li><strong>Materialetype<\/strong>: burlap<\/li>\n<li><strong>Materiale Farve<\/strong>: Natural Beige<\/li>\n<li><strong>Taske st\u00f8rrelse<\/strong>: 10X10X32CM ( list with standard size, we accept customized size bag \uff09<\/li>\n<li><strong>P\u00e5trykt omr\u00e5de<\/strong>: 1 farve | 2 farver | flere farver | Fuldt tryk, tryk p\u00e5 en side eller to sider<\/li>\n<li><strong>Lukning<\/strong>: \u00c5ben<\/li>\n<li><strong>Plejeinstruktioner<\/strong>: Hand wash ,no Machine wash , hang dry.<\/li>\n<\/ul>\n<p>&nbsp;<\/p>","protected":false},"excerpt":{"rendered":"<p><span class=\"a-list-item\">The reusable, recyclable burlap wine bags are great for rustic chic weddings, favors, arts &amp; crafts, and promotional needs. It also comes with transparent PVC window and full side and bottom gussets.<\/span><\/p>","protected":false},"featured_media":2190,"comment_status":"open","ping_status":"closed","template":"","meta":{"_seopress_robots_primary_cat":"none","_seopress_titles_title":"China Single Burlap Wine Bottle Bags With Clear Window","_seopress_titles_desc":"The reusable, burlap wine bottle bags are great for rustic chic weddings, favors, arts &amp; crafts, and promotional needs. Get Free Sample and offer Now!","_seopress_robots_index":""},"product_brand":[],"product_cat":[29,104,109],"product_tag":[124],"class_list":{"0":"post-2184","1":"product","2":"type-product","3":"status-publish","4":"has-post-thumbnail","6":"product_cat-tote-bag","7":"product_cat-jute-burlap-bag","8":"product_cat-everyday","9":"product_tag-wine-bag","11":"first","12":"instock","13":"taxable","14":"shipping-taxable","15":"product-type-simple"},"_links":{"self":[{"href":"https:\/\/avecobaggie.com\/da\/wp-json\/wp\/v2\/product\/2184","targetHints":{"allow":["GET"]}}],"collection":[{"href":"https:\/\/avecobaggie.com\/da\/wp-json\/wp\/v2\/product"}],"about":[{"href":"https:\/\/avecobaggie.com\/da\/wp-json\/wp\/v2\/types\/product"}],"replies":[{"embeddable":true,"href":"https:\/\/avecobaggie.com\/da\/wp-json\/wp\/v2\/comments?post=2184"}],"wp:featuredmedia":[{"embeddable":true,"href":"https:\/\/avecobaggie.com\/da\/wp-json\/wp\/v2\/media\/2190"}],"wp:attachment":[{"href":"https:\/\/avecobaggie.com\/da\/wp-json\/wp\/v2\/media?parent=2184"}],"wp:term":[{"taxonomy":"product_brand","embeddable":true,"href":"https:\/\/avecobaggie.com\/da\/wp-json\/wp\/v2\/product_brand?post=2184"},{"taxonomy":"product_cat","embeddable":true,"href":"https:\/\/avecobaggie.com\/da\/wp-json\/wp\/v2\/product_cat?post=2184"},{"taxonomy":"product_tag","embeddable":true,"href":"https:\/\/avecobaggie.com\/da\/wp-json\/wp\/v2\/product_tag?post=2184"}],"curies":[{"name":"wp","href":"https:\/\/api.w.org\/{rel}","templated":true}]}}