{"id":2195,"date":"2021-03-09T16:28:20","date_gmt":"2021-03-09T08:28:20","guid":{"rendered":"https:\/\/avecobaggie.com\/?post_type=product&#038;p=2195"},"modified":"2021-03-30T10:45:53","modified_gmt":"2021-03-30T02:45:53","slug":"customized-extra-large-burlap-beach-bag","status":"publish","type":"product","link":"https:\/\/avecobaggie.com\/da\/product\/customized-extra-large-burlap-beach-bag\/","title":{"rendered":"Skr\u00e6ddersyet ekstra stor strandtaske i s\u00e6kkel\u00e6rred"},"content":{"rendered":"<p>Aveco leverer hovedsageligt tilpassede \u00f8ko-poser med one-stop-shop-l\u00f8sningsservice. Alle de materialer, vi bruger, er milj\u00f8venlige, herunder bomuld, l\u00e6rred, linned, jute, filt, oxford osv. Vi har ogs\u00e5 nogle grundl\u00e6ggende former for tasker til en nem start som anf\u00f8rt p\u00e5 hjemmesiden for\u00a0\u00a0<a href=\"https:\/\/avecobaggie.com\/da\/product-category\/bags-in-stock\/\"> Tasker p\u00e5 lager <\/a>. de fleste lagerf\u00f8rte poser er blanke uden tryk, s\u00e5 det er lettere for dig at lave et privat logo eller en etiket til dine kunder uden noget minimum.<\/p>\n<p><span class=\"Apple-converted-space\">\u00a0 \u00a0 Hvis du vil tilpasse disse \u00f8ko-poser, er det ogs\u00e5 nemt, nogle af poserne er endda med ekstremt lave priser. <\/span>MOQ for tilpassede overflader. Is\u00e6r bomulds- eller l\u00e6rredspose er ekstremt lav ved 100 stykker eller endnu mindre for at st\u00f8tte begyndere, g\u00e5 til <a href=\"https:\/\/avecobaggie.com\/da\/custom-solutions\/\"><strong>TILPASSEDE L\u00d8SNINGER<\/strong><\/a> for at f\u00e5 mere at vide om specialfremstillede tasker.<\/p>\n<h3 class=\"p1\"><span style=\"color: #333333;\">\u00a0 \u00a0 Produktegenskaber for Customized Extra Large Burlap Beach Bag<\/span><\/h3>\n<ul>\n<li><strong>Taske-stil<\/strong>: Stor strandtaske<\/li>\n<li><strong>Materialetype<\/strong>: Naturlig s\u00e6kkel\u00e6rred + l\u00e6der<\/li>\n<li><strong>Materiale Farve<\/strong>: Naturlig beige<\/li>\n<li><strong>Taske st\u00f8rrelse<\/strong>: 32X24X14CM (liste med standardst\u00f8rrelse, vi accepterer tilpasset st\u00f8rrelse taske)<\/li>\n<li><strong>P\u00e5trykt omr\u00e5de<\/strong>: 1 farve | 2 farver | flere farver | Fuldt tryk, tryk p\u00e5 en side eller to sider<\/li>\n<li><strong>Lukning<\/strong>: \u00c5ben<\/li>\n<li><strong>Plejeinstruktioner<\/strong>: H\u00e5ndvask anbefales, h\u00e6ng til t\u00f8rre.<\/li>\n<\/ul>","protected":false},"excerpt":{"rendered":"<p>Denne taske er moderigtig, med naturlig jute udvendigt og indvendigt med PE-foring, som er l\u00e6kagesikker.udseendet af linnedmateriale er retro, st\u00e6rkt og holdbart.logoet eller m\u00f8nsteret er let at printe.<\/p>","protected":false},"featured_media":2196,"comment_status":"open","ping_status":"closed","template":"","meta":{"_seopress_robots_primary_cat":"none","_seopress_titles_title":"Customized Extra Large Burlap Beach Bag - OEM &amp; ODM - Aveco","_seopress_titles_desc":"Offer Many extra large beach bag with natural Burlap outside and inside with PE lined, leather handles, leakproof and fashionable.Easy to Print logo","_seopress_robots_index":""},"product_brand":[],"product_cat":[29,104,110],"product_tag":[125],"class_list":{"0":"post-2195","1":"product","2":"type-product","3":"status-publish","4":"has-post-thumbnail","6":"product_cat-tote-bag","7":"product_cat-jute-burlap-bag","8":"product_cat-travel","9":"product_tag-beach-bag","11":"first","12":"instock","13":"taxable","14":"shipping-taxable","15":"product-type-simple"},"_links":{"self":[{"href":"https:\/\/avecobaggie.com\/da\/wp-json\/wp\/v2\/product\/2195","targetHints":{"allow":["GET"]}}],"collection":[{"href":"https:\/\/avecobaggie.com\/da\/wp-json\/wp\/v2\/product"}],"about":[{"href":"https:\/\/avecobaggie.com\/da\/wp-json\/wp\/v2\/types\/product"}],"replies":[{"embeddable":true,"href":"https:\/\/avecobaggie.com\/da\/wp-json\/wp\/v2\/comments?post=2195"}],"wp:featuredmedia":[{"embeddable":true,"href":"https:\/\/avecobaggie.com\/da\/wp-json\/wp\/v2\/media\/2196"}],"wp:attachment":[{"href":"https:\/\/avecobaggie.com\/da\/wp-json\/wp\/v2\/media?parent=2195"}],"wp:term":[{"taxonomy":"product_brand","embeddable":true,"href":"https:\/\/avecobaggie.com\/da\/wp-json\/wp\/v2\/product_brand?post=2195"},{"taxonomy":"product_cat","embeddable":true,"href":"https:\/\/avecobaggie.com\/da\/wp-json\/wp\/v2\/product_cat?post=2195"},{"taxonomy":"product_tag","embeddable":true,"href":"https:\/\/avecobaggie.com\/da\/wp-json\/wp\/v2\/product_tag?post=2195"}],"curies":[{"name":"wp","href":"https:\/\/api.w.org\/{rel}","templated":true}]}}