{"id":2226,"date":"2021-03-09T16:54:17","date_gmt":"2021-03-09T08:54:17","guid":{"rendered":"https:\/\/avecobaggie.com\/?post_type=product&#038;p=2226"},"modified":"2021-03-30T10:45:04","modified_gmt":"2021-03-30T02:45:04","slug":"extra-large-canvas-storage-bag-wholesale","status":"publish","type":"product","link":"https:\/\/avecobaggie.com\/da\/product\/extra-large-canvas-storage-bag-wholesale\/","title":{"rendered":"Ekstra stor opbevaringstaske i l\u00e6rred engros"},"content":{"rendered":"<p>Aveco leverer hovedsageligt skr\u00e6ddersyede \u00f8ko-taskeposer med one-stop-shop-l\u00f8sningsservice. Vores tasker er holdbare, af h\u00f8j kvalitet og til en overkommelig pris til forskellige form\u00e5l. Alle de materialer, vi bruger, er milj\u00f8venlige, herunder bomuld, l\u00e6rred, linned, jute, filt osv. Og hvis du \u00f8nsker at lave tasker med dit private label-m\u00e6rke eller salgsfremmende begivenheder, kan vi opfylde dine bulkbehov med en ganske lav MOQ og hurtig levering.<\/p>\n<h3 class=\"p1\"><span style=\"color: #333333;\">\u00a0Produktegenskaber for Ekstra stor opbevaringstaske i l\u00e6rred Engros<\/span><\/h3>\n<ul>\n<li><strong>Taske-stil<\/strong>: Opbevaringsposer til hjemmet<\/li>\n<li><strong>Materialetype<\/strong>: L\u00e6rred<\/li>\n<li><strong>Materiale V\u00e6gt<\/strong>: 12 oz \/ vi kan ogs\u00e5 lave andre tykkelser i henhold til din anmodning, <a href=\"https:\/\/avecobaggie.com\/da\/custom-solutions\/\">Klik for at se diagrammet over stoffets v\u00e6gt<\/a><\/li>\n<li><strong>Materiale Farve<\/strong>: Hvid<\/li>\n<li><strong>Taske st\u00f8rrelse<\/strong>: 56X33X28CM (liste med standardst\u00f8rrelse, vi accepterer tilpasset st\u00f8rrelse taske)<\/li>\n<li><strong>P\u00e5trykt omr\u00e5de<\/strong>: 1 farve | 2 farver | flere farver | Fuldt tryk, tryk p\u00e5 en side eller to sider<\/li>\n<li><strong>Lukning<\/strong>: \u00c5ben<\/li>\n<li><strong>Plejeinstruktioner<\/strong>: H\u00e5ndvask anbefales, maskinvask er ogs\u00e5 ok, h\u00e6ng til t\u00f8rre.<\/li>\n<\/ul>\n<p><strong>Bem\u00e6rkninger:For bomuldsstof vil der v\u00e6re en lille krympning efter vask.<\/strong><\/p>","protected":false},"excerpt":{"rendered":"<p>Fremstillet af kraftigt 12 oz kanvasmateriale, ekstra stor st\u00f8rrelse, kan opbevare mange ting og kan ogs\u00e5 v\u00e6re vasket\u00f8jsposer.<\/p>","protected":false},"featured_media":2233,"comment_status":"open","ping_status":"closed","template":"","meta":{"_seopress_robots_primary_cat":"none","_seopress_titles_title":"Extra Large Canvas Storage Bag Wholesale for Home-Custom Now","_seopress_titles_desc":"Made From heavy duty 12oz canvas material, extra large size, can store many things.Can also Make according to your requests.Fast Sample proofing.","_seopress_robots_index":""},"product_brand":[],"product_cat":[29,102,109],"product_tag":[],"class_list":{"0":"post-2226","1":"product","2":"type-product","3":"status-publish","4":"has-post-thumbnail","6":"product_cat-tote-bag","7":"product_cat-cotton-canvas-bag","8":"product_cat-everyday","10":"first","11":"instock","12":"taxable","13":"shipping-taxable","14":"product-type-simple"},"_links":{"self":[{"href":"https:\/\/avecobaggie.com\/da\/wp-json\/wp\/v2\/product\/2226","targetHints":{"allow":["GET"]}}],"collection":[{"href":"https:\/\/avecobaggie.com\/da\/wp-json\/wp\/v2\/product"}],"about":[{"href":"https:\/\/avecobaggie.com\/da\/wp-json\/wp\/v2\/types\/product"}],"replies":[{"embeddable":true,"href":"https:\/\/avecobaggie.com\/da\/wp-json\/wp\/v2\/comments?post=2226"}],"wp:featuredmedia":[{"embeddable":true,"href":"https:\/\/avecobaggie.com\/da\/wp-json\/wp\/v2\/media\/2233"}],"wp:attachment":[{"href":"https:\/\/avecobaggie.com\/da\/wp-json\/wp\/v2\/media?parent=2226"}],"wp:term":[{"taxonomy":"product_brand","embeddable":true,"href":"https:\/\/avecobaggie.com\/da\/wp-json\/wp\/v2\/product_brand?post=2226"},{"taxonomy":"product_cat","embeddable":true,"href":"https:\/\/avecobaggie.com\/da\/wp-json\/wp\/v2\/product_cat?post=2226"},{"taxonomy":"product_tag","embeddable":true,"href":"https:\/\/avecobaggie.com\/da\/wp-json\/wp\/v2\/product_tag?post=2226"}],"curies":[{"name":"wp","href":"https:\/\/api.w.org\/{rel}","templated":true}]}}