{"id":2277,"date":"2021-03-10T14:50:05","date_gmt":"2021-03-10T06:50:05","guid":{"rendered":"https:\/\/avecobaggie.com\/?post_type=product&#038;p=2277"},"modified":"2021-03-30T10:41:18","modified_gmt":"2021-03-30T02:41:18","slug":"drawstring-cotton-mesh-bag","status":"publish","type":"product","link":"https:\/\/avecobaggie.com\/da\/product\/drawstring-cotton-mesh-bag\/","title":{"rendered":"Netpose i bomuld med snor"},"content":{"rendered":"<p>Aveco mainly provide customized eco bags with one stop shop solution service. Our bags are durable, high quality and affordable to meet different purposes.<\/p>\n<p>The listed drawstring cotton mesh bags are in stock \u00a0to be fast delivered and easier for you to start. They are made from natural, sustainable, unprocessed cotton.Single size purchasing or bundle sizes as a set is available, normally each bag will have a tare weight label, and on the label you can print your own logo.<\/p>\n<p>The drawstring cotton mesh bags are perfect for food ,vegetables, toys and other application.<\/p>\n<h3 class=\"p1\"><span style=\"color: #333333;\">Product Features for the Drawstring Cotton Mesh Bag<\/span><\/h3>\n<ul>\n<li><strong>Taske-stil<\/strong>: Mesh produce bag<\/li>\n<li><strong>Materialetype<\/strong>: Cotton Mesh<\/li>\n<li><strong>Materiale V\u00e6gt<\/strong>: &#8212;<\/li>\n<li><strong>Materiale Farve<\/strong>: Hvid<\/li>\n<li><strong>Taske st\u00f8rrelse<\/strong>: 20X25CM|25X30CM|30X35CM | custom size<\/li>\n<li><strong>P\u00e5trykt omr\u00e5de<\/strong>: plain color without printing<\/li>\n<li><strong>Lukning<\/strong>: L\u00f8beb\u00e5nd<\/li>\n<li><strong>Plejeinstruktioner<\/strong>: H\u00e5ndvask anbefales, maskinvask er ogs\u00e5 ok, h\u00e6ng til t\u00f8rre.<\/li>\n<\/ul>\n<p><strong>Bem\u00e6rkninger:For bomuldsstof vil der v\u00e6re en lille krympning efter vask.<\/strong><\/p>","protected":false},"excerpt":{"rendered":"<p>Enkelt- eller pakkest\u00f8rrelse for den genanvendelige bomuldspose med snor,<span class=\"a-list-item\"><span class=\"a-size-base\">Kan vaskes i maskine,<\/span><\/span><span class=\"a-list-item\"><span class=\"a-size-base\">\u00c5ndbart mesh,<\/span><\/span><span class=\"a-list-item\"><span class=\"a-size-base\">Fremstillet af f\u00f8devaregodkendte materialer af h\u00f8j kvalitet,<\/span><\/span><span class=\"a-list-item\"><span class=\"a-size-base\">Tarav\u00e6gtsm\u00e6rker p\u00e5 hver pose,<\/span><\/span><span class=\"a-list-item\"><span class=\"a-size-base\">Snorelukning for at holde indholdet sikkert.<\/span><\/span><\/p>","protected":false},"featured_media":2278,"comment_status":"open","ping_status":"closed","template":"","meta":{"_seopress_robots_primary_cat":"none","_seopress_titles_title":"%%post_title%%  %%sep%%In stock %%sep%%Deliver in 3 Days","_seopress_titles_desc":"Breathable mesh,Made with high-quality food safe materials,Tare weight tags on each drawstring cotton mesh bag,Contact for order single or bundle sizes","_seopress_robots_index":""},"product_brand":[],"product_cat":[113],"product_tag":[],"class_list":{"0":"post-2277","1":"product","2":"type-product","3":"status-publish","4":"has-post-thumbnail","6":"product_cat-bags-in-stock","8":"first","9":"instock","10":"taxable","11":"shipping-taxable","12":"product-type-simple"},"_links":{"self":[{"href":"https:\/\/avecobaggie.com\/da\/wp-json\/wp\/v2\/product\/2277","targetHints":{"allow":["GET"]}}],"collection":[{"href":"https:\/\/avecobaggie.com\/da\/wp-json\/wp\/v2\/product"}],"about":[{"href":"https:\/\/avecobaggie.com\/da\/wp-json\/wp\/v2\/types\/product"}],"replies":[{"embeddable":true,"href":"https:\/\/avecobaggie.com\/da\/wp-json\/wp\/v2\/comments?post=2277"}],"wp:featuredmedia":[{"embeddable":true,"href":"https:\/\/avecobaggie.com\/da\/wp-json\/wp\/v2\/media\/2278"}],"wp:attachment":[{"href":"https:\/\/avecobaggie.com\/da\/wp-json\/wp\/v2\/media?parent=2277"}],"wp:term":[{"taxonomy":"product_brand","embeddable":true,"href":"https:\/\/avecobaggie.com\/da\/wp-json\/wp\/v2\/product_brand?post=2277"},{"taxonomy":"product_cat","embeddable":true,"href":"https:\/\/avecobaggie.com\/da\/wp-json\/wp\/v2\/product_cat?post=2277"},{"taxonomy":"product_tag","embeddable":true,"href":"https:\/\/avecobaggie.com\/da\/wp-json\/wp\/v2\/product_tag?post=2277"}],"curies":[{"name":"wp","href":"https:\/\/api.w.org\/{rel}","templated":true}]}}