{"id":2284,"date":"2021-03-10T15:31:59","date_gmt":"2021-03-10T07:31:59","guid":{"rendered":"https:\/\/avecobaggie.com\/?post_type=product&#038;p=2284"},"modified":"2021-03-30T10:27:40","modified_gmt":"2021-03-30T02:27:40","slug":"cotton-mesh-totes-beach-bag","status":"publish","type":"product","link":"https:\/\/avecobaggie.com\/da\/product\/cotton-mesh-totes-beach-bag\/","title":{"rendered":"Strandtasker i bomuldsnet"},"content":{"rendered":"<p>Aveco leverer hovedsageligt skr\u00e6ddersyede \u00f8ko-poser med one-stop-shop-l\u00f8sningsservice. Vores tasker er holdbare, af h\u00f8j kvalitet og til en overkommelig pris til forskellige form\u00e5l. Alle de materialer, vi bruger, er milj\u00f8venlige, herunder bomuld, l\u00e6rred, linned, jute, filt osv. Og hvis du \u00f8nsker at lave tasker med dit private label-m\u00e6rke eller salgsfremmende begivenheder, kan vi opfylde dine bulkbehov med en ganske lav MOQ og hurtig levering.<\/p>\n<p>Hvis du vil starte p\u00e5 en nem m\u00e5de, kan du bare g\u00e5 til vores <a href=\"https:\/\/avecobaggie.com\/da\/product-category\/bags-in-stock\/\">tasker p\u00e5 lager<\/a> Det er en god id\u00e9 at finde ud af, hvilken taske du kan lide, de fleste tasker er blanke og meget nemme at lave selv.<\/p>\n<p>PRODUKTETS EGENSKABER<\/p>\n<ul>\n<li><strong>Taske-stil<\/strong>: Mesh-tasker<\/li>\n<li><strong>Materialetype<\/strong>: Bomuldsnet, lavet af 100% bomuld, holdbart, milj\u00f8venligt og god \u00e5ndbarhed til opbevaring,<\/li>\n<li><strong>Materiale V\u00e6gt<\/strong>: 6 oz \/ vi kan ogs\u00e5 lave andre tykkelser i henhold til din anmodning, <a href=\"https:\/\/avecobaggie.com\/da\/custom-solutions\/\">Klik for at se diagrammet over stoffets v\u00e6gt<\/a><\/li>\n<li><strong>Materiale Farve<\/strong>: Naturlig beige<\/li>\n<li><strong>Taske st\u00f8rrelse<\/strong>: 40X45CM (liste med standardst\u00f8rrelse, vi accepterer taske i tilpasset st\u00f8rrelse), standardst\u00f8rrelsen har stor kapacitet: kan rumme op til 40 kg. Og bomuldsnettet kan udvides p\u00e6nt til at rumme en masse indk\u00f8b.<\/li>\n<li><strong>P\u00e5trykt omr\u00e5de<\/strong>: 1 farve | 2 farver | flere farver | Fuldt tryk, tryk p\u00e5 en side eller to sider<\/li>\n<li><strong>Lukning<\/strong>: \u00c5ben<\/li>\n<li><strong>H\u00e5ndtag:<\/strong>Lange og udvidede h\u00e5ndtag g\u00f8r det nemt at krydse skuldrene, og de bredere h\u00e5ndtag aflaster skuldrene og g\u00f8r indk\u00f8bene lettere.<\/li>\n<li><strong>Det er en fordel:<\/strong>Gammeldags, flere farver, supers\u00f8d og rustik. Perfekt til produkter, gr\u00f8ntsager, frugt, d\u00e5ser og frostvarer. Ogs\u00e5 en god gave til familien.<\/li>\n<li><strong>Plejeinstruktioner<\/strong>: H\u00e5ndvask anbefales, maskinvask er ogs\u00e5 ok, h\u00e6ng til t\u00f8rre.<\/li>\n<\/ul>\n<p><strong>Bem\u00e6rkninger:For bomuldsstof vil der v\u00e6re en lille krympning efter vask.<\/strong><\/p>\n<p><span class=\"a-text-italic\"><span class=\"a-text-bold\">Aveco str\u00e6ber efter at g\u00f8re hver eneste detalje i produktet s\u00e5 affaldsfri som muligt, ingen farvning, ingen plastemballage, ingen kuldioxidemissioner.<\/span><\/span><\/p>\n<p>&nbsp;<\/p>","protected":false},"excerpt":{"rendered":"<p>Opfylder dine forskellige behov for shopping, strandture, picnic osv. Let og nem at b\u00e6re, bare fold den sammen og put den i en taske\/lomme. Lange og ekstra tykke h\u00e5ndtag g\u00f8r det mere behageligt at b\u00e6re p\u00e5 skulderen.<\/p>","protected":false},"featured_media":2285,"comment_status":"open","ping_status":"closed","template":"","meta":{"_seopress_robots_primary_cat":"none","_seopress_titles_title":"","_seopress_titles_desc":"","_seopress_robots_index":""},"product_brand":[],"product_cat":[96,102,109],"product_tag":[],"class_list":{"0":"post-2284","1":"product","2":"type-product","3":"status-publish","4":"has-post-thumbnail","6":"product_cat-mesh-bag","7":"product_cat-cotton-canvas-bag","8":"product_cat-everyday","10":"first","11":"instock","12":"taxable","13":"shipping-taxable","14":"product-type-simple"},"_links":{"self":[{"href":"https:\/\/avecobaggie.com\/da\/wp-json\/wp\/v2\/product\/2284","targetHints":{"allow":["GET"]}}],"collection":[{"href":"https:\/\/avecobaggie.com\/da\/wp-json\/wp\/v2\/product"}],"about":[{"href":"https:\/\/avecobaggie.com\/da\/wp-json\/wp\/v2\/types\/product"}],"replies":[{"embeddable":true,"href":"https:\/\/avecobaggie.com\/da\/wp-json\/wp\/v2\/comments?post=2284"}],"wp:featuredmedia":[{"embeddable":true,"href":"https:\/\/avecobaggie.com\/da\/wp-json\/wp\/v2\/media\/2285"}],"wp:attachment":[{"href":"https:\/\/avecobaggie.com\/da\/wp-json\/wp\/v2\/media?parent=2284"}],"wp:term":[{"taxonomy":"product_brand","embeddable":true,"href":"https:\/\/avecobaggie.com\/da\/wp-json\/wp\/v2\/product_brand?post=2284"},{"taxonomy":"product_cat","embeddable":true,"href":"https:\/\/avecobaggie.com\/da\/wp-json\/wp\/v2\/product_cat?post=2284"},{"taxonomy":"product_tag","embeddable":true,"href":"https:\/\/avecobaggie.com\/da\/wp-json\/wp\/v2\/product_tag?post=2284"}],"curies":[{"name":"wp","href":"https:\/\/api.w.org\/{rel}","templated":true}]}}