{"id":2298,"date":"2021-03-10T16:14:23","date_gmt":"2021-03-10T08:14:23","guid":{"rendered":"https:\/\/avecobaggie.com\/?post_type=product&#038;p=2298"},"modified":"2021-03-24T11:13:48","modified_gmt":"2021-03-24T03:13:48","slug":"large-canvas-net-shopping-bag","status":"publish","type":"product","link":"https:\/\/avecobaggie.com\/da\/product\/large-canvas-net-shopping-bag\/","title":{"rendered":"Stor indk\u00f8bspose i kanvasnet"},"content":{"rendered":"<p>Aveco er hovedsageligt grossist og producent af alle former for milj\u00f8venlige materialebaserede tasker med one-stop-shop-l\u00f8sningsservice. Vores tasker er holdbare, af h\u00f8j kvalitet og overkommelige til at opfylde forskellige form\u00e5l. Alle de materialer, vi bruger, er milj\u00f8venlige, herunder bomuld, l\u00e6rred, linned, jute, filt osv. Vi kan lave totes, snoretaske, rygs\u00e6k, duffelbag, h\u00e5ndtaske, lynl\u00e5staske, skuldertaske og alle de andre tasker, du vil lave, og hvis du \u00f8nsker at lave tasker med dit private label-m\u00e6rke eller salgsfremmende begivenheder, kan vi betjene dine bulkbehov med en ganske lav MOQ og hurtig levering.<\/p>\n<p>PRODUKTETS EGENSKABER<\/p>\n<p>Denne indk\u00f8bspose er splejset med l\u00e6rred og mesh, l\u00e6rredsbunden g\u00f8r den mere holdbar, som kan b\u00e6re tungere v\u00e6gt. syningen af splejsning er dobbelt syet, du beh\u00f8ver ikke bekymre dig, da de er st\u00e6rke nok. Mesh d\u00e6kker det meste med store huller mesh, s\u00e5 du nemt kan se igennem, hvad der er indeni, det er moderigtigt at have en indk\u00f8bspose s\u00e5dan hver dag.<\/p>\n<p>Med hensyn til OEM tilbyder vi dig forskellige l\u00f8sninger, du kan \u00e6ndre farverne eller en bestemt farve med pantone-kode, du kan \u00e6ndre materialet, men med bare samme taskestil, du kan ogs\u00e5 tilf\u00f8je noget ekstra tilbeh\u00f8r for at g\u00f8re dine tasker multifunktionelle.<\/p>\n<p>Med hensyn til emballagen kan du designe din egen, eller vi har ogs\u00e5 flere emballagel\u00f8sninger, f.eks. individuelle komposterbare poser eller kasser af genbrugspapir.<\/p>\n<ul>\n<li><strong>Taske-stil<\/strong>: Mesh-tasker<\/li>\n<li><strong>Materialetype<\/strong>: L\u00e6rred<\/li>\n<li><strong>Materiale V\u00e6gt<\/strong>: 8 oz \/ vi kan ogs\u00e5 lave andre tykkelser i henhold til din anmodning, <a href=\"https:\/\/avecobaggie.com\/da\/custom-solutions\/\">Klik for at se diagrammet over stoffets v\u00e6gt<\/a><\/li>\n<li><strong>Materiale Farve<\/strong>: Beige | hvid | sort<\/li>\n<li><strong>Taske st\u00f8rrelse<\/strong>: 33X38x14CM (liste med standardst\u00f8rrelse, vi accepterer tilpasset st\u00f8rrelse taske)<\/li>\n<li><strong>P\u00e5trykt omr\u00e5de<\/strong>: 1 farve | 2 farver | flere farver | Fuldt tryk, tryk p\u00e5 en side eller to sider<\/li>\n<li><strong>Lukning<\/strong>: \u00c5ben<\/li>\n<li><strong>Plejeinstruktioner<\/strong>: H\u00e5ndvask anbefales, maskinvask er ogs\u00e5 ok, h\u00e6ng til t\u00f8rre.<\/li>\n<\/ul>\n<p><strong>Bem\u00e6rkninger:For bomuldsstof vil der v\u00e6re en lille krympning efter vask.<\/strong><\/p>","protected":false},"excerpt":{"rendered":"<p>Splejsning med l\u00e6rred og mesh g\u00f8r tasken mere moderigtig og holdbar og kan b\u00e6re mere v\u00e6gt. Det gennemsigtige mesh f\u00e5r tasken til at skille sig ud blandt konkurrenterne.<\/p>","protected":false},"featured_media":2299,"comment_status":"open","ping_status":"closed","template":"","meta":{"_seopress_robots_primary_cat":"none","_seopress_titles_title":"","_seopress_titles_desc":"","_seopress_robots_index":""},"product_brand":[],"product_cat":[96,102,109],"product_tag":[],"class_list":{"0":"post-2298","1":"product","2":"type-product","3":"status-publish","4":"has-post-thumbnail","6":"product_cat-mesh-bag","7":"product_cat-cotton-canvas-bag","8":"product_cat-everyday","10":"first","11":"instock","12":"taxable","13":"shipping-taxable","14":"product-type-simple"},"_links":{"self":[{"href":"https:\/\/avecobaggie.com\/da\/wp-json\/wp\/v2\/product\/2298","targetHints":{"allow":["GET"]}}],"collection":[{"href":"https:\/\/avecobaggie.com\/da\/wp-json\/wp\/v2\/product"}],"about":[{"href":"https:\/\/avecobaggie.com\/da\/wp-json\/wp\/v2\/types\/product"}],"replies":[{"embeddable":true,"href":"https:\/\/avecobaggie.com\/da\/wp-json\/wp\/v2\/comments?post=2298"}],"wp:featuredmedia":[{"embeddable":true,"href":"https:\/\/avecobaggie.com\/da\/wp-json\/wp\/v2\/media\/2299"}],"wp:attachment":[{"href":"https:\/\/avecobaggie.com\/da\/wp-json\/wp\/v2\/media?parent=2298"}],"wp:term":[{"taxonomy":"product_brand","embeddable":true,"href":"https:\/\/avecobaggie.com\/da\/wp-json\/wp\/v2\/product_brand?post=2298"},{"taxonomy":"product_cat","embeddable":true,"href":"https:\/\/avecobaggie.com\/da\/wp-json\/wp\/v2\/product_cat?post=2298"},{"taxonomy":"product_tag","embeddable":true,"href":"https:\/\/avecobaggie.com\/da\/wp-json\/wp\/v2\/product_tag?post=2298"}],"curies":[{"name":"wp","href":"https:\/\/api.w.org\/{rel}","templated":true}]}}