{"id":2351,"date":"2021-03-12T15:16:40","date_gmt":"2021-03-12T07:16:40","guid":{"rendered":"https:\/\/avecobaggie.com\/?post_type=product&#038;p=2351"},"modified":"2021-03-30T10:36:30","modified_gmt":"2021-03-30T02:36:30","slug":"portable-best-insulated-cooler-bag","status":"publish","type":"product","link":"https:\/\/avecobaggie.com\/da\/product\/portable-best-insulated-cooler-bag\/","title":{"rendered":"B\u00e6rbar bedste isolerede k\u00f8letaske"},"content":{"rendered":"<p>Aveco Company fremstiller hovedsageligt og OEM til forskellige slags \u00f8ko-poser med one-stop-shop-l\u00f8sningsservice. Vores tasker er holdbare, af h\u00f8j kvalitet og til en overkommelig pris for at opfylde forskellige form\u00e5l.<\/p>\n<p>Alle de materialer, vi bruger, er milj\u00f8venlige, herunder bomuld, l\u00e6rred, linned, jute, filt osv. Og hvis du \u00f8nsker at lave tasker med dit private label-m\u00e6rke eller salgsfremmende begivenheder, kan vi opfylde dine bulkbehov med en ganske lav MOQ og hurtig levering. Vores m\u00e5l er at hj\u00e6lpe sm\u00e5 kunder med at blive st\u00f8rre og hj\u00e6lpe de store kunder med at forblive konkurrencedygtige.<\/p>\n<p>For denne b\u00e6rbare k\u00f8letaske er designet med st\u00f8rre st\u00f8rrelse, udenfor er det ikke-v\u00e6vede materiale, indeni er aluminiumsfolien, for det udvendige materiale kan du ogs\u00e5 have en tilpasset anmodning om andre materialer som RPET, oxford, polyester eller l\u00e6rred. stropperne kan ogs\u00e5 OEM med en l\u00e6ngere version eller \u00e6ndre sig til en b\u00e5ndrem med almindelig farve eller endda med trykt eller v\u00e6vet bogstav p\u00e5.<\/p>\n<p>MOQ for disse poser er 500 stykker.<\/p>\n<h5><span style=\"color: #333333;\">PRODUKTETS EGENSKABER\u00a0<\/span><\/h5>\n<ul>\n<li><strong>Taske-stil<\/strong>: K\u00f8letaske<\/li>\n<li><strong>Materialetype<\/strong>: Ikke-v\u00e6vet med aluminiumsfolie<\/li>\n<li><strong>Materiale V\u00e6gt<\/strong>: 70g \/ vi kan ogs\u00e5 lave andre tykkelser i henhold til din anmodning,<\/li>\n<li><strong>Materiale Farve<\/strong>: Gul<\/li>\n<li><strong>Taske st\u00f8rrelse<\/strong>: 32X18X16CM (liste med standardst\u00f8rrelse, vi accepterer tilpasset st\u00f8rrelse taske)<\/li>\n<li><strong>P\u00e5trykt omr\u00e5de<\/strong>: 1 farve | 2 farver | flere farver | Fuldt tryk, tryk p\u00e5 en side eller to sider<\/li>\n<li><strong>Lukning<\/strong>: Med lynl\u00e5s<\/li>\n<li><strong>Plejeinstruktioner<\/strong>: H\u00e5ndvask anbefales, maskinvask er ogs\u00e5 ok, h\u00e6ng til t\u00f8rre.<\/li>\n<\/ul>\n<p>F\u00f8r du beslutter dig for at lave en k\u00f8letaske, er der noget, du b\u00f8r vide<\/p>\n<p>&nbsp;<\/p>\n<p>&nbsp;<\/p>","protected":false},"excerpt":{"rendered":"<p>Denne isolerede k\u00f8letaske er stor nok til rejser, de ikke-v\u00e6vede materialer udenp\u00e5 kan tilpasses i ren farve eller m\u00f8nster, indeni holder aluminiumsfolie varmen.<\/p>","protected":false},"featured_media":2352,"comment_status":"open","ping_status":"closed","template":"","meta":{"_seopress_robots_primary_cat":"none","_seopress_titles_title":"%%post_title%% %%sep%% OEM %%sep%% %%sitetitle%%","_seopress_titles_desc":"","_seopress_robots_index":""},"product_brand":[],"product_cat":[30,105,110],"product_tag":[],"class_list":{"0":"post-2351","1":"product","2":"type-product","3":"status-publish","4":"has-post-thumbnail","6":"product_cat-cooler-bag","7":"product_cat-non-woven-bag","8":"product_cat-travel","10":"first","11":"instock","12":"taxable","13":"shipping-taxable","14":"product-type-simple"},"_links":{"self":[{"href":"https:\/\/avecobaggie.com\/da\/wp-json\/wp\/v2\/product\/2351","targetHints":{"allow":["GET"]}}],"collection":[{"href":"https:\/\/avecobaggie.com\/da\/wp-json\/wp\/v2\/product"}],"about":[{"href":"https:\/\/avecobaggie.com\/da\/wp-json\/wp\/v2\/types\/product"}],"replies":[{"embeddable":true,"href":"https:\/\/avecobaggie.com\/da\/wp-json\/wp\/v2\/comments?post=2351"}],"wp:featuredmedia":[{"embeddable":true,"href":"https:\/\/avecobaggie.com\/da\/wp-json\/wp\/v2\/media\/2352"}],"wp:attachment":[{"href":"https:\/\/avecobaggie.com\/da\/wp-json\/wp\/v2\/media?parent=2351"}],"wp:term":[{"taxonomy":"product_brand","embeddable":true,"href":"https:\/\/avecobaggie.com\/da\/wp-json\/wp\/v2\/product_brand?post=2351"},{"taxonomy":"product_cat","embeddable":true,"href":"https:\/\/avecobaggie.com\/da\/wp-json\/wp\/v2\/product_cat?post=2351"},{"taxonomy":"product_tag","embeddable":true,"href":"https:\/\/avecobaggie.com\/da\/wp-json\/wp\/v2\/product_tag?post=2351"}],"curies":[{"name":"wp","href":"https:\/\/api.w.org\/{rel}","templated":true}]}}