{"id":2363,"date":"2021-03-12T16:03:13","date_gmt":"2021-03-12T08:03:13","guid":{"rendered":"https:\/\/avecobaggie.com\/?post_type=product&#038;p=2363"},"modified":"2021-03-24T13:51:10","modified_gmt":"2021-03-24T05:51:10","slug":"small-insulated-lunch-cooler-bag","status":"publish","type":"product","link":"https:\/\/avecobaggie.com\/da\/product\/small-insulated-lunch-cooler-bag\/","title":{"rendered":"Lille isoleret k\u00f8letaske til frokost"},"content":{"rendered":"<p>Aveco mainly provide customized eco friendly bags with one stop shop solution service. Our\u00a0 bags are durable, high quality and affordable to meet different purposes. All the materials we use are eco-friendly including cotton, canvas, linen, jute, felt etc. and If you are looking to make bags with your private label brand or promotional events, then we can serve your bulk needs with quite a low MOQ and fast delivery.<\/p>\n<p>PRODUKTETS EGENSKABER<\/p>\n<ul>\n<li><strong>Taske-stil<\/strong>: madkasse<\/li>\n<li><strong>Materialetype<\/strong>: Oxford cloth<\/li>\n<li><strong>Materiale V\u00e6gt<\/strong>:\u00a0 600D<\/li>\n<li><strong>Materiale Farve<\/strong>: Blue, black, pink, gray<\/li>\n<li><strong>Taske st\u00f8rrelse<\/strong>: 27X16X25CM ( list with standard size, we accept customized size bag \uff09<\/li>\n<li><strong>P\u00e5trykt omr\u00e5de<\/strong>: 1 farve | 2 farver | flere farver | Fuldt tryk, tryk p\u00e5 en side eller to sider<\/li>\n<li><strong>Lukning<\/strong>: Med lynl\u00e5s<\/li>\n<li><strong>Plejeinstruktioner<\/strong>: H\u00e5ndvask anbefales, maskinvask er ogs\u00e5 ok, h\u00e6ng til t\u00f8rre.<\/li>\n<\/ul>\n<p><strong>Bem\u00e6rkninger:For bomuldsstof vil der v\u00e6re en lille krympning efter vask.<\/strong><\/p>","protected":false},"excerpt":{"rendered":"<p>Small, portable, Simple design, compact but also make full use of space,4\u00a0 standard color with customized color available<\/p>","protected":false},"featured_media":2378,"comment_status":"open","ping_status":"closed","template":"","meta":{"_seopress_robots_primary_cat":"none","_seopress_titles_title":"","_seopress_titles_desc":"","_seopress_robots_index":""},"product_brand":[],"product_cat":[30,108],"product_tag":[130],"class_list":{"0":"post-2363","1":"product","2":"type-product","3":"status-publish","4":"has-post-thumbnail","6":"product_cat-cooler-bag","7":"product_cat-work-school","8":"product_tag-lunch-bag","10":"first","11":"instock","12":"taxable","13":"shipping-taxable","14":"product-type-simple"},"_links":{"self":[{"href":"https:\/\/avecobaggie.com\/da\/wp-json\/wp\/v2\/product\/2363","targetHints":{"allow":["GET"]}}],"collection":[{"href":"https:\/\/avecobaggie.com\/da\/wp-json\/wp\/v2\/product"}],"about":[{"href":"https:\/\/avecobaggie.com\/da\/wp-json\/wp\/v2\/types\/product"}],"replies":[{"embeddable":true,"href":"https:\/\/avecobaggie.com\/da\/wp-json\/wp\/v2\/comments?post=2363"}],"wp:featuredmedia":[{"embeddable":true,"href":"https:\/\/avecobaggie.com\/da\/wp-json\/wp\/v2\/media\/2378"}],"wp:attachment":[{"href":"https:\/\/avecobaggie.com\/da\/wp-json\/wp\/v2\/media?parent=2363"}],"wp:term":[{"taxonomy":"product_brand","embeddable":true,"href":"https:\/\/avecobaggie.com\/da\/wp-json\/wp\/v2\/product_brand?post=2363"},{"taxonomy":"product_cat","embeddable":true,"href":"https:\/\/avecobaggie.com\/da\/wp-json\/wp\/v2\/product_cat?post=2363"},{"taxonomy":"product_tag","embeddable":true,"href":"https:\/\/avecobaggie.com\/da\/wp-json\/wp\/v2\/product_tag?post=2363"}],"curies":[{"name":"wp","href":"https:\/\/api.w.org\/{rel}","templated":true}]}}