{"id":2539,"date":"2021-03-16T09:43:43","date_gmt":"2021-03-16T01:43:43","guid":{"rendered":"https:\/\/avecobaggie.com\/?post_type=product&#038;p=2539"},"modified":"2021-03-30T10:18:54","modified_gmt":"2021-03-30T02:18:54","slug":"thermal-women-lunch-bag-small","status":"publish","type":"product","link":"https:\/\/avecobaggie.com\/da\/product\/thermal-women-lunch-bag-small\/","title":{"rendered":"Termisk madkasse til kvinder, lille"},"content":{"rendered":"<p>Aveco mainly provide customized eco bags with one stop shop solution service. Our\u00a0 bags are durable, high quality and affordable to meet different purposes. All the materials we use are eco-friendly including cotton, canvas, linen, jute, felt ,oxford ,etc. and If you are looking to make bags with your private label brand or promotional events, then we can serve your bulk needs with quite a low MOQ and fast delivery.<\/p>\n<p>If you want to start with bland bags and do the DIY business, you can also click <a href=\"https:\/\/avecobaggie.com\/da\/product-category\/bags-in-stock\/\">tasker p\u00e5 lager<\/a> to check and also request for a catalogue which has more designs covered there.<\/p>\n<p>The cooler bag we made can meet different requirements, Both the liner and the outside material can change, the thickness or the Materials,The outside materials can be non-woven, rpet, polyester and other requested materials.<\/p>\n<p>PRODUKTETS EGENSKABER<\/p>\n<ul>\n<li><strong>Taske-stil<\/strong>: thermal lunch bag<\/li>\n<li><strong>Materialetype<\/strong>: Oxford cloth<\/li>\n<li><strong>Materiale V\u00e6gt<\/strong>:\u00a0 600D<\/li>\n<li><strong>Materiale Farve<\/strong>: Farve<\/li>\n<li><strong>Taske st\u00f8rrelse<\/strong>: 24X13X19CM ( list with standard size, we accept customized size bag \uff09<\/li>\n<li><strong>P\u00e5trykt omr\u00e5de<\/strong>: 1 farve | 2 farver | flere farver | Fuldt tryk, tryk p\u00e5 en side eller to sider<\/li>\n<li><strong>Lukning<\/strong>: Med lynl\u00e5s<\/li>\n<li><strong>Plejeinstruktioner<\/strong>: H\u00e5ndvask anbefales, maskinvask er ogs\u00e5 ok, h\u00e6ng til t\u00f8rre.<\/li>\n<\/ul>\n<p>&nbsp;<\/p>","protected":false},"excerpt":{"rendered":"<p>Small ,Compact, lightweight, with nice pattern.This bag is aiming at women market.<\/p>","protected":false},"featured_media":2543,"comment_status":"open","ping_status":"closed","template":"","meta":{"_seopress_robots_primary_cat":"none","_seopress_titles_title":"","_seopress_titles_desc":"","_seopress_robots_index":""},"product_brand":[],"product_cat":[106,108,109],"product_tag":[130],"class_list":{"0":"post-2539","1":"product","2":"type-product","3":"status-publish","4":"has-post-thumbnail","6":"product_cat-oxford-bag","7":"product_cat-work-school","8":"product_cat-everyday","9":"product_tag-lunch-bag","11":"first","12":"instock","13":"taxable","14":"shipping-taxable","15":"product-type-simple"},"_links":{"self":[{"href":"https:\/\/avecobaggie.com\/da\/wp-json\/wp\/v2\/product\/2539","targetHints":{"allow":["GET"]}}],"collection":[{"href":"https:\/\/avecobaggie.com\/da\/wp-json\/wp\/v2\/product"}],"about":[{"href":"https:\/\/avecobaggie.com\/da\/wp-json\/wp\/v2\/types\/product"}],"replies":[{"embeddable":true,"href":"https:\/\/avecobaggie.com\/da\/wp-json\/wp\/v2\/comments?post=2539"}],"wp:featuredmedia":[{"embeddable":true,"href":"https:\/\/avecobaggie.com\/da\/wp-json\/wp\/v2\/media\/2543"}],"wp:attachment":[{"href":"https:\/\/avecobaggie.com\/da\/wp-json\/wp\/v2\/media?parent=2539"}],"wp:term":[{"taxonomy":"product_brand","embeddable":true,"href":"https:\/\/avecobaggie.com\/da\/wp-json\/wp\/v2\/product_brand?post=2539"},{"taxonomy":"product_cat","embeddable":true,"href":"https:\/\/avecobaggie.com\/da\/wp-json\/wp\/v2\/product_cat?post=2539"},{"taxonomy":"product_tag","embeddable":true,"href":"https:\/\/avecobaggie.com\/da\/wp-json\/wp\/v2\/product_tag?post=2539"}],"curies":[{"name":"wp","href":"https:\/\/api.w.org\/{rel}","templated":true}]}}