{"id":2550,"date":"2021-03-16T10:36:36","date_gmt":"2021-03-16T02:36:36","guid":{"rendered":"https:\/\/avecobaggie.com\/?post_type=product&#038;p=2550"},"modified":"2021-03-30T10:32:45","modified_gmt":"2021-03-30T02:32:45","slug":"white-canvas-insulated-lunch-bag","status":"publish","type":"product","link":"https:\/\/avecobaggie.com\/da\/product\/white-canvas-insulated-lunch-bag\/","title":{"rendered":"Isoleret madkasse i hvidt l\u00e6rred"},"content":{"rendered":"<p>Aveco-firmaet leverer hovedsageligt tilpassede \u00f8ko-taskeposer med one-stop-shop-l\u00f8sningsservice. Vores tasker er holdbare, af h\u00f8j kvalitet og til en overkommelig pris til forskellige form\u00e5l. Alle de materialer, vi bruger, er milj\u00f8venlige, herunder bomuld, l\u00e6rred, linned, jute, filt osv. Og hvis du \u00f8nsker at lave tasker med dit private label-m\u00e6rke eller salgsfremmende begivenheder, s\u00e5 kan vi opfylde dine bulkbehov med en ganske lav MOQ og hurtig levering.<\/p>\n<h4 class=\"p1\"><span style=\"color: #333333;\">Produktfunktioner<\/span><\/h4>\n<ul>\n<li><strong>Taske-stil<\/strong>: madkasse<\/li>\n<li><strong>Materialetype<\/strong>: bomuld<\/li>\n<li><strong>Materiale V\u00e6gt<\/strong>:  12 oz \/ vi kan ogs\u00e5 lave andre tykkelser i henhold til din anmodning, <a href=\"https:\/\/avecobaggie.com\/da\/custom-solutions\/\">Klik for at se diagrammet over stoffets v\u00e6gt<\/a><\/li>\n<li><strong>Materiale Farve<\/strong>: Naturlig beige<\/li>\n<li><strong>Taske st\u00f8rrelse<\/strong>: 22X24.5X16CM (liste med standardst\u00f8rrelse, vi accepterer tilpasset st\u00f8rrelse taske)<\/li>\n<li><strong>P\u00e5trykt omr\u00e5de<\/strong>: 1 farve | 2 farver | flere farver | Fuldt tryk, tryk p\u00e5 en side eller to sider<\/li>\n<li><strong>Lukning<\/strong>: Med magnet<\/li>\n<li><strong>Plejeinstruktioner<\/strong>: H\u00e5ndvask anbefales, maskinvask er ogs\u00e5 ok, h\u00e6ng til t\u00f8rre.<\/li>\n<\/ul>\n<p><strong>Bem\u00e6rkninger:For bomuldsstof vil der v\u00e6re en lille krympning efter vask.<\/strong><\/p>","protected":false},"excerpt":{"rendered":"<p>Denne taske er lavet af l\u00e6rred, ingen foring, s\u00e5 den er ikke termisk<\/p>","protected":false},"featured_media":2551,"comment_status":"open","ping_status":"closed","template":"","meta":{"_seopress_robots_primary_cat":"none","_seopress_titles_title":"%%post_title%% - OEM &amp; ODM - Avecobaggie","_seopress_titles_desc":"","_seopress_robots_index":""},"product_brand":[],"product_cat":[102,108,109],"product_tag":[130],"class_list":{"0":"post-2550","1":"product","2":"type-product","3":"status-publish","4":"has-post-thumbnail","6":"product_cat-cotton-canvas-bag","7":"product_cat-work-school","8":"product_cat-everyday","9":"product_tag-lunch-bag","11":"first","12":"instock","13":"taxable","14":"shipping-taxable","15":"product-type-simple"},"_links":{"self":[{"href":"https:\/\/avecobaggie.com\/da\/wp-json\/wp\/v2\/product\/2550","targetHints":{"allow":["GET"]}}],"collection":[{"href":"https:\/\/avecobaggie.com\/da\/wp-json\/wp\/v2\/product"}],"about":[{"href":"https:\/\/avecobaggie.com\/da\/wp-json\/wp\/v2\/types\/product"}],"replies":[{"embeddable":true,"href":"https:\/\/avecobaggie.com\/da\/wp-json\/wp\/v2\/comments?post=2550"}],"wp:featuredmedia":[{"embeddable":true,"href":"https:\/\/avecobaggie.com\/da\/wp-json\/wp\/v2\/media\/2551"}],"wp:attachment":[{"href":"https:\/\/avecobaggie.com\/da\/wp-json\/wp\/v2\/media?parent=2550"}],"wp:term":[{"taxonomy":"product_brand","embeddable":true,"href":"https:\/\/avecobaggie.com\/da\/wp-json\/wp\/v2\/product_brand?post=2550"},{"taxonomy":"product_cat","embeddable":true,"href":"https:\/\/avecobaggie.com\/da\/wp-json\/wp\/v2\/product_cat?post=2550"},{"taxonomy":"product_tag","embeddable":true,"href":"https:\/\/avecobaggie.com\/da\/wp-json\/wp\/v2\/product_tag?post=2550"}],"curies":[{"name":"wp","href":"https:\/\/api.w.org\/{rel}","templated":true}]}}