{"id":2557,"date":"2021-03-16T11:11:39","date_gmt":"2021-03-16T03:11:39","guid":{"rendered":"https:\/\/avecobaggie.com\/?post_type=product&#038;p=2557"},"modified":"2021-03-30T10:14:24","modified_gmt":"2021-03-30T02:14:24","slug":"large-insulted-waterproof-cooler-bag","status":"publish","type":"product","link":"https:\/\/avecobaggie.com\/da\/product\/large-insulted-waterproof-cooler-bag\/","title":{"rendered":"Stor forn\u00e6rmet vandt\u00e6t k\u00f8letaske"},"content":{"rendered":"<p>Aveco company specialized all kinds of eco friendly bags, some bags are <a href=\"https:\/\/avecobaggie.com\/da\/product-category\/bags-in-stock\/\">in stock<\/a> for quick start and shipment, most bags meet customized needs. The shape, style , material, size ,pattern, all can be customized or if you like the style, you can just simply add the logo.We offer one stop shop solution service. Our\u00a0 bags are durable, high quality and affordable to meet different purposes. All the materials we use are eco-friendly including cotton, canvas, linen, jute, oxford felt etc. and If you are looking to make bags with your private label brand or promotional events, then we can serve your bulk needs with quite a low MOQ and fast delivery.<\/p>\n<p>PRODUKTETS EGENSKABER<\/p>\n<ul>\n<li><strong>Taske-stil<\/strong>: insulted cooler bag<\/li>\n<li><strong>Materialetype<\/strong>: Oxford cloth<\/li>\n<li><strong>Materiale V\u00e6gt<\/strong>:\u00a0 600D ,can customize with different thickness.<\/li>\n<li><strong>Materiale Farve<\/strong>: gray<\/li>\n<li><strong>Taske st\u00f8rrelse<\/strong>: 20X20X25CM ( list with standard size, we accept customized size bag \uff09<\/li>\n<li><strong>P\u00e5trykt omr\u00e5de<\/strong>: 1 farve | 2 farver | flere farver | Fuldt tryk, tryk p\u00e5 en side eller to sider<\/li>\n<li><strong>Lukning<\/strong>: Med lynl\u00e5s<\/li>\n<li><strong>Plejeinstruktioner<\/strong>: H\u00e5ndvask anbefales, maskinvask er ogs\u00e5 ok, h\u00e6ng til t\u00f8rre.<\/li>\n<\/ul>\n<p>&nbsp;<\/p>","protected":false},"excerpt":{"rendered":"<p>Extra large heavy duty insulted waterproof cooler bag<\/p>","protected":false},"featured_media":2558,"comment_status":"open","ping_status":"closed","template":"","meta":{"_seopress_robots_primary_cat":"none","_seopress_titles_title":"","_seopress_titles_desc":"","_seopress_robots_index":""},"product_brand":[],"product_cat":[106,108],"product_tag":[130],"class_list":{"0":"post-2557","1":"product","2":"type-product","3":"status-publish","4":"has-post-thumbnail","6":"product_cat-oxford-bag","7":"product_cat-work-school","8":"product_tag-lunch-bag","10":"first","11":"instock","12":"taxable","13":"shipping-taxable","14":"product-type-simple"},"_links":{"self":[{"href":"https:\/\/avecobaggie.com\/da\/wp-json\/wp\/v2\/product\/2557","targetHints":{"allow":["GET"]}}],"collection":[{"href":"https:\/\/avecobaggie.com\/da\/wp-json\/wp\/v2\/product"}],"about":[{"href":"https:\/\/avecobaggie.com\/da\/wp-json\/wp\/v2\/types\/product"}],"replies":[{"embeddable":true,"href":"https:\/\/avecobaggie.com\/da\/wp-json\/wp\/v2\/comments?post=2557"}],"wp:featuredmedia":[{"embeddable":true,"href":"https:\/\/avecobaggie.com\/da\/wp-json\/wp\/v2\/media\/2558"}],"wp:attachment":[{"href":"https:\/\/avecobaggie.com\/da\/wp-json\/wp\/v2\/media?parent=2557"}],"wp:term":[{"taxonomy":"product_brand","embeddable":true,"href":"https:\/\/avecobaggie.com\/da\/wp-json\/wp\/v2\/product_brand?post=2557"},{"taxonomy":"product_cat","embeddable":true,"href":"https:\/\/avecobaggie.com\/da\/wp-json\/wp\/v2\/product_cat?post=2557"},{"taxonomy":"product_tag","embeddable":true,"href":"https:\/\/avecobaggie.com\/da\/wp-json\/wp\/v2\/product_tag?post=2557"}],"curies":[{"name":"wp","href":"https:\/\/api.w.org\/{rel}","templated":true}]}}