{"id":2563,"date":"2021-03-16T11:28:49","date_gmt":"2021-03-16T03:28:49","guid":{"rendered":"https:\/\/avecobaggie.com\/?post_type=product&#038;p=2563"},"modified":"2021-03-30T10:12:49","modified_gmt":"2021-03-30T02:12:49","slug":"customized-oxford-insulted-bento-bag","status":"publish","type":"product","link":"https:\/\/avecobaggie.com\/da\/product\/customized-oxford-insulted-bento-bag\/","title":{"rendered":"Skr\u00e6ddersyet Oxford Forn\u00e6rmet Bento-taske"},"content":{"rendered":"<p>Aveco mainly provide customized eco friendly material based bag with one stop shop solution service. Our\u00a0 bags are durable, high quality and affordable to meet different purposes. All the materials we use are eco-friendly including cotton, canvas, linen, jute, oxford, felt, etc. and If you are looking to make bags with your private label brand or promotional events, then we can serve your bulk needs with quite a low MOQ and fast delivery.<\/p>\n<p>The listing Oxford Insulted bento bag is a basic and simple style ,but many customer like it.It has 3 sizes and easy to carry.<\/p>\n<p>The logo can be print, woven or stamp.The color can also change ,there is liner inside to keep it warm.<\/p>\n<p>PRODUKTETS EGENSKABER<\/p>\n<ul>\n<li><strong>Taske-stil<\/strong>: Lunch bag<\/li>\n<li><strong>Materialetype<\/strong>: Oxford<\/li>\n<li><strong>Materiale V\u00e6gt<\/strong>:\u00a0 Oxford 600D<\/li>\n<li><strong>Materiale Farve<\/strong>: gray, pink\u00a0 or other customized color<\/li>\n<li><strong>Taske st\u00f8rrelse<\/strong>: 23X16X7CM|27X19X7CM|31X24X7CM( list with standard size, we accept customized size bag \uff09<\/li>\n<li><strong>P\u00e5trykt omr\u00e5de<\/strong>: 1 farve | 2 farver | flere farver | Fuldt tryk, tryk p\u00e5 en side eller to sider<\/li>\n<li><strong>Lukning<\/strong>: Med lynl\u00e5s<\/li>\n<li><strong>Plejeinstruktioner<\/strong>: H\u00e5ndvask anbefales, maskinvask er ogs\u00e5 ok, h\u00e6ng til t\u00f8rre.<\/li>\n<\/ul>","protected":false},"excerpt":{"rendered":"<p>3 sizes for the insulted bento bag, with liner inside, it can well preserve your food.<\/p>","protected":false},"featured_media":2564,"comment_status":"open","ping_status":"closed","template":"","meta":{"_seopress_robots_primary_cat":"none","_seopress_titles_title":"%%post_title%% %%sep%% %%sitetitle%%","_seopress_titles_desc":"","_seopress_robots_index":""},"product_brand":[],"product_cat":[106,108],"product_tag":[130],"class_list":{"0":"post-2563","1":"product","2":"type-product","3":"status-publish","4":"has-post-thumbnail","6":"product_cat-oxford-bag","7":"product_cat-work-school","8":"product_tag-lunch-bag","10":"first","11":"instock","12":"taxable","13":"shipping-taxable","14":"product-type-simple"},"_links":{"self":[{"href":"https:\/\/avecobaggie.com\/da\/wp-json\/wp\/v2\/product\/2563","targetHints":{"allow":["GET"]}}],"collection":[{"href":"https:\/\/avecobaggie.com\/da\/wp-json\/wp\/v2\/product"}],"about":[{"href":"https:\/\/avecobaggie.com\/da\/wp-json\/wp\/v2\/types\/product"}],"replies":[{"embeddable":true,"href":"https:\/\/avecobaggie.com\/da\/wp-json\/wp\/v2\/comments?post=2563"}],"wp:featuredmedia":[{"embeddable":true,"href":"https:\/\/avecobaggie.com\/da\/wp-json\/wp\/v2\/media\/2564"}],"wp:attachment":[{"href":"https:\/\/avecobaggie.com\/da\/wp-json\/wp\/v2\/media?parent=2563"}],"wp:term":[{"taxonomy":"product_brand","embeddable":true,"href":"https:\/\/avecobaggie.com\/da\/wp-json\/wp\/v2\/product_brand?post=2563"},{"taxonomy":"product_cat","embeddable":true,"href":"https:\/\/avecobaggie.com\/da\/wp-json\/wp\/v2\/product_cat?post=2563"},{"taxonomy":"product_tag","embeddable":true,"href":"https:\/\/avecobaggie.com\/da\/wp-json\/wp\/v2\/product_tag?post=2563"}],"curies":[{"name":"wp","href":"https:\/\/api.w.org\/{rel}","templated":true}]}}