{"id":3873,"date":"2021-06-29T16:26:08","date_gmt":"2021-06-29T08:26:08","guid":{"rendered":"https:\/\/avecobaggie.com\/?post_type=product&#038;p=3873"},"modified":"2021-07-01T11:54:25","modified_gmt":"2021-07-01T03:54:25","slug":"dupont-tyvek-tote-shopper-bag","status":"publish","type":"product","link":"https:\/\/avecobaggie.com\/da\/product\/dupont-tyvek-tote-shopper-bag\/","title":{"rendered":"Dupont Tyvek Tote Shopper-taske"},"content":{"rendered":"<p>Aveco-firmaet kan tilpasse og engros l\u00e6rredstasker med one stop shop-l\u00f8sningstjeneste. Vi har ogs\u00e5 nogle grundl\u00e6ggende former for tasker til en nem start som anf\u00f8rt p\u00e5 hjemmesiden for\u00a0\u00a0<a href=\"https:\/\/avecobaggie.com\/da\/product-category\/bags-in-stock\/\"> Tasker p\u00e5 lager <\/a>. de fleste lagerf\u00f8rte poser er blanke uden tryk, s\u00e5 det er lettere for dig at lave et privat logo eller en etiket til dine kunder uden noget minimum.<\/p>\n<p><span class=\"Apple-converted-space\">\u00a0 \u00a0 Hvis du vil tilpasse disse \u00f8ko-poser, er det ogs\u00e5 nemt, nogle af poserne er endda med ekstremt lave priser. <\/span>MOQ for tilpassede overflader. Is\u00e6r bomulds- eller l\u00e6rredspose er ekstremt lav ved 100 stykker eller endnu mindre for at st\u00f8tte begyndere, g\u00e5 til <a href=\"https:\/\/avecobaggie.com\/da\/custom-solutions\/\"><strong>TILPASSEDE L\u00d8SNINGER<\/strong><\/a> for at f\u00e5 mere at vide om trin for specialfremstillede tasker.<\/p>\n<h4 class=\"p1\"><span style=\"color: #333333;\">Produktfunktioner<\/span><\/h4>\n<ul>\n<li><strong>Taske-stil<\/strong>: Totes shopper-taske<\/li>\n<li><strong>Materialetype<\/strong>: Dupont Tyvek<\/li>\n<li><strong>Materiale Farve<\/strong>: Naturlig beige<\/li>\n<li><strong>Taske st\u00f8rrelse<\/strong>:32X36X9CM (liste med standardst\u00f8rrelse, vi accepterer taske i tilpasset st\u00f8rrelse)<\/li>\n<li><strong>P\u00e5trykt omr\u00e5de<\/strong>: 1 farve | 2 farver | flere farver | Fuldt tryk, tryk p\u00e5 en side eller to sider<\/li>\n<li><strong>Lukning<\/strong>: \u00e5ben<\/li>\n<li><strong>Funktion:<\/strong> genanvendelig, genanvendelig, b\u00e6redygtig og langtidsholdbar, stor plads til din iPad, b\u00f8ger, mobil og andre vigtige ting<\/li>\n<\/ul>","protected":false},"excerpt":{"rendered":"<p>Genanvendelig, genanvendelig, b\u00e6redygtig og sikret lang levetid, stor plads til din iPad, b\u00f8ger, mobil og andre vigtige ting<\/p>","protected":false},"featured_media":3874,"comment_status":"open","ping_status":"closed","template":"","meta":{"_seopress_robots_primary_cat":"none","_seopress_titles_title":"","_seopress_titles_desc":"","_seopress_robots_index":""},"product_brand":[],"product_cat":[29,103,109],"product_tag":[136],"class_list":{"0":"post-3873","1":"product","2":"type-product","3":"status-publish","4":"has-post-thumbnail","6":"product_cat-tote-bag","7":"product_cat-other-fabric-bag","8":"product_cat-everyday","9":"product_tag-dupont-bag","11":"first","12":"instock","13":"taxable","14":"shipping-taxable","15":"product-type-simple"},"_links":{"self":[{"href":"https:\/\/avecobaggie.com\/da\/wp-json\/wp\/v2\/product\/3873","targetHints":{"allow":["GET"]}}],"collection":[{"href":"https:\/\/avecobaggie.com\/da\/wp-json\/wp\/v2\/product"}],"about":[{"href":"https:\/\/avecobaggie.com\/da\/wp-json\/wp\/v2\/types\/product"}],"replies":[{"embeddable":true,"href":"https:\/\/avecobaggie.com\/da\/wp-json\/wp\/v2\/comments?post=3873"}],"wp:featuredmedia":[{"embeddable":true,"href":"https:\/\/avecobaggie.com\/da\/wp-json\/wp\/v2\/media\/3874"}],"wp:attachment":[{"href":"https:\/\/avecobaggie.com\/da\/wp-json\/wp\/v2\/media?parent=3873"}],"wp:term":[{"taxonomy":"product_brand","embeddable":true,"href":"https:\/\/avecobaggie.com\/da\/wp-json\/wp\/v2\/product_brand?post=3873"},{"taxonomy":"product_cat","embeddable":true,"href":"https:\/\/avecobaggie.com\/da\/wp-json\/wp\/v2\/product_cat?post=3873"},{"taxonomy":"product_tag","embeddable":true,"href":"https:\/\/avecobaggie.com\/da\/wp-json\/wp\/v2\/product_tag?post=3873"}],"curies":[{"name":"wp","href":"https:\/\/api.w.org\/{rel}","templated":true}]}}