{"id":3910,"date":"2021-06-29T17:32:12","date_gmt":"2021-06-29T09:32:12","guid":{"rendered":"https:\/\/avecobaggie.com\/?post_type=product&#038;p=3910"},"modified":"2021-07-01T11:58:01","modified_gmt":"2021-07-01T03:58:01","slug":"dupont-paper-messenger-bag-with-leather-strap","status":"publish","type":"product","link":"https:\/\/avecobaggie.com\/da\/product\/dupont-paper-messenger-bag-with-leather-strap\/","title":{"rendered":"Dupont Paper Messenger Bag med l\u00e6derrem"},"content":{"rendered":"<h4>The Dupont Tyvek is made out of reusable eco-friendly paper, that is washable, uneasy to tear, and biodegradable.They can be made into different styles of the bag,such as tote bag,drawstring bag,sling bag,zipper bag,purse ,wallet or large sack.<\/h4>\n<p>The material is also easy to print logo or pattern,and the color of the dupont paper can also customized with your pantone color,it is becoming more and more popular globally<\/p>\n<h4 class=\"p1\">\u00a0 \u00a0 Produktfunktioner<\/h4>\n<ul>\n<li><strong>Taske-stil<\/strong>: Messenger Bag<\/li>\n<li><strong>Materialetype<\/strong>: Dupont Paper<\/li>\n<li><strong>Materiale Farve<\/strong>: Brown or Custom Color<\/li>\n<li><strong>Taske lagerst\u00f8rrelse<\/strong>: 25X34X16CM<\/li>\n<li><strong>P\u00e5trykt omr\u00e5de<\/strong>: no printing<\/li>\n<li><strong>Plejeinstruktioner<\/strong>: H\u00e5ndvask anbefales, maskinvask er ogs\u00e5 ok, h\u00e6ng til t\u00f8rre.<\/li>\n<\/ul>\n<p><strong>\u00a0<\/strong><\/p>","protected":false},"excerpt":{"rendered":"<h4>The bag is made from reusable eco-friendly paper, that is washable, uneasy to tear, and biodegradable.<\/h4>","protected":false},"featured_media":3911,"comment_status":"open","ping_status":"closed","template":"","meta":{"_seopress_robots_primary_cat":"none","_seopress_titles_title":"","_seopress_titles_desc":"","_seopress_robots_index":""},"product_brand":[],"product_cat":[100,103,108,109,110],"product_tag":[136],"class_list":{"0":"post-3910","1":"product","2":"type-product","3":"status-publish","4":"has-post-thumbnail","6":"product_cat-other-creative-bag","7":"product_cat-other-fabric-bag","8":"product_cat-work-school","9":"product_cat-everyday","10":"product_cat-travel","11":"product_tag-dupont-bag","13":"first","14":"instock","15":"taxable","16":"shipping-taxable","17":"product-type-simple"},"_links":{"self":[{"href":"https:\/\/avecobaggie.com\/da\/wp-json\/wp\/v2\/product\/3910","targetHints":{"allow":["GET"]}}],"collection":[{"href":"https:\/\/avecobaggie.com\/da\/wp-json\/wp\/v2\/product"}],"about":[{"href":"https:\/\/avecobaggie.com\/da\/wp-json\/wp\/v2\/types\/product"}],"replies":[{"embeddable":true,"href":"https:\/\/avecobaggie.com\/da\/wp-json\/wp\/v2\/comments?post=3910"}],"wp:featuredmedia":[{"embeddable":true,"href":"https:\/\/avecobaggie.com\/da\/wp-json\/wp\/v2\/media\/3911"}],"wp:attachment":[{"href":"https:\/\/avecobaggie.com\/da\/wp-json\/wp\/v2\/media?parent=3910"}],"wp:term":[{"taxonomy":"product_brand","embeddable":true,"href":"https:\/\/avecobaggie.com\/da\/wp-json\/wp\/v2\/product_brand?post=3910"},{"taxonomy":"product_cat","embeddable":true,"href":"https:\/\/avecobaggie.com\/da\/wp-json\/wp\/v2\/product_cat?post=3910"},{"taxonomy":"product_tag","embeddable":true,"href":"https:\/\/avecobaggie.com\/da\/wp-json\/wp\/v2\/product_tag?post=3910"}],"curies":[{"name":"wp","href":"https:\/\/api.w.org\/{rel}","templated":true}]}}