{"id":3917,"date":"2021-06-29T17:46:42","date_gmt":"2021-06-29T09:46:42","guid":{"rendered":"https:\/\/avecobaggie.com\/?post_type=product&#038;p=3917"},"modified":"2021-07-01T11:58:46","modified_gmt":"2021-07-01T03:58:46","slug":"dupont-paper-purse-for-women-with-zipper","status":"publish","type":"product","link":"https:\/\/avecobaggie.com\/da\/product\/dupont-paper-purse-for-women-with-zipper\/","title":{"rendered":"Dupont-papirpung til kvinder med lynl\u00e5s"},"content":{"rendered":"<h4 class=\"p1\">Produktfunktioner<\/h4>\n<ul>\n<li><strong>Taske-stil<\/strong>: Women Purse<\/li>\n<li><strong>Materialetype<\/strong>: Dupont Paper<\/li>\n<li><strong>Materiale Farve<\/strong>: Brown Color or Custom Color<\/li>\n<li><strong>Taske lagerst\u00f8rrelse<\/strong>: 23X14X7CM<\/li>\n<li><strong>Lukning<\/strong>: with zipper\uff0c It&#8217;s easy to put your mat in the bag and keep it clean and organized.<\/li>\n<li><strong>Plejeinstruktioner<\/strong>: H\u00e5ndvask anbefales, maskinvask er ogs\u00e5 ok, h\u00e6ng til t\u00f8rre.<\/li>\n<\/ul>\n<p>&nbsp;<\/p>","protected":false},"excerpt":{"rendered":"<p>All customizable dupont zipper bag,easy to wash,eco friendly and renewable.<\/p>","protected":false},"featured_media":3918,"comment_status":"open","ping_status":"closed","template":"","meta":{"_seopress_robots_primary_cat":"none","_seopress_titles_title":"","_seopress_titles_desc":"","_seopress_robots_index":""},"product_brand":[],"product_cat":[100,103,109],"product_tag":[136],"class_list":{"0":"post-3917","1":"product","2":"type-product","3":"status-publish","4":"has-post-thumbnail","6":"product_cat-other-creative-bag","7":"product_cat-other-fabric-bag","8":"product_cat-everyday","9":"product_tag-dupont-bag","11":"first","12":"instock","13":"taxable","14":"shipping-taxable","15":"product-type-simple"},"_links":{"self":[{"href":"https:\/\/avecobaggie.com\/da\/wp-json\/wp\/v2\/product\/3917","targetHints":{"allow":["GET"]}}],"collection":[{"href":"https:\/\/avecobaggie.com\/da\/wp-json\/wp\/v2\/product"}],"about":[{"href":"https:\/\/avecobaggie.com\/da\/wp-json\/wp\/v2\/types\/product"}],"replies":[{"embeddable":true,"href":"https:\/\/avecobaggie.com\/da\/wp-json\/wp\/v2\/comments?post=3917"}],"wp:featuredmedia":[{"embeddable":true,"href":"https:\/\/avecobaggie.com\/da\/wp-json\/wp\/v2\/media\/3918"}],"wp:attachment":[{"href":"https:\/\/avecobaggie.com\/da\/wp-json\/wp\/v2\/media?parent=3917"}],"wp:term":[{"taxonomy":"product_brand","embeddable":true,"href":"https:\/\/avecobaggie.com\/da\/wp-json\/wp\/v2\/product_brand?post=3917"},{"taxonomy":"product_cat","embeddable":true,"href":"https:\/\/avecobaggie.com\/da\/wp-json\/wp\/v2\/product_cat?post=3917"},{"taxonomy":"product_tag","embeddable":true,"href":"https:\/\/avecobaggie.com\/da\/wp-json\/wp\/v2\/product_tag?post=3917"}],"curies":[{"name":"wp","href":"https:\/\/api.w.org\/{rel}","templated":true}]}}