{"id":3954,"date":"2021-06-30T16:17:56","date_gmt":"2021-06-30T08:17:56","guid":{"rendered":"https:\/\/avecobaggie.com\/?post_type=product&#038;p=3954"},"modified":"2021-06-30T17:26:18","modified_gmt":"2021-06-30T09:26:18","slug":"dupont-tyvek-thermal-bag-for-hot-food","status":"publish","type":"product","link":"https:\/\/avecobaggie.com\/da\/product\/dupont-tyvek-thermal-bag-for-hot-food\/","title":{"rendered":"Dupont Tyvek termopose til varm mad"},"content":{"rendered":"<p>Aveco\u00a0 Company specialized in eco-friendly material-based bags such as cotton canvas bag, muslin bag, jute burlap bag,Non-woven bag ,etc. All the bags can be customized or personalized with your own requests.we offer\u00a0 one stop shop solution service from material sourcing till shipment.. ur\u00a0 bags are durable, high quality and affordable to meet different purposes, we can serve your bulk needs with quite a low MOQ and fast delivery.<\/p>\n<p>PRODUKTETS EGENSKABER<\/p>\n<ul>\n<li><strong>Taske-stil<\/strong>: Thermal Cooler Bag<\/li>\n<li><strong>Materialetype<\/strong>: Dupont<\/li>\n<li><strong>Materiale Farve<\/strong>: Blue or other customized color<\/li>\n<li><strong>Taske st\u00f8rrelse<\/strong>: 22X16X17CM ( list with standard size, we accept customized size bag \uff09<\/li>\n<li><strong>P\u00e5trykt omr\u00e5de<\/strong>: 1 farve | 2 farver | flere farver | Fuldt tryk, tryk p\u00e5 en side eller to sider<\/li>\n<li><strong>Lukning<\/strong>: Med lynl\u00e5s<\/li>\n<li><strong>Plejeinstruktioner<\/strong>: H\u00e5ndvask anbefales, maskinvask er ogs\u00e5 ok, h\u00e6ng til t\u00f8rre.<\/li>\n<\/ul>","protected":false},"excerpt":{"rendered":"<p>Fashionable Thermal bag,perfect for keeping you food hot and easy to carry .<\/p>","protected":false},"featured_media":3955,"comment_status":"open","ping_status":"closed","template":"","meta":{"_seopress_robots_primary_cat":"none","_seopress_titles_title":"%%post_title%% %%sep%% %%sitetitle%%","_seopress_titles_desc":"","_seopress_robots_index":""},"product_brand":[],"product_cat":[30,103,109],"product_tag":[136,130],"class_list":{"0":"post-3954","1":"product","2":"type-product","3":"status-publish","4":"has-post-thumbnail","6":"product_cat-cooler-bag","7":"product_cat-other-fabric-bag","8":"product_cat-everyday","9":"product_tag-dupont-bag","10":"product_tag-lunch-bag","12":"first","13":"instock","14":"taxable","15":"shipping-taxable","16":"product-type-simple"},"_links":{"self":[{"href":"https:\/\/avecobaggie.com\/da\/wp-json\/wp\/v2\/product\/3954","targetHints":{"allow":["GET"]}}],"collection":[{"href":"https:\/\/avecobaggie.com\/da\/wp-json\/wp\/v2\/product"}],"about":[{"href":"https:\/\/avecobaggie.com\/da\/wp-json\/wp\/v2\/types\/product"}],"replies":[{"embeddable":true,"href":"https:\/\/avecobaggie.com\/da\/wp-json\/wp\/v2\/comments?post=3954"}],"wp:featuredmedia":[{"embeddable":true,"href":"https:\/\/avecobaggie.com\/da\/wp-json\/wp\/v2\/media\/3955"}],"wp:attachment":[{"href":"https:\/\/avecobaggie.com\/da\/wp-json\/wp\/v2\/media?parent=3954"}],"wp:term":[{"taxonomy":"product_brand","embeddable":true,"href":"https:\/\/avecobaggie.com\/da\/wp-json\/wp\/v2\/product_brand?post=3954"},{"taxonomy":"product_cat","embeddable":true,"href":"https:\/\/avecobaggie.com\/da\/wp-json\/wp\/v2\/product_cat?post=3954"},{"taxonomy":"product_tag","embeddable":true,"href":"https:\/\/avecobaggie.com\/da\/wp-json\/wp\/v2\/product_tag?post=3954"}],"curies":[{"name":"wp","href":"https:\/\/api.w.org\/{rel}","templated":true}]}}