{"id":3990,"date":"2021-06-30T18:04:49","date_gmt":"2021-06-30T10:04:49","guid":{"rendered":"https:\/\/avecobaggie.com\/?post_type=product&#038;p=3990"},"modified":"2025-04-03T17:20:02","modified_gmt":"2025-04-03T09:20:02","slug":"tyvek-personalized-toiletry-bag-for-travel","status":"publish","type":"product","link":"https:\/\/avecobaggie.com\/da\/product\/tyvek-personalized-toiletry-bag-for-travel\/","title":{"rendered":"Personlig toilettaske i Tyvek til rejsen"},"content":{"rendered":"<h4 class=\"p1\" style=\"text-align: center;\">Produktfunktioner<\/h4>\n<p><strong>Konstruktion af f\u00f8rsteklasses DuPont-papir<\/strong><\/p>\n<ul>\n<li>Fremstillet af\u00a0<strong>Rivfast DuPont-papir af h\u00f8j kvalitet<\/strong>-<strong>vandt\u00e6t<\/strong>\u00a0og\u00a0<strong>holdbar<\/strong>\u00a0til langvarig brug.<\/li>\n<li><strong>Milj\u00f8venligt alternativ<\/strong>\u00a0til syntetiske materialer, perfekt til m\u00e6rker, der fremmer b\u00e6redygtighed.<\/li>\n<\/ul>\n<p><strong>Smart og funktionelt design<\/strong><\/p>\n<ul>\n<li><strong>Store rum<\/strong>\u00a0til at organisere toiletsager, kosmetik eller rejseartikler p\u00e5 en p\u00e6n m\u00e5de.<\/li>\n<li><strong>Glat lynl\u00e5slukning<\/strong>\u00a0sikrer, at indholdet forbliver sikkert og rent, hvilket reducerer spild.<\/li>\n<li><strong>Kompakt og alligevel rummelig (21x15x7cm)<\/strong>Ideel til h\u00e5ndbagage, sportstasker eller daglig brug.<\/li>\n<\/ul>\n<p><strong>Muligheder for brugerdefineret branding<\/strong><\/p>\n<ul>\n<li>F\u00e5s i\u00a0<strong>klassisk brun eller tilpassede farver<\/strong>\u00a0for at matche brandets \u00e6stetik.<\/li>\n<li><strong>Perfekt til hoteller, kurbade, kosmetikm\u00e6rker eller reklamegaver<\/strong>-for\u00f8g loyaliteten med f\u00f8rsteklasses emballage.<\/li>\n<\/ul>\n<p><strong>Ideel til bulk- og brandingbehov<\/strong><\/p>\n<ul>\n<li><strong>Perfekt til B2B-k\u00f8bere<\/strong>-Lagerst\u00f8rrelse eller specialm\u00e5l f\u00e5s efter anmodning.<\/li>\n<li><strong>Milj\u00f8bevidst appel<\/strong>\u00a0stemmer overens med moderne forbrugeres eftersp\u00f8rgsel efter b\u00e6redygtige produkter.<\/li>\n<\/ul>\n<h3><strong>Afsluttende erkl\u00e6ring:<\/strong><\/h3>\n<p>Har du brug for en anden stil, st\u00f8rrelse eller materiale? Vi har specialiseret os i <strong>skr\u00e6ddersyede toilettasker<\/strong>-v\u00e6lg mellem <strong>Bomuld, l\u00e6rred eller vaskbart papir<\/strong> med brugerdefineret tryk. Kontakt os for <strong>Engrostilbud og branding-l\u00f8sninger<\/strong> skr\u00e6ddersyet til din virksomhed!<\/p>\n\n\n<p><\/p>","protected":false},"excerpt":{"rendered":"<p><em>Vandafvisende | Rummelige rum | Brugerdefineret branding | Rejsevenligt design | Milj\u00f8bevidst<\/em><\/p>","protected":false},"featured_media":3991,"comment_status":"open","ping_status":"closed","template":"","meta":{"_seopress_robots_primary_cat":"none","_seopress_titles_title":"","_seopress_titles_desc":"","_seopress_robots_index":""},"product_brand":[],"product_cat":[189,110],"product_tag":[136],"class_list":{"0":"post-3990","1":"product","2":"type-product","3":"status-publish","4":"has-post-thumbnail","6":"product_cat-custom-tyvek-bag","7":"product_cat-travel","8":"product_tag-dupont-bag","10":"first","11":"instock","12":"taxable","13":"shipping-taxable","14":"product-type-simple"},"_links":{"self":[{"href":"https:\/\/avecobaggie.com\/da\/wp-json\/wp\/v2\/product\/3990","targetHints":{"allow":["GET"]}}],"collection":[{"href":"https:\/\/avecobaggie.com\/da\/wp-json\/wp\/v2\/product"}],"about":[{"href":"https:\/\/avecobaggie.com\/da\/wp-json\/wp\/v2\/types\/product"}],"replies":[{"embeddable":true,"href":"https:\/\/avecobaggie.com\/da\/wp-json\/wp\/v2\/comments?post=3990"}],"wp:featuredmedia":[{"embeddable":true,"href":"https:\/\/avecobaggie.com\/da\/wp-json\/wp\/v2\/media\/3991"}],"wp:attachment":[{"href":"https:\/\/avecobaggie.com\/da\/wp-json\/wp\/v2\/media?parent=3990"}],"wp:term":[{"taxonomy":"product_brand","embeddable":true,"href":"https:\/\/avecobaggie.com\/da\/wp-json\/wp\/v2\/product_brand?post=3990"},{"taxonomy":"product_cat","embeddable":true,"href":"https:\/\/avecobaggie.com\/da\/wp-json\/wp\/v2\/product_cat?post=3990"},{"taxonomy":"product_tag","embeddable":true,"href":"https:\/\/avecobaggie.com\/da\/wp-json\/wp\/v2\/product_tag?post=3990"}],"curies":[{"name":"wp","href":"https:\/\/api.w.org\/{rel}","templated":true}]}}