{"id":4042,"date":"2021-07-01T15:44:05","date_gmt":"2021-07-01T07:44:05","guid":{"rendered":"https:\/\/avecobaggie.com\/?post_type=product&#038;p=4042"},"modified":"2021-07-02T17:34:42","modified_gmt":"2021-07-02T09:34:42","slug":"washable-paper-women-tote-bag","status":"publish","type":"product","link":"https:\/\/avecobaggie.com\/da\/product\/washable-paper-women-tote-bag\/","title":{"rendered":"Vaskbart papir til kvinderTaske"},"content":{"rendered":"<p>Aveco-firmaet kan tilpasse og engros l\u00e6rredstasker med one stop shop-l\u00f8sningstjeneste. Vi har ogs\u00e5 nogle grundl\u00e6ggende former for tasker til en nem start som anf\u00f8rt p\u00e5 hjemmesiden for\u00a0\u00a0<a href=\"https:\/\/avecobaggie.com\/da\/product-category\/bags-in-stock\/\"> Tasker p\u00e5 lager <\/a>. de fleste lagerf\u00f8rte poser er blanke uden tryk, s\u00e5 det er lettere for dig at lave et privat logo eller en etiket til dine kunder uden noget minimum.<\/p>\n<p><span class=\"Apple-converted-space\">\u00a0 \u00a0 Hvis du vil tilpasse disse \u00f8ko-poser, er det ogs\u00e5 nemt, nogle af poserne er endda med ekstremt lave priser. <\/span>MOQ for tilpassede overflader. Is\u00e6r bomulds- eller l\u00e6rredspose er ekstremt lav ved 100 stykker eller endnu mindre for at st\u00f8tte begyndere, g\u00e5 til <a href=\"https:\/\/avecobaggie.com\/da\/custom-solutions\/\"><strong>TILPASSEDE L\u00d8SNINGER<\/strong><\/a> for at f\u00e5 mere at vide om trin for specialfremstillede tasker.<\/p>\n<h4 class=\"p1\"><span style=\"color: #333333;\">Produktfunktioner<\/span><\/h4>\n<ul>\n<li><strong>Taske-stil<\/strong>: Totes taske<\/li>\n<li><strong>Materialetype<\/strong>: Vaskbart papir<\/li>\n<li><strong>Materiale Farve<\/strong>: Naturlig beige<\/li>\n<li><strong>Taske st\u00f8rrelse<\/strong>:30X41X13CM (liste med standardst\u00f8rrelse, vi accepterer taske i tilpasset st\u00f8rrelse)<\/li>\n<li><strong>P\u00e5trykt omr\u00e5de<\/strong>: 1 farve | 2 farver | flere farver | Fuldt tryk, tryk p\u00e5 en side eller to sider<\/li>\n<li><strong>Lukning<\/strong>: \u00e5ben<\/li>\n<li><strong>Funktion:<\/strong><\/li>\n<li>genanvendelig, genanvendelig, b\u00e6redygtig og langtidsholdbar, stor plads til din iPad, b\u00f8ger, mobil og andre vigtige ting<\/li>\n<li><span class=\"a-list-item\">***NATURLIGT MATERIALE: Tyvek Dupont-papir er lavet af naturlige papirfibre, nedbrydelige og milj\u00f8venlige, vandt\u00e6tte og plet- og rivebestandige og holdbare, et interi\u00f8r vedtager 100% bomuldsl\u00e6rred, bl\u00f8d og \u00e5ndbar h\u00e5ndf\u00f8lelse, ingen lugt og meget behagelig.<\/span><\/li>\n<li><span class=\"a-list-item\">***LETTV\u00c6GT &amp; KOMFORTABEL: Ultra let, utrolig holdbar. De er fleksible at r\u00f8re ved, ikke s\u00e5 ru og stive som kraftpapir, faktisk bl\u00f8de l\u00e6dertasker i visuel forstand, men de er faktisk milj\u00f8venlige 'papirprodukter'.<\/span><\/li>\n<li><span class=\"a-list-item\">***EKSKLUSIVE MATERIALER, FINT ARBEJDSMANDSKAB: Vintage Tyvek DuPont-papir og bomuldsl\u00e6rred. Modeudskrivning, h\u00f8jkvalitets og smuk X-type forst\u00e6rket b\u00e6rbar; Kobbermagnetisk sp\u00e6nde af god kvalitet og p\u00e6nt skifte.<\/span><\/li>\n<li><span class=\"a-list-item\">***LILLE ST\u00d8RRELSE, STOR KAPACITET: inklusive hovedtaske, ID-taske, mobiltelefontaske og indvendig lynl\u00e5slomme. Den kan rumme dine magasiner, penalhuse, mobiltelefoner, punge og n\u00f8gler - nok til at opfylde dine rejsebehov.<\/span><\/li>\n<li><span class=\"a-list-item\">***PERFEKTE GAVER: til elskede, venner, for\u00e6ldre, datter, k\u00e6reste, til jul, f\u00f8dselsdag, mors dag, nyt\u00e5r, Thanksgiving osv.<\/span><\/li>\n<\/ul>","protected":false},"excerpt":{"rendered":"<p>Genanvendelig, genanvendelig, b\u00e6redygtig og sikret lang levetid, stor plads til din iPad, b\u00f8ger, mobil og andre vigtige ting<\/p>","protected":false},"featured_media":4043,"comment_status":"open","ping_status":"closed","template":"","meta":{"_seopress_robots_primary_cat":"none","_seopress_titles_title":"","_seopress_titles_desc":"","_seopress_robots_index":""},"product_brand":[],"product_cat":[29,103,109],"product_tag":[136],"class_list":{"0":"post-4042","1":"product","2":"type-product","3":"status-publish","4":"has-post-thumbnail","6":"product_cat-tote-bag","7":"product_cat-other-fabric-bag","8":"product_cat-everyday","9":"product_tag-dupont-bag","11":"first","12":"instock","13":"taxable","14":"shipping-taxable","15":"product-type-simple"},"_links":{"self":[{"href":"https:\/\/avecobaggie.com\/da\/wp-json\/wp\/v2\/product\/4042","targetHints":{"allow":["GET"]}}],"collection":[{"href":"https:\/\/avecobaggie.com\/da\/wp-json\/wp\/v2\/product"}],"about":[{"href":"https:\/\/avecobaggie.com\/da\/wp-json\/wp\/v2\/types\/product"}],"replies":[{"embeddable":true,"href":"https:\/\/avecobaggie.com\/da\/wp-json\/wp\/v2\/comments?post=4042"}],"wp:featuredmedia":[{"embeddable":true,"href":"https:\/\/avecobaggie.com\/da\/wp-json\/wp\/v2\/media\/4043"}],"wp:attachment":[{"href":"https:\/\/avecobaggie.com\/da\/wp-json\/wp\/v2\/media?parent=4042"}],"wp:term":[{"taxonomy":"product_brand","embeddable":true,"href":"https:\/\/avecobaggie.com\/da\/wp-json\/wp\/v2\/product_brand?post=4042"},{"taxonomy":"product_cat","embeddable":true,"href":"https:\/\/avecobaggie.com\/da\/wp-json\/wp\/v2\/product_cat?post=4042"},{"taxonomy":"product_tag","embeddable":true,"href":"https:\/\/avecobaggie.com\/da\/wp-json\/wp\/v2\/product_tag?post=4042"}],"curies":[{"name":"wp","href":"https:\/\/api.w.org\/{rel}","templated":true}]}}