{"id":4067,"date":"2021-07-01T16:50:31","date_gmt":"2021-07-01T08:50:31","guid":{"rendered":"https:\/\/avecobaggie.com\/?post_type=product&#038;p=4067"},"modified":"2021-07-01T22:21:34","modified_gmt":"2021-07-01T14:21:34","slug":"washable-paper-mini-crossbody-bag-with-leather-strap","status":"publish","type":"product","link":"https:\/\/avecobaggie.com\/da\/product\/washable-paper-mini-crossbody-bag-with-leather-strap\/","title":{"rendered":"Vaskbar mini crossbody-taske i papir med l\u00e6derrem"},"content":{"rendered":"<h4 class=\"p1\">\u00a0Produktfunktioner<\/h4>\n<ul>\n<li><strong>Taske-stil<\/strong>: Cross Body<\/li>\n<li><strong>Materialetype<\/strong>: Dupont Tyrek<\/li>\n<li><strong>Materiale Farve<\/strong>: Brown Color or Custom Color<\/li>\n<li><strong>Taske lagerst\u00f8rrelse<\/strong>: 30X24X15CM<\/li>\n<li><strong>P\u00e5trykt omr\u00e5de<\/strong>: ingen udskrivning eller kan brugerdefineret udskrivning<\/li>\n<li><strong>Plejeinstruktioner<\/strong>: H\u00e5ndvask anbefales, maskinvask er ogs\u00e5 ok, h\u00e6ng til t\u00f8rre.<\/li>\n<\/ul>\n<p><strong>\u00a0 \u00a0 Notes: For cotton or canvas fabric, there will be a slight shrink after washing<\/strong><\/p>","protected":false},"excerpt":{"rendered":"<p>Fashionable,easy to wash,resistant to tear.Eco friendly and Biodegradable.<\/p>","protected":false},"featured_media":4068,"comment_status":"open","ping_status":"closed","template":"","meta":{"_seopress_robots_primary_cat":"none","_seopress_titles_title":"","_seopress_titles_desc":"","_seopress_robots_index":""},"product_brand":[],"product_cat":[100,103,108,109],"product_tag":[136],"class_list":{"0":"post-4067","1":"product","2":"type-product","3":"status-publish","4":"has-post-thumbnail","6":"product_cat-other-creative-bag","7":"product_cat-other-fabric-bag","8":"product_cat-work-school","9":"product_cat-everyday","10":"product_tag-dupont-bag","12":"first","13":"instock","14":"taxable","15":"shipping-taxable","16":"product-type-simple"},"_links":{"self":[{"href":"https:\/\/avecobaggie.com\/da\/wp-json\/wp\/v2\/product\/4067","targetHints":{"allow":["GET"]}}],"collection":[{"href":"https:\/\/avecobaggie.com\/da\/wp-json\/wp\/v2\/product"}],"about":[{"href":"https:\/\/avecobaggie.com\/da\/wp-json\/wp\/v2\/types\/product"}],"replies":[{"embeddable":true,"href":"https:\/\/avecobaggie.com\/da\/wp-json\/wp\/v2\/comments?post=4067"}],"wp:featuredmedia":[{"embeddable":true,"href":"https:\/\/avecobaggie.com\/da\/wp-json\/wp\/v2\/media\/4068"}],"wp:attachment":[{"href":"https:\/\/avecobaggie.com\/da\/wp-json\/wp\/v2\/media?parent=4067"}],"wp:term":[{"taxonomy":"product_brand","embeddable":true,"href":"https:\/\/avecobaggie.com\/da\/wp-json\/wp\/v2\/product_brand?post=4067"},{"taxonomy":"product_cat","embeddable":true,"href":"https:\/\/avecobaggie.com\/da\/wp-json\/wp\/v2\/product_cat?post=4067"},{"taxonomy":"product_tag","embeddable":true,"href":"https:\/\/avecobaggie.com\/da\/wp-json\/wp\/v2\/product_tag?post=4067"}],"curies":[{"name":"wp","href":"https:\/\/api.w.org\/{rel}","templated":true}]}}