{"id":411,"date":"2021-02-01T17:29:16","date_gmt":"2021-02-01T09:29:16","guid":{"rendered":"https:\/\/avecobaggie.com\/?post_type=product&#038;p=411"},"modified":"2025-04-25T15:16:55","modified_gmt":"2025-04-25T07:16:55","slug":"heavy-duty-canvas-yoga-mat-bag","status":"publish","type":"product","link":"https:\/\/avecobaggie.com\/da\/product\/heavy-duty-canvas-yoga-mat-bag\/","title":{"rendered":"Heavy Duty Canvas Yoga Mat Bag"},"content":{"rendered":"<p>Aveco mainly provide customized eco bags with one stop shop solution service.But we also have some basic bag designs in stock so that your can start easily.the stock bags are mostly blank\u00a0 without any prints.If you want to custom, then pls click here: <strong><em><a href=\"https:\/\/avecobaggie.com\/da\/product\/\">custom bags category.<\/a><\/em><\/strong><\/p>\n<p>The yoga mat bag\u00a0 is made with heavy duty canvas material, eco friendly, sustainable.<\/p>\n<h4 class=\"p1\">\u00a0 \u00a0 Produktfunktioner<\/h4>\n<ul>\n<li><strong>Taske-stil<\/strong>: yoga mat bag<\/li>\n<li><strong>Materialetype<\/strong>: L\u00e6rred<\/li>\n<li><strong>Materiale V\u00e6gt<\/strong>: 12oz<\/li>\n<li><strong>Materiale Farve<\/strong>: Naturlig beige<\/li>\n<li><strong>Taske lagerst\u00f8rrelse<\/strong>: 69X16CM<\/li>\n<li><strong>P\u00e5trykt omr\u00e5de<\/strong>: no printing<\/li>\n<li><strong>Lukning<\/strong>: drawstring closure\uff0c It&#8217;s easy to put your mat in the bag and keep it clean and organized.<\/li>\n<li><strong>Plejeinstruktioner<\/strong>: H\u00e5ndvask anbefales, maskinvask er ogs\u00e5 ok, h\u00e6ng til t\u00f8rre.<\/li>\n<\/ul>\n<p><strong>\u00a0 \u00a0 Notes:For cotton or canvas fabric, there will be a slight shrink after washing<\/strong><\/p>","protected":false},"excerpt":{"rendered":"<p>he yoga mat bag\u00a0 is made with heavy duty canvas material, eco friendly, sustainable, easy to carry<\/p>","protected":false},"featured_media":414,"comment_status":"closed","ping_status":"closed","template":"","meta":{"_seopress_robots_primary_cat":"none","_seopress_titles_title":"","_seopress_titles_desc":"","_seopress_robots_index":""},"product_brand":[185],"product_cat":[188,100,102,112],"product_tag":[],"class_list":{"0":"post-411","1":"product","2":"type-product","3":"status-publish","4":"has-post-thumbnail","6":"product_brand-avecobaggie","7":"product_cat-custom-canvas-bag","8":"product_cat-other-creative-bag","9":"product_cat-cotton-canvas-bag","10":"product_cat-sports","12":"first","13":"instock","14":"taxable","15":"shipping-taxable","16":"product-type-simple"},"_links":{"self":[{"href":"https:\/\/avecobaggie.com\/da\/wp-json\/wp\/v2\/product\/411","targetHints":{"allow":["GET"]}}],"collection":[{"href":"https:\/\/avecobaggie.com\/da\/wp-json\/wp\/v2\/product"}],"about":[{"href":"https:\/\/avecobaggie.com\/da\/wp-json\/wp\/v2\/types\/product"}],"replies":[{"embeddable":true,"href":"https:\/\/avecobaggie.com\/da\/wp-json\/wp\/v2\/comments?post=411"}],"wp:featuredmedia":[{"embeddable":true,"href":"https:\/\/avecobaggie.com\/da\/wp-json\/wp\/v2\/media\/414"}],"wp:attachment":[{"href":"https:\/\/avecobaggie.com\/da\/wp-json\/wp\/v2\/media?parent=411"}],"wp:term":[{"taxonomy":"product_brand","embeddable":true,"href":"https:\/\/avecobaggie.com\/da\/wp-json\/wp\/v2\/product_brand?post=411"},{"taxonomy":"product_cat","embeddable":true,"href":"https:\/\/avecobaggie.com\/da\/wp-json\/wp\/v2\/product_cat?post=411"},{"taxonomy":"product_tag","embeddable":true,"href":"https:\/\/avecobaggie.com\/da\/wp-json\/wp\/v2\/product_tag?post=411"}],"curies":[{"name":"wp","href":"https:\/\/api.w.org\/{rel}","templated":true}]}}