{"id":4125,"date":"2021-07-02T11:49:06","date_gmt":"2021-07-02T03:49:06","guid":{"rendered":"https:\/\/avecobaggie.com\/?post_type=product&#038;p=4125"},"modified":"2021-07-02T17:32:04","modified_gmt":"2021-07-02T09:32:04","slug":"stylish-extra-large-school-backpack-for-man","status":"publish","type":"product","link":"https:\/\/avecobaggie.com\/da\/product\/stylish-extra-large-school-backpack-for-man\/","title":{"rendered":"Stylish Extra Large School Backpack for Man"},"content":{"rendered":"<p>Aveco leverer hovedsageligt tilpassede \u00f8koposer med one-stop-shop-l\u00f8sningsservice. Vi har ogs\u00e5 nogle grundl\u00e6ggende former for poser til en nem start som anf\u00f8rt p\u00e5 hjemmesiden for\u00a0\u00a0<a href=\"https:\/\/avecobaggie.com\/da\/product-category\/bags-in-stock\/\"> Tasker p\u00e5 lager <\/a>. de fleste lagerf\u00f8rte poser er blanke uden tryk, s\u00e5 det er lettere for dig at lave et privat logo eller en etiket til dine kunder uden noget minimum.<\/p>\n<p><span class=\"Apple-converted-space\">\u00a0 \u00a0Hvis du vil tilpasse disse \u00f8ko-poser, er det ogs\u00e5 nemt, nogle af poserne er endda med ekstremt lave priser. <\/span>MOQ for tilpassede overflader. Is\u00e6r bomulds- eller l\u00e6rredspose er ekstremt lav ved 100 stykker eller endnu mindre for at st\u00f8tte begyndere, g\u00e5 til <a href=\"https:\/\/avecobaggie.com\/da\/custom-solutions\/\"><strong>TILPASSEDE L\u00d8SNINGER<\/strong><\/a> for at f\u00e5 mere at vide om trin for specialfremstillede tasker.<\/p>\n<p>The Dupont Backpack Is made of TYVEK fabric:<span style=\"font-family: Arial;\">\u00a0the trade name of a non-woven material developed by DuPont, under which a family of strong, long-lasting fabrics is supplied in appearance resembling paper.<\/span><\/p>\n<h3 class=\"p1\"><span style=\"color: #333333;\">Product Features for Brown Washable Craft Paper Dupont Backpack <\/span><\/h3>\n<ul>\n<li><strong>Taske-stil<\/strong>: Dupont Backpack<\/li>\n<li><strong>Materialetype<\/strong>: Tyvek,it&#8217;s durable,very hard to tear,and it is waterproof.also light weighted, and it&#8217;s very easy to fold.The material itself if eco friendly.<\/li>\n<li><strong>Materiale Farve<\/strong>: Natrual Brown Color or other customized color<\/li>\n<li><strong>Taske st\u00f8rrelse<\/strong>: 31X37X11.5CM\uff08 list with popular size, we accept customized size bag \uff09<\/li>\n<li><strong>P\u00e5trykt omr\u00e5de<\/strong>: blank, 1 farve | 2 farver | flere farver | Fuldt tryk, tryk p\u00e5 en side eller to sider<\/li>\n<li><strong>Plejeinstruktioner<\/strong>: H\u00e5ndvask anbefales, maskinvask er ogs\u00e5 ok, h\u00e6ng til t\u00f8rre.<\/li>\n<li><span class=\"a-list-item\">Beautiful and durable:<\/span><span style=\"font-family: Arial;\">retains strength and flexibility at -75 \u00b0C. It begins to shrink at 118 \u00b0C and melts at 135 \u00b0C. Can be washed in the washing machine.<\/span><\/li>\n<\/ul>\n<p>&nbsp;<\/p>","protected":false},"excerpt":{"rendered":"<p><strong><span data-spm-anchor-id=\"2114.12057483.0.i27.78455ac5eyqclA\">Washable\uff0cCan&#8217;t tear apart\uff0cWaterproof and ultra-light material<\/span><\/strong><\/p>","protected":false},"featured_media":4126,"comment_status":"open","ping_status":"closed","template":"","meta":{"_seopress_robots_primary_cat":"none","_seopress_titles_title":"","_seopress_titles_desc":"","_seopress_robots_index":""},"product_brand":[],"product_cat":[98,103,109],"product_tag":[136],"class_list":{"0":"post-4125","1":"product","2":"type-product","3":"status-publish","4":"has-post-thumbnail","6":"product_cat-backpack-bag","7":"product_cat-other-fabric-bag","8":"product_cat-everyday","9":"product_tag-dupont-bag","11":"first","12":"instock","13":"taxable","14":"shipping-taxable","15":"product-type-simple"},"_links":{"self":[{"href":"https:\/\/avecobaggie.com\/da\/wp-json\/wp\/v2\/product\/4125","targetHints":{"allow":["GET"]}}],"collection":[{"href":"https:\/\/avecobaggie.com\/da\/wp-json\/wp\/v2\/product"}],"about":[{"href":"https:\/\/avecobaggie.com\/da\/wp-json\/wp\/v2\/types\/product"}],"replies":[{"embeddable":true,"href":"https:\/\/avecobaggie.com\/da\/wp-json\/wp\/v2\/comments?post=4125"}],"wp:featuredmedia":[{"embeddable":true,"href":"https:\/\/avecobaggie.com\/da\/wp-json\/wp\/v2\/media\/4126"}],"wp:attachment":[{"href":"https:\/\/avecobaggie.com\/da\/wp-json\/wp\/v2\/media?parent=4125"}],"wp:term":[{"taxonomy":"product_brand","embeddable":true,"href":"https:\/\/avecobaggie.com\/da\/wp-json\/wp\/v2\/product_brand?post=4125"},{"taxonomy":"product_cat","embeddable":true,"href":"https:\/\/avecobaggie.com\/da\/wp-json\/wp\/v2\/product_cat?post=4125"},{"taxonomy":"product_tag","embeddable":true,"href":"https:\/\/avecobaggie.com\/da\/wp-json\/wp\/v2\/product_tag?post=4125"}],"curies":[{"name":"wp","href":"https:\/\/api.w.org\/{rel}","templated":true}]}}