{"id":4727,"date":"2021-10-15T14:43:58","date_gmt":"2021-10-15T06:43:58","guid":{"rendered":"https:\/\/avecobaggie.com\/?post_type=product&#038;p=4727"},"modified":"2022-09-05T11:02:32","modified_gmt":"2022-09-05T03:02:32","slug":"black-nylon-non-woven-bag","status":"publish","type":"product","link":"https:\/\/avecobaggie.com\/da\/product\/black-nylon-non-woven-bag\/","title":{"rendered":"Sort nylon non-woven taske"},"content":{"rendered":"<p>Har du f\u00f8lt dig generet, n\u00e5r du har v\u00e6ret ude at k\u00f8be sm\u00e5ting, men ikke har nogen passende taske at tage med?<br \/>\nStandardtasken er for stor til 2 kartofler, men ingen taske kan rumme flere kartofler.<br \/>\nHvorfor ikke putte nylonposer i din daglige taske?<br \/>\nDen er sammenklappelig og let, s\u00e5 man kan gemme den i tasken, hvis man ikke har brug for den.<br \/>\nP\u00e5 grund af materialet og produktionsprocessen vil prisen p\u00e5 ikke-v\u00e6vede poser v\u00e6re lavere end naturlige bomulds-, linned- og juteposer.<br \/>\nSom indk\u00f8bspose kan den s\u00e6lges som en kombination, for eksempel 10 stk. eller 20 stk. med forskellige oplysninger, der hj\u00e6lper brugerne med at genkende.<\/p>\n<p>&nbsp;<\/p>\n<p>&nbsp;<\/p>\n<p>PRODUKTETS EGENSKABER<\/p>\n<ul>\n<li><strong>Taske-stil<\/strong>: Ikke-v\u00e6vet nylonpose<\/li>\n<li><strong>Materialetype<\/strong>: 65gsm ikke-v\u00e6vet<\/li>\n<li><strong>Materiale Farve<\/strong>: Sort, vi kan tilpasse andre Pantone-farver<\/li>\n<li><strong>Taske st\u00f8rrelse<\/strong>: 30X20CM (liste med standardst\u00f8rrelse, vi accepterer tilpasset st\u00f8rrelse taske)<\/li>\n<li><strong>P\u00e5trykt omr\u00e5de<\/strong>: 1 farve | 2 farver | flere farver | Fuldt tryk, tryk p\u00e5 en side eller to sider<\/li>\n<li><strong>Plejeinstruktioner<\/strong>: M\u00e5 kun vaskes i h\u00e5nden.<\/li>\n<\/ul>","protected":false},"excerpt":{"rendered":"<p>Foldbare ikke-v\u00e6vede nylonposer har samme form som nylonposer af plast,<br \/>\nmen det kan genbruges, genanvendes og nedbrydes.<\/p>","protected":false},"featured_media":4728,"comment_status":"open","ping_status":"closed","template":"","meta":{"_seopress_robots_primary_cat":"none","_seopress_titles_title":"Black nylon non-woven bag","_seopress_titles_desc":"","_seopress_robots_index":""},"product_brand":[],"product_cat":[29,105,109],"product_tag":[139],"class_list":{"0":"post-4727","1":"product","2":"type-product","3":"status-publish","4":"has-post-thumbnail","6":"product_cat-tote-bag","7":"product_cat-non-woven-bag","8":"product_cat-everyday","9":"product_tag-non-woven-bag","11":"first","12":"instock","13":"taxable","14":"shipping-taxable","15":"product-type-simple"},"_links":{"self":[{"href":"https:\/\/avecobaggie.com\/da\/wp-json\/wp\/v2\/product\/4727","targetHints":{"allow":["GET"]}}],"collection":[{"href":"https:\/\/avecobaggie.com\/da\/wp-json\/wp\/v2\/product"}],"about":[{"href":"https:\/\/avecobaggie.com\/da\/wp-json\/wp\/v2\/types\/product"}],"replies":[{"embeddable":true,"href":"https:\/\/avecobaggie.com\/da\/wp-json\/wp\/v2\/comments?post=4727"}],"wp:featuredmedia":[{"embeddable":true,"href":"https:\/\/avecobaggie.com\/da\/wp-json\/wp\/v2\/media\/4728"}],"wp:attachment":[{"href":"https:\/\/avecobaggie.com\/da\/wp-json\/wp\/v2\/media?parent=4727"}],"wp:term":[{"taxonomy":"product_brand","embeddable":true,"href":"https:\/\/avecobaggie.com\/da\/wp-json\/wp\/v2\/product_brand?post=4727"},{"taxonomy":"product_cat","embeddable":true,"href":"https:\/\/avecobaggie.com\/da\/wp-json\/wp\/v2\/product_cat?post=4727"},{"taxonomy":"product_tag","embeddable":true,"href":"https:\/\/avecobaggie.com\/da\/wp-json\/wp\/v2\/product_tag?post=4727"}],"curies":[{"name":"wp","href":"https:\/\/api.w.org\/{rel}","templated":true}]}}