{"id":7501,"date":"2022-11-07T11:00:53","date_gmt":"2022-11-07T03:00:53","guid":{"rendered":"https:\/\/avecobaggie.com\/?post_type=product&#038;p=7501"},"modified":"2022-11-07T11:20:37","modified_gmt":"2022-11-07T03:20:37","slug":"natural-canvas-bag-blank-cotton-carry-on-bag","status":"publish","type":"product","link":"https:\/\/avecobaggie.com\/da\/product\/natural-canvas-bag-blank-cotton-carry-on-bag\/","title":{"rendered":"Naturlig l\u00e6rredstaske i blank bomuld til h\u00e5ndbagage"},"content":{"rendered":"<h4 class=\"p1\">\u00a0Produktfunktioner<\/h4>\n<ul>\n<li><strong>Taske-stil<\/strong>: Tasker<\/li>\n<li><strong>Materialetype<\/strong>: L\u00e6rred , Bomuld<\/li>\n<li><strong>Materiale Farve<\/strong>: Brugerdefineret farve<\/li>\n<li><strong>Taske lagerst\u00f8rrelse<\/strong>: 30*30cm, tilpas st\u00f8rrelse<\/li>\n<li><strong>P\u00e5trykt omr\u00e5de<\/strong>: ingen udskrivning eller kan brugerdefineret udskrivning<\/li>\n<li><strong>Plejeinstruktioner<\/strong>: H\u00e5ndvask anbefales, maskinvask er ogs\u00e5 ok, h\u00e6ng til t\u00f8rre.<\/li>\n<\/ul>","protected":false},"excerpt":{"rendered":"<p>Stilfuld l\u00e6rredstaske med en udvendig lomme, der er nem at l\u00e6gge sm\u00e5 ting i. Lynl\u00e5slukning i toppen, s\u00e5 du er sikker.popul\u00e6r i formen og uds\u00f8gt i udf\u00f8relsen.nem at tilpasse logo og m\u00f8nstertryk.<\/p>","protected":false},"featured_media":7506,"comment_status":"open","ping_status":"closed","template":"","meta":{"_seopress_robots_primary_cat":"none","_seopress_titles_title":"","_seopress_titles_desc":"","_seopress_robots_index":""},"product_brand":[],"product_cat":[29,100,102],"product_tag":[],"class_list":{"0":"post-7501","1":"product","2":"type-product","3":"status-publish","4":"has-post-thumbnail","6":"product_cat-tote-bag","7":"product_cat-other-creative-bag","8":"product_cat-cotton-canvas-bag","10":"first","11":"instock","12":"taxable","13":"shipping-taxable","14":"product-type-simple"},"_links":{"self":[{"href":"https:\/\/avecobaggie.com\/da\/wp-json\/wp\/v2\/product\/7501","targetHints":{"allow":["GET"]}}],"collection":[{"href":"https:\/\/avecobaggie.com\/da\/wp-json\/wp\/v2\/product"}],"about":[{"href":"https:\/\/avecobaggie.com\/da\/wp-json\/wp\/v2\/types\/product"}],"replies":[{"embeddable":true,"href":"https:\/\/avecobaggie.com\/da\/wp-json\/wp\/v2\/comments?post=7501"}],"wp:featuredmedia":[{"embeddable":true,"href":"https:\/\/avecobaggie.com\/da\/wp-json\/wp\/v2\/media\/7506"}],"wp:attachment":[{"href":"https:\/\/avecobaggie.com\/da\/wp-json\/wp\/v2\/media?parent=7501"}],"wp:term":[{"taxonomy":"product_brand","embeddable":true,"href":"https:\/\/avecobaggie.com\/da\/wp-json\/wp\/v2\/product_brand?post=7501"},{"taxonomy":"product_cat","embeddable":true,"href":"https:\/\/avecobaggie.com\/da\/wp-json\/wp\/v2\/product_cat?post=7501"},{"taxonomy":"product_tag","embeddable":true,"href":"https:\/\/avecobaggie.com\/da\/wp-json\/wp\/v2\/product_tag?post=7501"}],"curies":[{"name":"wp","href":"https:\/\/api.w.org\/{rel}","templated":true}]}}